{"id":383,"date":"2025-12-17T03:00:42","date_gmt":"2025-12-17T03:00:42","guid":{"rendered":"https:\/\/camelbackchain.com\/?page_id=383"},"modified":"2025-12-19T07:20:29","modified_gmt":"2025-12-19T07:20:29","slug":"home","status":"publish","type":"page","link":"https:\/\/camelbackchain.com\/fr\/","title":{"rendered":"Maison"},"content":{"rendered":"<p>[et_pb_section fb_built=”1″ admin_label=”Header” _builder_version=”4.25.1″ _module_preset=”default” background_color=”gcid-695690f7-1400-435d-ab5d-81e5d8a43692″ overflow-x=”hidden” overflow-y=”hidden” collapsed=”on” global_colors_info=”{%22gcid-695690f7-1400-435d-ab5d-81e5d8a43692%22:%91%22background_color%22%93}”][et_pb_row column_structure=”1_2,1_4,1_4″ _builder_version=”4.25.1″ _module_preset=”default” custom_padding=”200px||||false|false” global_colors_info=”{}”][et_pb_column type=”1_2″ _builder_version=”4.25.1″ _module_preset=”default” background_color=”#FFFFFF” z_index=”10″ custom_padding=”10%|5%|10%|5%|true|true” custom_padding_tablet=”0%||0%||true|false” custom_padding_phone=”0%||0%||true|false” custom_padding_last_edited=”on|desktop” box_shadow_style=”preset4″ box_shadow_horizontal=”-200px” box_shadow_vertical=”-90px” box_shadow_color=”gcid-49867634-93e9-4875-ba57-768929494fb1″ global_colors_info=”{%22gcid-672c49ec-b8cc-4f22-a785-dec4ee1498c5%22:%91%22button_text_color%22,%22button_border_color%22,%22button_bg_color__hover%22,%22link_text_color%22,%22quote_text_color%22,%22quote_border_color%22,%22link_text_color%22,%22quote_text_color%22,%22quote_border_color%22%93,%22gcid-heading-color%22:%91%22body_text_color%22%93,%22gcid-0ec00ca9-ec06-4784-a057-5ece2d56f250%22:%91%22header_text_color%22%93,%22gcid-49867634-93e9-4875-ba57-768929494fb1%22:%91%22box_shadow_color%22%93}”][et_pb_heading title=”UK camelbackchain.com Co.,Ltd” _builder_version=”4.27.5″ _module_preset=”cc345c4e-5888-47b3-87bf-8f851bff1ed0″ title_text_color=”gcid-672c49ec-b8cc-4f22-a785-dec4ee1498c5″ global_colors_info=”{%22gcid-672c49ec-b8cc-4f22-a785-dec4ee1498c5%22:%91%22title_text_color%22%93}”][\/et_pb_heading][et_pb_heading title=”Camelback Chain” _builder_version=”4.27.5″ _module_preset=”a5700051-c416-4fa1-8baa-c29acdd8743e” title_level=”h1″ global_colors_info=”{}”][\/et_pb_heading][et_pb_divider color=”gcid-49867634-93e9-4875-ba57-768929494fb1″ _builder_version=”4.25.1″ _module_preset=”default” height=”1px” global_colors_info=”{%22gcid-49867634-93e9-4875-ba57-768929494fb1%22:%91%22color%22%93}”][\/et_pb_divider][et_pb_text _builder_version=”4.27.5″ _module_preset=”4a45f59f-b8f6-4b41-a03a-e9b061b1245d” text_font_size=”13px” global_colors_info=”{}” width__hover_enabled=”on|desktop”]<\/p>\n<p>Cha\u00eenes industrielles durables et de haute qualit\u00e9 pour tous vos besoins<\/p>\n<p>[\/et_pb_text][\/et_pb_column][et_pb_column type=”1_4″ _builder_version=”4.25.1″ _module_preset=”default” global_colors_info=”{}”][et_pb_image src=”https:\/\/camelbackchain.com\/wp-content\/uploads\/2025\/12\/ep-camelbackchain-4-1.webp” alt=”Camelback Chain” title_text=”ep-camelbackchain-4-1″ _builder_version=”4.27.5″ _module_preset=”default” custom_margin=”-200px|-100%||-90%|false|false” animation_style=”fade” animation_duration=”500ms” locked=”off” global_colors_info=”{}”][\/et_pb_image][\/et_pb_column][et_pb_column type=”1_4″ _builder_version=”4.25.1″ _module_preset=”default” global_colors_info=”{}”][et_pb_image src=”https:\/\/camelbackchain.com\/wp-content\/uploads\/2025\/12\/ep-camelbackchain-2-1.webp” alt=”Camelback Chain” title_text=”ep-camelbackchain-2-1″ _builder_version=”4.27.5″ _module_preset=”default” transform_translate=”54%|0px” transform_translate_linked=”off” custom_margin=”|-70%|||false|false” animation_style=”fade” locked=”off” global_colors_info=”{}”][\/et_pb_image][\/et_pb_column][\/et_pb_row][\/et_pb_section][et_pb_section fb_built=”1″ admin_label=”About” _builder_version=”4.25.1″ _module_preset=”default” background_color=”gcid-695690f7-1400-435d-ab5d-81e5d8a43692″ collapsed=”on” global_colors_info=”{%22gcid-695690f7-1400-435d-ab5d-81e5d8a43692%22:%91%22background_color%22%93}”][et_pb_row column_structure=”1_2,1_2″ _builder_version=”4.27.5″ _module_preset=”default” global_colors_info=”{}”][et_pb_column type=”1_2″ _builder_version=”4.27.5″ _module_preset=”default” global_colors_info=”{}”][et_pb_text _builder_version=”4.27.5″ _module_preset=”default” text_font=”Cormorant Garamond||||||||” text_text_color=”#000000″ text_font_size=”27px” text_line_height=”1.3em” global_colors_info=”{}”]<\/p>\n<p style=\"text-align: left;\">Bienvenue sur <strong>UK camelbackchain.com Co.,Ltd<\/strong>Camelback Chain, votre fournisseur de confiance de cha\u00eenes de v\u00e9lo haute performance con\u00e7ues pour les cyclistes exigeants en mati\u00e8re de durabilit\u00e9, de pr\u00e9cision et de performance. Notre gamme comprend la meilleure cha\u00eene Camelback pour VTT, v\u00e9los de route et bien plus encore. Que vous soyez cycliste amateur ou professionnel, Camelback Chain s'engage \u00e0 vous fournir des produits fiables pour vous permettre d'atteindre l'excellence.<\/p>\n<p>[\/et_pb_text][\/et_pb_column][et_pb_column type=”1_2″ _builder_version=”4.27.5″ _module_preset=”default” global_colors_info=”{}”][et_pb_image src=”https:\/\/camelbackchain.com\/wp-content\/uploads\/2025\/12\/ep-camelbackchain-certification.webp” alt=”Certification” title_text=”ep-camelbackchain-certification” _builder_version=”4.27.5″ _module_preset=”default” custom_margin=”66px||||false|false” global_colors_info=”{}”][\/et_pb_image][\/et_pb_column][\/et_pb_row][\/et_pb_section][et_pb_section fb_built=”1″ admin_label=”About” _builder_version=”4.25.1″ _module_preset=”default” background_color=”gcid-695690f7-1400-435d-ab5d-81e5d8a43692″ collapsed=”on” global_colors_info=”{%22gcid-695690f7-1400-435d-ab5d-81e5d8a43692%22:%91%22background_color%22%93}”][et_pb_row column_structure=”1_2,1_2″ _builder_version=”4.27.5″ _module_preset=”default” global_colors_info=”{}”][et_pb_column type=”1_2″ _builder_version=”4.27.5″ _module_preset=”default” global_colors_info=”{}”][et_pb_image src=”https:\/\/camelbackchain.com\/wp-content\/uploads\/2025\/12\/ep-camelbackchain-2-1.webp” alt=”Camelback Chain” title_text=”ep-camelbackchain-2-1″ _builder_version=”4.27.5″ _module_preset=”default” custom_margin=”33px|||-20%|false|false” custom_margin_tablet=”|||0%|false|false” custom_margin_phone=”|||0%|false|false” custom_margin_last_edited=”on|tablet” global_colors_info=”{}”][\/et_pb_image][\/et_pb_column][et_pb_column type=”1_2″ _builder_version=”4.27.5″ _module_preset=”default” global_colors_info=”{}”][et_pb_heading title=”Why Choose Our Camelback Chain for Your Bicycle?” _builder_version=”4.27.5″ _module_preset=”a5700051-c416-4fa1-8baa-c29acdd8743e” title_font_size=”40px” custom_margin=”||10px||false|false” locked=”off” global_colors_info=”{}”][\/et_pb_heading][et_pb_text _builder_version=”4.27.5″ _module_preset=”c1cf2279-06e9-4e88-88bf-e082e9417f61″ locked=”off” global_colors_info=”{}”]<\/p>\n<p data-start=\"767\" data-end=\"1071\">Chez UK camelbackchain.com Co., Ltd, nous savons qu'une cha\u00eene de v\u00e9lo durable et performante est essentielle pour un confort de conduite optimal. Nous sommes fiers de fabriquer les meilleures cha\u00eenes Camelback pour VTT, capables de r\u00e9sister aux terrains difficiles, aux longues sorties et aux conditions extr\u00eames. Nos cha\u00eenes de v\u00e9lo robustes offrent\u00a0:<\/p>\n<ul data-start=\"1073\" data-end=\"1469\">\n<li data-start=\"1073\" data-end=\"1203\">\n<p data-start=\"1075\" data-end=\"1203\">Durabilit\u00e9 in\u00e9gal\u00e9e\u00a0: les cha\u00eenes Camelback sont con\u00e7ues pour durer, gr\u00e2ce \u00e0 des mat\u00e9riaux de haute qualit\u00e9 et des techniques de fabrication avanc\u00e9es.<\/p>\n<\/li>\n<li data-start=\"1204\" data-end=\"1332\">\n<p data-start=\"1206\" data-end=\"1332\">Performances de pr\u00e9cision : Chaque cha\u00eene Camelback est con\u00e7ue pour un changement de vitesse fluide, une vitesse \u00e9lev\u00e9e et un transfert de puissance durable.<\/p>\n<\/li>\n<li data-start=\"1333\" data-end=\"1469\">\n<p data-start=\"1335\" data-end=\"1469\">R\u00e9sistance \u00e0 la corrosion : Nos cha\u00eenes sont r\u00e9sistantes \u00e0 la rouille et \u00e0 la corrosion, ce qui leur assure une dur\u00e9e de vie plus longue m\u00eame dans des conditions climatiques difficiles.<\/p>\n<\/li>\n<\/ul>\n<p>[\/et_pb_text][et_pb_button button_url=”https:\/\/camelbackchain.com\/about-us\/” button_text=”About Me” _builder_version=”4.27.5″ _module_preset=”0ae533a1-6de7-4a1b-a77b-99fe583dd07c” global_colors_info=”{}”][\/et_pb_button][\/et_pb_column][\/et_pb_row][\/et_pb_section][et_pb_section fb_built=”1″ admin_label=”Service” _builder_version=”4.25.1″ _module_preset=”default” background_color=”gcid-695690f7-1400-435d-ab5d-81e5d8a43692″ collapsed=”on” global_colors_info=”{%22gcid-695690f7-1400-435d-ab5d-81e5d8a43692%22:%91%22background_color%22%93}”][et_pb_row _builder_version=”4.27.5″ _module_preset=”default” global_colors_info=”{}”][et_pb_column type=”4_4″ _builder_version=”4.27.5″ _module_preset=”default” global_colors_info=”{}”][et_pb_text _builder_version=”4.27.5″ _module_preset=”default” header_2_font=”Cormorant Garamond||||||||” header_2_font_size=”61px” global_colors_info=”{}”]<\/p>\n<h2 style=\"text-align: center;\">Nos produits<\/h2>\n<p>[\/et_pb_text][et_pb_shop _builder_version=”4.27.5″ _module_preset=”default” global_colors_info=”{}”][\/et_pb_shop][\/et_pb_column][\/et_pb_row][\/et_pb_section][et_pb_section fb_built=”1″ admin_label=”Guide” _builder_version=”4.25.1″ _module_preset=”default” background_color=”gcid-695690f7-1400-435d-ab5d-81e5d8a43692″ collapsed=”on” global_colors_info=”{%22gcid-695690f7-1400-435d-ab5d-81e5d8a43692%22:%91%22background_color%22%93}”][et_pb_row _builder_version=”4.25.1″ _module_preset=”default” global_colors_info=”{}”][et_pb_column type=”4_4″ _builder_version=”4.25.1″ _module_preset=”default” global_colors_info=”{}”][et_pb_image src=”https:\/\/camelbackchain.com\/wp-content\/uploads\/2025\/12\/ep-camelbackchain-1-1.webp” alt=”Camelback Chain” title_text=”ep-camelbackchain-1-1″ _builder_version=”4.27.5″ _module_preset=”default” global_colors_info=”{}”][\/et_pb_image][\/et_pb_column][\/et_pb_row][et_pb_row column_structure=”1_3,1_3,1_3″ _builder_version=”4.25.1″ _module_preset=”default” global_colors_info=”{}”][et_pb_column type=”1_3″ _builder_version=”4.25.1″ _module_preset=”default” global_colors_info=”{}”][et_pb_heading title=”Exceptional Durability &#038; Strength” _builder_version=”4.27.5″ _module_preset=”39b58180-dc8f-4fb0-9c0e-1c64b5ca4446″ title_font_size=”22px” custom_margin=”||10px||false|false” title_text_shadow_style=”preset1″ locked=”off” global_colors_info=”{}”][\/et_pb_heading][et_pb_text _builder_version=”4.27.5″ _module_preset=”c1cf2279-06e9-4e88-88bf-e082e9417f61″ locked=”off” global_colors_info=”{}”]<\/p>\n<p>Nos cha\u00eenes sont con\u00e7ues pour durer, fabriqu\u00e9es avec des mat\u00e9riaux haut de gamme qui r\u00e9sistent \u00e0 l'usure extr\u00eame. Que vous travailliez dans des environnements \u00e0 fort impact ou sous de lourdes charges, les cha\u00eenes Camelback vous offrent une performance durable et une tranquillit\u00e9 d'esprit absolue.<\/p>\n<p>[\/et_pb_text][\/et_pb_column][et_pb_column type=”1_3″ _builder_version=”4.25.1″ _module_preset=”default” global_colors_info=”{}”][et_pb_heading title=”Customized Solutions ” _builder_version=”4.27.5″ _module_preset=”39b58180-dc8f-4fb0-9c0e-1c64b5ca4446″ title_font_size=”22px” custom_margin=”||10px||false|false” title_text_shadow_style=”preset1″ locked=”off” global_colors_info=”{}”][\/et_pb_heading][et_pb_text _builder_version=”4.27.5″ _module_preset=”c1cf2279-06e9-4e88-88bf-e082e9417f61″ locked=”off” global_colors_info=”{}”]<\/p>\n<p>Chaque secteur d'activit\u00e9 est unique, et ses exigences en mati\u00e8re de cha\u00eenes d'approvisionnement le sont tout autant. Camelback Chain propose des solutions sur mesure, con\u00e7ues sp\u00e9cifiquement pour r\u00e9pondre aux besoins uniques de votre entreprise, garantissant ainsi une efficacit\u00e9, une performance et une s\u00e9curit\u00e9 optimales.<\/p>\n<p>[\/et_pb_text][\/et_pb_column][et_pb_column type=”1_3″ _builder_version=”4.25.1″ _module_preset=”default” global_colors_info=”{}”][et_pb_heading title=”Eco-Friendly Manufacturing” _builder_version=”4.27.5″ _module_preset=”39b58180-dc8f-4fb0-9c0e-1c64b5ca4446″ title_font_size=”22px” custom_margin=”||10px||false|false” title_text_shadow_style=”preset1″ locked=”off” global_colors_info=”{}”][\/et_pb_heading][et_pb_text _builder_version=”4.27.5″ _module_preset=”c1cf2279-06e9-4e88-88bf-e082e9417f61″ locked=”off” global_colors_info=”{}”]<\/p>\n<p>Nous croyons au d\u00e9veloppement durable et \u00e0 la r\u00e9duction de notre impact environnemental. Nos cha\u00eenes sont fabriqu\u00e9es selon des m\u00e9thodes \u00e9coresponsables, depuis l'approvisionnement responsable en mati\u00e8res premi\u00e8res jusqu'\u00e0 la minimisation des d\u00e9chets de production. Nous nous engageons pour un avenir plus vert et plus propre pour les industries que nous servons.<\/p>\n<p>[\/et_pb_text][\/et_pb_column][\/et_pb_row][\/et_pb_section][et_pb_section fb_built=”1″ admin_label=”Testimonials” _builder_version=”4.25.1″ _module_preset=”default” background_color=”gcid-695690f7-1400-435d-ab5d-81e5d8a43692″ collapsed=”on” global_colors_info=”{%22gcid-695690f7-1400-435d-ab5d-81e5d8a43692%22:%91%22background_color%22%93}”][et_pb_row _builder_version=”4.25.1″ _module_preset=”default” max_width=”1440px” global_colors_info=”{}”][et_pb_column type=”4_4″ _builder_version=”4.25.1″ _module_preset=”default” global_colors_info=”{}”][et_pb_text _builder_version=”4.27.5″ _module_preset=”default” header_font_size=”41px” header_2_font=”Cormorant Garamond||||||||” header_2_text_color=”#C55F0D” header_2_font_size=”35px” global_colors_info=”{}”]<\/p>\n<h2 style=\"text-align: center;\"><strong>Avis sur les cha\u00eenes de v\u00e9lo Camelback<\/strong><\/h2>\n<p>[\/et_pb_text][et_pb_slider arrows_custom_color=”gcid-672c49ec-b8cc-4f22-a785-dec4ee1498c5″ dot_nav_custom_color=”gcid-672c49ec-b8cc-4f22-a785-dec4ee1498c5″ _builder_version=”4.27.5″ _module_preset=”default” header_font=”Cormorant Garamond|500|||||||” header_text_color=”gcid-0ec00ca9-ec06-4784-a057-5ece2d56f250″ header_font_size=”54px” header_line_height=”1.2em” body_font=”Inter|700||on|||||” body_text_color=”gcid-672c49ec-b8cc-4f22-a785-dec4ee1498c5″ body_letter_spacing=”0.08em” body_line_height=”1.8em” background_color=”RGBA(255,255,255,0)” custom_button=”on” button_text_size=”14px” button_text_color=”#FFFFFF” button_bg_color=”#666666″ button_border_width=”0px” button_border_radius=”0px” button_letter_spacing=”0.06em” button_font=”|600||on|||||” button_icon=”||fa||900″ button_on_hover=”off” button_custom_padding=”12px|40px|12px|24px|true|false” custom_margin=”-77px||||false|false” custom_padding=”80px||80px||true|false” header_font_size_tablet=”32px” header_font_size_phone=”22px” header_font_size_last_edited=”on|desktop” text_shadow_style=”preset3″ text_shadow_color=”RGBA(255,255,255,0)” locked=”off” global_colors_info=”{%22gcid-heading-color%22:%91%22button_bg_color%22,%22button_bg_color%22,%22button_bg_color%22%93,%22gcid-0ec00ca9-ec06-4784-a057-5ece2d56f250%22:%91%22button_bg_color__hover%22,%22header_text_color%22%93,%22gcid-695690f7-1400-435d-ab5d-81e5d8a43692%22:%91%22border_color_all%22,%22border_color_all_fields%22%93,%22gcid-672c49ec-b8cc-4f22-a785-dec4ee1498c5%22:%91%22link_text_color%22,%22quote_text_color%22,%22quote_border_color%22,%22body_text_color%22,%22arrows_custom_color%22,%22dot_nav_custom_color%22%93}” button_bg_color__hover=”#333333″ button_bg_color__hover_enabled=”on|hover”][et_pb_slide heading=”%22We\u2019ve been using Camelback Chain for the last two years, and the difference is clear. Their chains last significantly longer than what we were using before, and the performance is top-notch. Our equipment runs smoother, and downtime has been reduced by 25%. It\u2019s great to have a reliable partner like Camelback Chain in our supply chain.%22″ _builder_version=”4.27.5″ _module_preset=”default” header_font_size=”38px” locked=”off” global_colors_info=”{}” sticky_transition=”on”]<\/p>\n<p>John M. \u2013 Fabricant de mat\u00e9riel agricole<\/p>\n<p>[\/et_pb_slide][et_pb_slide heading=”%22As a logistics company, we need chains that can handle heavy-duty operations without fail. Camelback Chain exceeded our expectations. The durability and performance of their products have made a huge difference in reducing operational disruptions. The custom solutions they provided fit our needs perfectly, and we\u2019ve seen a noticeable improvement in efficiency.%22″ _builder_version=”4.27.5″ _module_preset=”default” header_font_size=”38px” locked=”off” global_colors_info=”{}” sticky_transition=”on”]<\/p>\n<p>Sarah L. \u2013 Responsable logistique<\/p>\n<p>[\/et_pb_slide][et_pb_slide heading=”%22We\u2019ve worked with many chain suppliers over the years, but none compare to Camelback Chain. Their products are built to last, and their customer service is second to none. Whenever we\u2019ve had a specific challenge, they\u2019ve been quick to offer solutions that work for our production lines. We rely on them for all of our industrial chain needs.%22″ _builder_version=”4.27.5″ _module_preset=”default” header_font_size=”38px” locked=”off” global_colors_info=”{}” sticky_transition=”on”]<\/p>\n<p>Mark W. \u2013 Constructeur automobile<\/p>\n<p>[\/et_pb_slide][et_pb_slide heading=”%22In mining, durability is everything, and Camelback Chain truly delivers. Their chains are able to withstand the extreme conditions of our operations, and we\u2019ve noticed a dramatic decrease in the frequency of breakdowns and maintenance calls. These chains have definitely improved our efficiency and reduced downtime.%22″ _builder_version=”4.27.5″ _module_preset=”default” header_font_size=”38px” locked=”off” global_colors_info=”{}” sticky_transition=”on”]<\/p>\n<p>Emily T. \u2013 Superviseure des op\u00e9rations mini\u00e8res<\/p>\n<p>[\/et_pb_slide][et_pb_slide heading=”%22Camelback Chain has been a fantastic partner for our energy production needs. The reliability and customization they offer have been crucial to our operations. Their commitment to quality and customer satisfaction makes them stand out in the industry.%22″ _builder_version=”4.27.5″ _module_preset=”default” header_font_size=”38px” locked=”off” global_colors_info=”{}” sticky_transition=”on”]<\/p>\n<p>Jason B. \u2013 Professionnel du secteur de l'\u00e9nergie<\/p>\n<p>[\/et_pb_slide][\/et_pb_slider][\/et_pb_column][\/et_pb_row][et_pb_row _builder_version=”4.27.5″ _module_preset=”default” global_colors_info=”{}”][et_pb_column type=”4_4″ _builder_version=”4.27.5″ _module_preset=”default” global_colors_info=”{}”][et_pb_post_slider _builder_version=”4.27.5″ _module_preset=”default” background_color=”#E06100″ global_colors_info=”{}”][\/et_pb_post_slider][\/et_pb_column][\/et_pb_row][\/et_pb_section][et_pb_section fb_built=”1″ admin_label=”Footer” _builder_version=”4.25.1″ _module_preset=”default” background_color=”gcid-096a3b95-3143-414b-96db-c5cca7103179″ saved_tabs=”all” collapsed=”on” global_colors_info=”{%22gcid-096a3b95-3143-414b-96db-c5cca7103179%22:%91%22background_color%22%93}”][et_pb_row column_structure=”3_5,2_5″ _builder_version=”4.25.1″ _module_preset=”default” global_colors_info=”{}”][et_pb_column type=”3_5″ _builder_version=”4.25.1″ _module_preset=”default” global_colors_info=”{}”][et_pb_heading title=”UK camelbackchain.com Co.,Ltd” _builder_version=”4.27.5″ _module_preset=”cc345c4e-5888-47b3-87bf-8f851bff1ed0″ title_text_color=”gcid-672c49ec-b8cc-4f22-a785-dec4ee1498c5″ locked=”off” global_colors_info=”{%22gcid-672c49ec-b8cc-4f22-a785-dec4ee1498c5%22:%91%22title_text_color%22%93}”][\/et_pb_heading][et_pb_text _builder_version=”4.27.5″ _module_preset=”default” text_font=”Cormorant Garamond||||||||” text_text_color=”#DFB758″ text_font_size=”24px” global_colors_info=”{}”]<\/p>\n<p><a href=\"mailto:mail%20to sales@camelbackchain.com\">sales@camelbackchain.com<\/a><\/p>\n<p>[\/et_pb_text][et_pb_heading title=”Ready to experience the Camelback difference? Contact us today for a consultation, and discover how our high-quality industrial chains can optimize your operations. Whether you’re in agriculture, manufacturing, or logistics, we’re here to provide the reliable solutions you need.” _builder_version=”4.27.5″ _module_preset=”39b58180-dc8f-4fb0-9c0e-1c64b5ca4446″ title_text_color=”#FFFFFF” custom_margin=”||10px||false|false” locked=”off” global_colors_info=”{}”][\/et_pb_heading][\/et_pb_column][et_pb_column type=”2_5″ _builder_version=”4.25.1″ _module_preset=”default” global_colors_info=”{}”][et_pb_image src=”https:\/\/camelbackchain.com\/wp-content\/uploads\/2025\/12\/ep-camelbackchain-3-1.webp” alt=”Camelback Chain” title_text=”ep-camelbackchain-3-1″ _builder_version=”4.27.5″ _module_preset=”default” global_colors_info=”{}”][\/et_pb_image][\/et_pb_column][\/et_pb_row][\/et_pb_section]<\/p>","protected":false},"excerpt":{"rendered":"<p>Durable &amp; High-Quality Industrial Chains for Every NeedWelcome to UK camelbackchain.com Co.,Ltd, your trusted source for high-performance bicycle chains designed for cyclists who demand durability, precision, and top-tier performance. Our product line includes the best Camelback chain for mountain bikes, road bikes, and more. Whether you’re an amateur cyclist or a professional racer, Camelback Chain [&hellip;]<\/p>","protected":false},"author":1,"featured_media":0,"parent":0,"menu_order":0,"comment_status":"closed","ping_status":"closed","template":"","meta":{"_et_pb_use_builder":"on","_et_pb_old_content":"","_et_gb_content_width":"","footnotes":""},"class_list":["post-383","page","type-page","status-publish","hentry"],"_links":{"self":[{"href":"https:\/\/camelbackchain.com\/fr\/wp-json\/wp\/v2\/pages\/383","targetHints":{"allow":["GET"]}}],"collection":[{"href":"https:\/\/camelbackchain.com\/fr\/wp-json\/wp\/v2\/pages"}],"about":[{"href":"https:\/\/camelbackchain.com\/fr\/wp-json\/wp\/v2\/types\/page"}],"author":[{"embeddable":true,"href":"https:\/\/camelbackchain.com\/fr\/wp-json\/wp\/v2\/users\/1"}],"replies":[{"embeddable":true,"href":"https:\/\/camelbackchain.com\/fr\/wp-json\/wp\/v2\/comments?post=383"}],"version-history":[{"count":26,"href":"https:\/\/camelbackchain.com\/fr\/wp-json\/wp\/v2\/pages\/383\/revisions"}],"predecessor-version":[{"id":614,"href":"https:\/\/camelbackchain.com\/fr\/wp-json\/wp\/v2\/pages\/383\/revisions\/614"}],"wp:attachment":[{"href":"https:\/\/camelbackchain.com\/fr\/wp-json\/wp\/v2\/media?parent=383"}],"curies":[{"name":"wp","href":"https:\/\/api.w.org\/{rel}","templated":true}]}}