{"id":639,"date":"2025-12-19T07:55:38","date_gmt":"2025-12-19T07:55:38","guid":{"rendered":"https:\/\/camelbackchain.com\/?post_type=product&#038;p=639"},"modified":"2025-12-22T07:57:28","modified_gmt":"2025-12-22T07:57:28","slug":"side-bow-chains-attachments","status":"publish","type":"product","link":"https:\/\/camelbackchain.com\/it\/prodotto\/side-bow-chains-attachments\/","title":{"rendered":"Attacchi per catene ad arco laterale"},"content":{"rendered":"<p style=\"text-align: center;\"><span style=\"font-size: 24pt; color: #000000;\">Attacchi per catene ad arco laterale<\/span><\/p>\n<p>Compared to conventional sprockets, side bow chains have a large clearance between the bushing and pin, and a well-adjusted clearance between the inner and outer links. They are used to run on curved trails. These chains are made from carbon steel, iron, or stainless steel. In addition, they are available in different lengths. To make the installation process easier, you can buy a kit that has all of the necessary attachment parts.<\/p>\n<p><img loading=\"lazy\" decoding=\"async\" class=\"aligncenter wp-image-270034\" src=\"https:\/\/hzpt.com\/wp-content\/uploads\/2022\/08\/side-bow-chains-attachment.webp\" alt=\"Attacchi per catene ad arco laterale\" width=\"500\" height=\"400\" \/><\/p>\n<h2><em><strong>Details of Side Bow Chain Attachments<\/strong><\/em><\/h2>\n<p><img loading=\"lazy\" decoding=\"async\" class=\"alignnone  wp-image-698 aligncenter\" src=\"https:\/\/camelbackchain.com\/wp-content\/uploads\/2025\/12\/ep-Side-Bow-Chains-Attachments-1-1-300x200.webp\" alt=\"Catena Camelback\" width=\"408\" height=\"272\" \/> <img loading=\"lazy\" decoding=\"async\" class=\"alignnone  wp-image-699 aligncenter\" src=\"https:\/\/camelbackchain.com\/wp-content\/uploads\/2025\/12\/ep-Side-Bow-Chains-Attachments-2-1-300x200.webp\" alt=\"Catena Camelback\" width=\"401\" height=\"267\" \/> <img loading=\"lazy\" decoding=\"async\" class=\"alignnone  wp-image-700 aligncenter\" src=\"https:\/\/camelbackchain.com\/wp-content\/uploads\/2025\/12\/ep-Side-Bow-Chains-Attachments-3-1-300x300.webp\" alt=\"Catena Camelback\" width=\"384\" height=\"384\" \/> <img loading=\"lazy\" decoding=\"async\" class=\"alignnone  wp-image-701 aligncenter\" src=\"https:\/\/camelbackchain.com\/wp-content\/uploads\/2025\/12\/ep-Side-Bow-Chains-Attachments-4-1-300x200.webp\" alt=\"Catena Camelback\" width=\"371\" height=\"247\" \/><\/p>\n<h2><em><strong><span lang=\"EN-US\">Pignoni per catene<\/span><\/strong><\/em><\/h2>\n<p><span lang=\"EN-US\">Esistono molti tipi diversi di pignoni per catene. Alcuni sono realizzati in acciaio inossidabile, mentre altri sono realizzati in acciaio non inossidabile. I pignoni in acciaio inossidabile sono ideali per ambienti difficili e sono solitamente in acciaio inossidabile 304. Sono disponibili anche pignoni in acciaio inossidabile 316, ideali per condizioni di corrosione estreme. Oltre alle dimensioni standard, sono disponibili anche pignoni di rinvio con cuscinetto a sfere inserito a pressione.<\/span><\/p>\n<p><span lang=\"EN-US\">Esistono due standard per le ruote dentate: ISO e metrico. Le ruote dentate ISO sono utilizzate nella maggior parte delle macchine americane, europee e asiatiche. Negli Stati Uniti, le ruote dentate ISO vengono utilizzate per soddisfare standard rigorosi, mentre le ruote dentate metriche sono pi\u00f9 flessibili e intercambiabili con le catene di tipo europeo. Nella maggior parte dei casi, le ruote dentate sono intercambiabili, sebbene vi siano ancora alcune eccezioni a questa regola.<\/span><\/p>\n<p><span lang=\"EN-US\">Il tipo pi\u00f9 comune di pignoni \u00e8 realizzato in metallo o plastica rinforzata. Questi dispositivi sono strettamente correlati agli ingranaggi e il loro design a forma di ruota dentata consente loro di coprire distanze maggiori rispetto agli ingranaggi corrispondenti. La maggior parte dei sistemi di pignoni e catene sono simili ai gruppi catena delle biciclette.<\/span><\/p>\n<p><span lang=\"EN-US\">Per scegliere i pignoni per catene, \u00e8 essenziale conoscere le dimensioni e il passo della catena. A seconda delle esigenze, \u00e8 possibile sceglierne uno con denti larghi o uno con denti piccoli. Oltre al passo, \u00e8 necessario considerare anche le dimensioni dell'albero motore. Ad esempio, se la catena \u00e8 grande, sar\u00e0 necessario un pignone largo. Per catene pi\u00f9 piccole, sar\u00e0 necessario un pignone con denti pi\u00f9 piccoli. Allo stesso modo, \u00e8 necessario considerare il foro del pignone.<\/span><\/p>\n<p><span lang=\"EN-US\">In qualit\u00e0 di produttore e fornitore professionale di componenti per trasmissioni in Cina, HZPT offre una variet\u00e0 di catene di trasmissione e pignoni di alta qualit\u00e0 in vendita. Contattaci ora<\/span>\uff01<\/p>\n<p><img loading=\"lazy\" decoding=\"async\" class=\"aligncenter size-full wp-image-270007\" src=\"https:\/\/hzpt.com\/wp-content\/uploads\/2022\/08\/ep_Sprocket-1024x539-2.webp\" alt=\"Pignoni\" width=\"1024\" height=\"539\" \/><\/p>\n<p>modificato da gzl<\/p>","protected":false},"excerpt":{"rendered":"<p>Compared to conventional sprockets, side bow chains have a large clearance between the bushing and pin, and a well-adjusted clearance between the inner and outer links. They are used to run on curved trails. These chains are made from carbon steel, iron, or stainless steel. In addition, they are available in different lengths. To make the installation process easier, you can buy a kit that has all of the necessary attachment parts.<\/p>","protected":false},"featured_media":667,"comment_status":"open","ping_status":"closed","template":"","meta":{"_et_pb_use_builder":"","_et_pb_old_content":"","_et_gb_content_width":""},"product_brand":[],"product_cat":[1577],"product_tag":[],"class_list":{"0":"post-639","1":"product","2":"type-product","3":"status-publish","4":"has-post-thumbnail","6":"product_cat-drive-chain","8":"first","9":"instock","10":"shipping-taxable","11":"product-type-simple"},"_links":{"self":[{"href":"https:\/\/camelbackchain.com\/it\/wp-json\/wp\/v2\/product\/639","targetHints":{"allow":["GET"]}}],"collection":[{"href":"https:\/\/camelbackchain.com\/it\/wp-json\/wp\/v2\/product"}],"about":[{"href":"https:\/\/camelbackchain.com\/it\/wp-json\/wp\/v2\/types\/product"}],"replies":[{"embeddable":true,"href":"https:\/\/camelbackchain.com\/it\/wp-json\/wp\/v2\/comments?post=639"}],"wp:featuredmedia":[{"embeddable":true,"href":"https:\/\/camelbackchain.com\/it\/wp-json\/wp\/v2\/media\/667"}],"wp:attachment":[{"href":"https:\/\/camelbackchain.com\/it\/wp-json\/wp\/v2\/media?parent=639"}],"wp:term":[{"taxonomy":"product_brand","embeddable":true,"href":"https:\/\/camelbackchain.com\/it\/wp-json\/wp\/v2\/product_brand?post=639"},{"taxonomy":"product_cat","embeddable":true,"href":"https:\/\/camelbackchain.com\/it\/wp-json\/wp\/v2\/product_cat?post=639"},{"taxonomy":"product_tag","embeddable":true,"href":"https:\/\/camelbackchain.com\/it\/wp-json\/wp\/v2\/product_tag?post=639"}],"curies":[{"name":"wp","href":"https:\/\/api.w.org\/{rel}","templated":true}]}}