{"id":640,"date":"2025-12-19T07:55:40","date_gmt":"2025-12-19T07:55:40","guid":{"rendered":"https:\/\/camelbackchain.com\/?post_type=product&#038;p=640"},"modified":"2025-12-22T07:15:18","modified_gmt":"2025-12-22T07:15:18","slug":"catene-ad-arco-laterale-con-attacchi-43sbf11-43sbf12-43sbf13","status":"publish","type":"product","link":"https:\/\/camelbackchain.com\/it\/prodotto\/catene-ad-arco-laterale-con-attacchi-43sbf11-43sbf12-43sbf13\/","title":{"rendered":"Catene ad arco laterali con attacchi 43SBF11\/43SBF12\/43SBF13"},"content":{"rendered":"<p style=\"text-align: center;\"><span style=\"font-size: 18pt; color: #000000;\">Catene ad arco laterali con attacchi 43SBF11\/43SBF12\/43SBF13<\/span><\/p>\n<p>Le catene a sgancio rapido sono il metodo pi\u00f9 diffuso per fissare le catene a sgancio rapido laterali di una moto. Sono realizzate in acciaio al carbonio o ferro e offrono maggiore spazio tra boccole e perni. Grazie a questo spazio aggiuntivo, le catene a sgancio rapido laterali possono essere utilizzate anche su percorsi con cordoli, garantendo un funzionamento fluido. Queste catene sono anche facilmente regolabili e possono essere acquistate in diverse lunghezze e diametri.<\/p>\n<p>Le catene a curvatura laterale sono utilizzate in numerose applicazioni, dagli ambienti ad alta temperatura ai sistemi di trasporto. Sono simili alle catene a rulli, ma differiscono nel modo in cui sono collegate ai perni. Possono avere un raggio di curvatura diverso e un diametro inferiore. Possono anche essere dotate di perni conici o boccole biconiche. Hanno anche una forma speciale dei perni che consente loro di affrontare le curve. La catena a curvatura laterale pu\u00f2 raggiungere un raggio di curvatura di 250 mm.<\/p>\n<p>Le catene a rulli con curvatura laterale offrono un gioco aggiuntivo per consentire alla catena di piegarsi sulla curva. Sono inoltre precaricate, eliminando l'allungamento iniziale. Oltre a potersi piegare a destra e a sinistra, le catene a rulli con curvatura laterale possono essere utilizzate anche su pignoni per catene a rulli standard. Rappresentano un'ottima soluzione per applicazioni curve. Sono disponibili in acciaio inossidabile e con diversi rivestimenti. Sono disponibili molti tipi diversi di catene a rulli con curvatura laterale.<\/p>\n<h2><strong><em><span style=\"font-size: 24pt; color: #000000;\">Catene ad arco laterali con dettagli sugli attacchi<\/span><\/em><\/strong><\/h2>\n<table style=\"width: 80.9896%; border-color: #000000;\" border=\"1\">\n<tbody>\n<tr>\n<td style=\"width: 7.98969%;\" rowspan=\"3\" width=\"56\"><span style=\"font-size: 8pt;\"><strong>Catena n.<\/strong><\/span><\/td>\n<td style=\"width: 6.95876%;\" width=\"50\"><span style=\"font-size: 8pt;\"><strong>Pece<\/strong><\/span><\/td>\n<td style=\"width: 7.47423%;\" width=\"54\"><span style=\"font-size: 8pt;\"><strong>Diametro del rullo<\/strong><\/span><\/td>\n<td style=\"width: 8.37629%;\" width=\"61\"><span style=\"font-size: 8pt;\"><strong>Larghezza tra le piastre interne<\/strong><\/span><\/td>\n<td style=\"width: 7.47423%;\" width=\"51\"><span style=\"font-size: 8pt;\"><strong>Diametro del perno<\/strong><\/span><\/td>\n<td style=\"width: 6.95876%;\" width=\"50\"><span style=\"font-size: 8pt;\"><strong>Lunghezza del perno<\/strong><\/span><\/td>\n<td style=\"width: 8.37629%;\" width=\"61\"><span style=\"font-size: 8pt;\"><strong>Profondit\u00e0 della piastra interna<\/strong><\/span><\/td>\n<td style=\"width: 42.6546%;\" colspan=\"8\" width=\"295\"><span style=\"font-size: 8pt;\"><strong>Dimensione dell'allegato<\/strong><\/span><\/td>\n<\/tr>\n<tr>\n<td style=\"width: 6.95876%;\" width=\"50\"><span style=\"font-size: 8pt;\"><strong>P<\/strong><\/span><\/td>\n<td style=\"width: 7.47423%;\" width=\"54\"><span style=\"font-size: 8pt;\"><strong>D<sub>1<\/sub><\/strong><\/span><\/td>\n<td style=\"width: 8.37629%;\" width=\"61\"><span style=\"font-size: 8pt;\"><strong>B<sub>1<\/sub><\/strong><\/span><\/td>\n<td style=\"width: 7.47423%;\" width=\"51\"><span style=\"font-size: 8pt;\"><strong>D<sub>2<\/sub><\/strong><\/span><\/td>\n<td style=\"width: 6.95876%;\" width=\"50\"><span style=\"font-size: 8pt;\"><strong>L<\/strong><\/span><\/td>\n<td style=\"width: 8.37629%;\" width=\"61\"><span style=\"font-size: 8pt;\"><strong>H<sub>2<\/sub><\/strong><\/span><\/td>\n<td style=\"width: 5.41237%;\" width=\"38\"><span style=\"font-size: 8pt;\"><strong>H<\/strong><\/span><\/td>\n<td style=\"width: 5.15464%;\" width=\"36\"><span style=\"font-size: 8pt;\"><strong>H<sub>1<\/sub><\/strong><\/span><\/td>\n<td style=\"width: 6.0567%;\" width=\"36\"><span style=\"font-size: 8pt;\"><strong>t\/T<\/strong><\/span><\/td>\n<td style=\"width: 5.15464%;\" width=\"36\"><span style=\"font-size: 8pt;\"><strong>T<sub>1<\/sub><\/strong><\/span><\/td>\n<td style=\"width: 5.15464%;\" width=\"36\"><span style=\"font-size: 8pt;\"><strong>G<\/strong><\/span><\/td>\n<td style=\"width: 5.15464%;\" width=\"36\"><span style=\"font-size: 8pt;\"><strong>G<sub>1<\/sub><\/strong><\/span><\/td>\n<td style=\"width: 5.15464%;\" width=\"36\"><span style=\"font-size: 8pt;\"><strong>O<\/strong><\/span><\/td>\n<td style=\"width: 5.41237%;\" width=\"38\"><span style=\"font-size: 8pt;\"><strong>R<\/strong><\/span><\/td>\n<\/tr>\n<tr>\n<td style=\"width: 6.95876%;\" width=\"50\"><span style=\"font-size: 8pt;\"><strong>mm<\/strong><\/span><\/td>\n<td style=\"width: 7.47423%;\" width=\"54\"><span style=\"font-size: 8pt;\"><strong>mm<\/strong><\/span><\/td>\n<td style=\"width: 8.37629%;\" width=\"61\"><span style=\"font-size: 8pt;\"><strong>mm<\/strong><\/span><\/td>\n<td style=\"width: 7.47423%;\" width=\"51\"><span style=\"font-size: 8pt;\"><strong>mm<\/strong><\/span><\/td>\n<td style=\"width: 6.95876%;\" width=\"50\"><span style=\"font-size: 8pt;\"><strong>mm<\/strong><\/span><\/td>\n<td style=\"width: 8.37629%;\" width=\"61\"><span style=\"font-size: 8pt;\"><strong>mm<\/strong><\/span><\/td>\n<td style=\"width: 5.41237%;\" width=\"38\"><span style=\"font-size: 8pt;\"><strong>mm<\/strong><\/span><\/td>\n<td style=\"width: 5.15464%;\" width=\"36\"><span style=\"font-size: 8pt;\"><strong>mm<\/strong><\/span><\/td>\n<td style=\"width: 6.0567%;\" width=\"36\"><span style=\"font-size: 8pt;\"><strong>mm<\/strong><\/span><\/td>\n<td style=\"width: 5.15464%;\" width=\"36\"><span style=\"font-size: 8pt;\"><strong>mm<\/strong><\/span><\/td>\n<td style=\"width: 5.15464%;\" width=\"36\"><span style=\"font-size: 8pt;\"><strong>mm<\/strong><\/span><\/td>\n<td style=\"width: 5.15464%;\" width=\"36\"><span style=\"font-size: 8pt;\"><strong>mm<\/strong><\/span><\/td>\n<td style=\"width: 5.15464%;\" width=\"36\"><span style=\"font-size: 8pt;\"><strong>mm<\/strong><\/span><\/td>\n<td style=\"width: 5.41237%;\" width=\"38\"><span style=\"font-size: 8pt;\"><strong>mm<\/strong><\/span><\/td>\n<\/tr>\n<tr>\n<td style=\"width: 7.98969%;\" width=\"56\"><span style=\"font-size: 8pt;\">43SBF11<\/span><\/td>\n<td style=\"width: 6.95876%;\" width=\"50\"><span style=\"font-size: 8pt;\">12.7<\/span><\/td>\n<td style=\"width: 7.47423%;\" width=\"54\"><span style=\"font-size: 8pt;\">7.95<\/span><\/td>\n<td style=\"width: 8.37629%;\" width=\"61\"><span style=\"font-size: 8pt;\">7.85<\/span><\/td>\n<td style=\"width: 7.47423%;\" width=\"51\"><span style=\"font-size: 8pt;\">3.45<\/span><\/td>\n<td style=\"width: 6.95876%;\" width=\"50\"><span style=\"font-size: 8pt;\">19.6<\/span><\/td>\n<td style=\"width: 8.37629%;\" width=\"61\"><span style=\"font-size: 8pt;\">9.8<\/span><\/td>\n<td style=\"width: 5.41237%;\" width=\"38\"><span style=\"font-size: 8pt;\">6.9<\/span><\/td>\n<td style=\"width: 5.15464%;\" width=\"36\"><span style=\"font-size: 8pt;\">9.2<\/span><\/td>\n<td style=\"width: 6.0567%;\" width=\"36\"><span style=\"font-size: 8pt;\">1.5\/2.8<\/span><\/td>\n<td style=\"width: 5.15464%;\" width=\"36\"><span style=\"font-size: 8pt;\">3<\/span><\/td>\n<td style=\"width: 5.15464%;\" width=\"36\"><span style=\"font-size: 8pt;\">25.7<\/span><\/td>\n<td style=\"width: 5.15464%;\" width=\"36\"><span style=\"font-size: 8pt;\">31.75<\/span><\/td>\n<td style=\"width: 5.15464%;\" width=\"36\"><span style=\"font-size: 8pt;\">31.6<\/span><\/td>\n<td style=\"width: 5.41237%;\" width=\"38\"><span style=\"font-size: 8pt;\">254<\/span><\/td>\n<\/tr>\n<tr>\n<td style=\"width: 7.98969%;\" width=\"56\"><span style=\"font-size: 8pt;\">43SBF12<\/span><\/td>\n<td style=\"width: 6.95876%;\" width=\"50\"><span style=\"font-size: 8pt;\">12.7<\/span><\/td>\n<td style=\"width: 7.47423%;\" width=\"54\"><span style=\"font-size: 8pt;\">7.95<\/span><\/td>\n<td style=\"width: 8.37629%;\" width=\"61\"><span style=\"font-size: 8pt;\">7.85<\/span><\/td>\n<td style=\"width: 7.47423%;\" width=\"51\"><span style=\"font-size: 8pt;\">3.45<\/span><\/td>\n<td style=\"width: 6.95876%;\" width=\"50\"><span style=\"font-size: 8pt;\">19.6<\/span><\/td>\n<td style=\"width: 8.37629%;\" width=\"61\"><span style=\"font-size: 8pt;\">9.8<\/span><\/td>\n<td style=\"width: 5.41237%;\" width=\"38\"><span style=\"font-size: 8pt;\">6.9<\/span><\/td>\n<td style=\"width: 5.15464%;\" width=\"36\"><span style=\"font-size: 8pt;\">9.2<\/span><\/td>\n<td style=\"width: 6.0567%;\" width=\"36\"><span style=\"font-size: 8pt;\">1.5\/2.8<\/span><\/td>\n<td style=\"width: 5.15464%;\" width=\"36\"><span style=\"font-size: 8pt;\">3<\/span><\/td>\n<td style=\"width: 5.15464%;\" width=\"36\"><span style=\"font-size: 8pt;\">25.7<\/span><\/td>\n<td style=\"width: 5.15464%;\" width=\"36\"><span style=\"font-size: 8pt;\">36.00<\/span><\/td>\n<td style=\"width: 5.15464%;\" width=\"36\"><span style=\"font-size: 8pt;\">31.6<\/span><\/td>\n<td style=\"width: 5.41237%;\" width=\"38\"><span style=\"font-size: 8pt;\">254<\/span><\/td>\n<\/tr>\n<tr>\n<td style=\"width: 7.98969%;\" width=\"56\"><span style=\"font-size: 8pt;\">43SBF13<\/span><\/td>\n<td style=\"width: 6.95876%;\" width=\"50\"><span style=\"font-size: 8pt;\">12.7<\/span><\/td>\n<td style=\"width: 7.47423%;\" width=\"54\"><span style=\"font-size: 8pt;\">7.95<\/span><\/td>\n<td style=\"width: 8.37629%;\" width=\"61\"><span style=\"font-size: 8pt;\">7.85<\/span><\/td>\n<td style=\"width: 7.47423%;\" width=\"51\"><span style=\"font-size: 8pt;\">3.45<\/span><\/td>\n<td style=\"width: 6.95876%;\" width=\"50\"><span style=\"font-size: 8pt;\">19.6<\/span><\/td>\n<td style=\"width: 8.37629%;\" width=\"61\"><span style=\"font-size: 8pt;\">9.8<\/span><\/td>\n<td style=\"width: 5.41237%;\" width=\"38\"><span style=\"font-size: 8pt;\">6.9<\/span><\/td>\n<td style=\"width: 5.15464%;\" width=\"36\"><span style=\"font-size: 8pt;\">9.2<\/span><\/td>\n<td style=\"width: 6.0567%;\" width=\"36\"><span style=\"font-size: 8pt;\">1.5\/2.8<\/span><\/td>\n<td style=\"width: 5.15464%;\" width=\"36\"><span style=\"font-size: 8pt;\">3<\/span><\/td>\n<td style=\"width: 5.15464%;\" width=\"36\"><span style=\"font-size: 8pt;\">25.7<\/span><\/td>\n<td style=\"width: 5.15464%;\" width=\"36\"><span style=\"font-size: 8pt;\">64.00<\/span><\/td>\n<td style=\"width: 5.15464%;\" width=\"36\"><span style=\"font-size: 8pt;\">31.6<\/span><\/td>\n<td style=\"width: 5.41237%;\" width=\"38\"><span style=\"font-size: 8pt;\">254<\/span><\/td>\n<\/tr>\n<\/tbody>\n<\/table>\n<h2><em><strong>Perch\u00e9 scegliere le catene Side Bow?<\/strong><\/em><\/h2>\n<p>Le catene Side Bow offrono diversi vantaggi. Uno di questi \u00e8 la minore sporgenza di centraggio. Questo \u00e8 possibile grazie alla scanalatura centrale della piastra di collegamento interna. Questa scanalatura consente alla sporgenza di centraggio di ruotare ulteriormente nella zona di transizione. In questo modo, la catena pu\u00f2 curvarsi lateralmente ed essere pi\u00f9 stabile. Inoltre, sono molto pi\u00f9 economiche rispetto ai modelli convenzionali. Ecco alcuni esempi dei loro vantaggi.<\/p>\n<p>A seconda delle dimensioni del pignone, le catene a curva laterale possono avere un raggio R inferiore alla met\u00e0 della larghezza del manicotto di ricezione. Sono particolarmente adatte a trasportatori a coclea, torni e trasportatori di prodotti alimentari e bevande. Possono essere utilizzate anche nella tecnologia dei trasporti e nella tecnologia di pulizia. E se si dispone di un ambiente di lavoro ad alta temperatura, \u00e8 consigliabile prendere in considerazione le catene a curva laterale.<\/p>\n<p>Un altro vantaggio delle catene Side Bow \u00e8 la loro flessibilit\u00e0. Possono essere regolate per flettersi sia verso sinistra che verso destra. La scelta tra un perno conico e una boccola e perno liberi dipende dalle vostre preferenze. Il primo \u00e8 pi\u00f9 economico, ma ha una minore precisione di beccheggio. Il secondo ha una durata maggiore ed \u00e8 ideale per operazioni ad alta velocit\u00e0. Alcune catene possono essere personalizzate per soddisfare esigenze specifiche, in modo da soddisfare specifiche specifiche.<\/p>\n<p>Le catene a curva laterale offrono numerosi vantaggi. Sono ampiamente utilizzate per catene di trascinamento e trasportatrici. Queste catene possono affrontare curve grazie al loro diametro ridotto. Sono disponibili anche boccole biconiche e perni conici. Le catene a rulli per trasmissione di potenza Ever ad alto pretensionamento offrono un elevato livello di protezione dalla corrosione. Sono inoltre altamente resistenti all'usura e presentano una migliore resistenza alla fatica rispetto alle catene standard. E grazie alla tecnologia avanzata e al design innovativo, queste catene possono sopportare carichi elevati senza il rischio di distacco.<\/p>\n<h2><em><strong><span lang=\"EN-US\">Pignoni per catene<\/span><\/strong><\/em><\/h2>\n<p><span lang=\"EN-US\">Esistono molti tipi diversi di pignoni per catene. Alcuni sono realizzati in acciaio inossidabile, mentre altri sono realizzati in acciaio non inossidabile. I pignoni in acciaio inossidabile sono ideali per ambienti difficili e sono solitamente in acciaio inossidabile 304. Sono disponibili anche pignoni in acciaio inossidabile 316, ideali per condizioni di corrosione estreme. Oltre alle dimensioni standard, sono disponibili anche pignoni di rinvio con cuscinetto a sfere inserito a pressione.<\/span><\/p>\n<p><span lang=\"EN-US\">Esistono due standard per le ruote dentate: ISO e metrico. Le ruote dentate ISO sono utilizzate nella maggior parte delle macchine americane, europee e asiatiche. Negli Stati Uniti, le ruote dentate ISO vengono utilizzate per soddisfare standard rigorosi, mentre le ruote dentate metriche sono pi\u00f9 flessibili e intercambiabili con le catene di tipo europeo. Nella maggior parte dei casi, le ruote dentate sono intercambiabili, sebbene vi siano ancora alcune eccezioni a questa regola.<\/span><\/p>\n<p><span lang=\"EN-US\">Il tipo pi\u00f9 comune di pignoni \u00e8 realizzato in metallo o plastica rinforzata. Questi dispositivi sono strettamente correlati agli ingranaggi e il loro design a forma di ruota dentata consente loro di coprire distanze maggiori rispetto agli ingranaggi corrispondenti. La maggior parte dei sistemi di pignoni e catene sono simili ai gruppi catena delle biciclette.<\/span><\/p>\n<p><span lang=\"EN-US\">Per scegliere i pignoni per catene, \u00e8 essenziale conoscere le dimensioni e il passo della catena. A seconda delle esigenze, \u00e8 possibile sceglierne uno con denti larghi o uno con denti piccoli. Oltre al passo, \u00e8 necessario considerare anche le dimensioni dell'albero motore. Ad esempio, se la catena \u00e8 grande, sar\u00e0 necessario un pignone largo. Per catene pi\u00f9 piccole, sar\u00e0 necessario un pignone con denti pi\u00f9 piccoli. Allo stesso modo, \u00e8 necessario considerare il foro del pignone.<\/span><\/p>\n<p><span lang=\"EN-US\">In qualit\u00e0 di produttore e fornitore professionale di componenti per trasmissioni in Cina, HZPT offre una variet\u00e0 di catene di trasmissione e pignoni di alta qualit\u00e0 in vendita. Contattaci ora<\/span>\uff01<\/p>\n<p><img loading=\"lazy\" decoding=\"async\" class=\"aligncenter size-full wp-image-270007\" src=\"https:\/\/hzpt.com\/wp-content\/uploads\/2022\/08\/ep_Sprocket-1024x539-2.webp\" alt=\"Pignoni\" width=\"1024\" height=\"539\" \/><\/p>\n<p>modificato da gzl<\/p>","protected":false},"excerpt":{"rendered":"<p>Le catene a sgancio rapido sono il metodo pi\u00f9 diffuso per fissare le catene a sgancio rapido laterali di una moto. Sono realizzate in acciaio al carbonio o ferro e offrono maggiore spazio tra boccole e perni. Grazie a questo spazio aggiuntivo, le catene a sgancio rapido laterali possono essere utilizzate anche su percorsi con cordoli, garantendo un funzionamento fluido. Queste catene sono anche facilmente regolabili e possono essere acquistate in diverse lunghezze e diametri.<\/p>","protected":false},"featured_media":668,"comment_status":"open","ping_status":"closed","template":"","meta":{"_et_pb_use_builder":"","_et_pb_old_content":"","_et_gb_content_width":""},"product_brand":[],"product_cat":[1577],"product_tag":[],"class_list":{"0":"post-640","1":"product","2":"type-product","3":"status-publish","4":"has-post-thumbnail","6":"product_cat-drive-chain","8":"first","9":"instock","10":"shipping-taxable","11":"product-type-simple"},"_links":{"self":[{"href":"https:\/\/camelbackchain.com\/it\/wp-json\/wp\/v2\/product\/640","targetHints":{"allow":["GET"]}}],"collection":[{"href":"https:\/\/camelbackchain.com\/it\/wp-json\/wp\/v2\/product"}],"about":[{"href":"https:\/\/camelbackchain.com\/it\/wp-json\/wp\/v2\/types\/product"}],"replies":[{"embeddable":true,"href":"https:\/\/camelbackchain.com\/it\/wp-json\/wp\/v2\/comments?post=640"}],"wp:featuredmedia":[{"embeddable":true,"href":"https:\/\/camelbackchain.com\/it\/wp-json\/wp\/v2\/media\/668"}],"wp:attachment":[{"href":"https:\/\/camelbackchain.com\/it\/wp-json\/wp\/v2\/media?parent=640"}],"wp:term":[{"taxonomy":"product_brand","embeddable":true,"href":"https:\/\/camelbackchain.com\/it\/wp-json\/wp\/v2\/product_brand?post=640"},{"taxonomy":"product_cat","embeddable":true,"href":"https:\/\/camelbackchain.com\/it\/wp-json\/wp\/v2\/product_cat?post=640"},{"taxonomy":"product_tag","embeddable":true,"href":"https:\/\/camelbackchain.com\/it\/wp-json\/wp\/v2\/product_tag?post=640"}],"curies":[{"name":"wp","href":"https:\/\/api.w.org\/{rel}","templated":true}]}}