{"id":643,"date":"2025-12-19T07:55:47","date_gmt":"2025-12-19T07:55:47","guid":{"rendered":"https:\/\/camelbackchain.com\/?post_type=product&#038;p=643"},"modified":"2025-12-22T07:14:13","modified_gmt":"2025-12-22T07:14:13","slug":"catene-silenziose-a-contatto-laterale-sc3-sc4-sc5-sc6-sc8-sc10","status":"publish","type":"product","link":"https:\/\/camelbackchain.com\/it\/prodotto\/catene-silenziose-a-contatto-laterale-sc3-sc4-sc5-sc6-sc8-sc10\/","title":{"rendered":"Catene silenziose a contatto laterale SC3 SC4 SC5 SC6 SC8 SC10"},"content":{"rendered":"<p style=\"text-align: center;\"><span style=\"color: #000000; font-size: 24pt;\">Catene silenziose a contatto laterale SC3 SC4 SC5 SC6 SC8 SC10<\/span><\/p>\n<p>Una catena silenziosa a contatto laterale \u00e8 costituita da file intervallate di piastre biforcate collegate da perni di collegamento. I denti di ciascuna fila si sovrappongono ai denti della fila adiacente. I fianchi interni di ciascun dente sporgono oltre i fianchi esterni dei denti sovrapposti. Quando sono innestati sotto tensione, questi fianchi si innestano sui denti della ruota dentata. L'effetto \u00e8 quello di sopprimere il rumore e le vibrazioni prodotti dalla trasmissione a catena.<\/p>\n<p>Una tipica catena silenziosa a contatto con il fianco \u00e8 composta da maglie collegate da un perno di collegamento. Il fianco interno di ogni maglia porta due denti. Ogni dente ha un fianco esterno e uno interno corrispondenti. Il fianco esterno di ogni maglia \u00e8 sagomato per accogliere il fianco esterno. Il fianco esterno ha la forma di una sfera. Questa forma \u00e8 importante perch\u00e9 il punto di innesto deve essere stabile affinch\u00e9 la catena sia stabile. Il fianco esterno pu\u00f2 anche essere piegato o attorcigliato per incontrare gli altri denti.<\/p>\n<h2><strong><em>Parametri delle catene silenziose a contatto laterale<\/em><\/strong><\/h2>\n<table style=\"border-color: #000000;\">\n<thead>\n<tr>\n<th>Serie a catena<\/th>\n<th>Numero di catena (in base alla larghezza)<\/th>\n<th>Passo (P)<\/p>\n<div class=\"container-Uxvbjy md-box-line-break wrapper-GYqxgQ undefined\"><\/div>\n<p>mm<\/th>\n<th>Larghezza della catena (b)<\/p>\n<div class=\"container-Uxvbjy md-box-line-break wrapper-GYqxgQ undefined\"><\/div>\n<p>minimo mm<\/th>\n<th>Diametro del perno (d2)<\/p>\n<div class=\"container-Uxvbjy md-box-line-break wrapper-GYqxgQ undefined\"><\/div>\n<p>massimo mm<\/th>\n<th>Lunghezza del perno (L)<\/p>\n<div class=\"container-Uxvbjy md-box-line-break wrapper-GYqxgQ undefined\"><\/div>\n<p>massimo mm<\/th>\n<th>Lunghezza del perno (Lc)<\/p>\n<div class=\"container-Uxvbjy md-box-line-break wrapper-GYqxgQ undefined\"><\/div>\n<p>massimo mm<\/th>\n<th>Distanza dal centro del foro al dente (h1)<\/p>\n<div class=\"container-Uxvbjy md-box-line-break wrapper-GYqxgQ undefined\"><\/div>\n<p>mm<\/th>\n<th>Profondit\u00e0 della piastra (h2)<\/p>\n<div class=\"container-Uxvbjy md-box-line-break wrapper-GYqxgQ undefined\"><\/div>\n<p>massimo mm<\/th>\n<th>Spessore della piastra (T)<\/p>\n<div class=\"container-Uxvbjy md-box-line-break wrapper-GYqxgQ undefined\"><\/div>\n<p>massimo mm<\/th>\n<th>Tipo di guida<\/th>\n<th>Numero di piastre (n)<\/th>\n<th>Resistenza alla trazione finale (Q)<\/p>\n<div class=\"container-Uxvbjy md-box-line-break wrapper-GYqxgQ undefined\"><\/div>\n<p>min kN\/lbf<\/th>\n<th>Resistenza media alla trazione (Q0)<\/p>\n<div class=\"container-Uxvbjy md-box-line-break wrapper-GYqxgQ undefined\"><\/div>\n<p>kN<\/th>\n<th>Peso al metro (q)<\/p>\n<div class=\"container-Uxvbjy md-box-line-break wrapper-GYqxgQ undefined\"><\/div>\n<p>kg\/m<\/th>\n<\/tr>\n<\/thead>\n<tbody>\n<tr>\n<td><strong>SC3<\/strong><\/td>\n<td>(13.5)<\/td>\n<td>9.525<\/td>\n<td>13.5<\/td>\n<td>3.95<\/td>\n<td>18.5<\/td>\n<td>20.0<\/td>\n<td>5.3<\/td>\n<td>10.0<\/td>\n<td>1.5<\/td>\n<td>Al di fuori<\/td>\n<td>9<\/td>\n<td>10.0\/2272<\/td>\n<td>11.2<\/td>\n<td>0.60<\/td>\n<\/tr>\n<tr>\n<td><\/td>\n<td>(16.5)<\/td>\n<td>9.525<\/td>\n<td>16.5<\/td>\n<td>3.95<\/td>\n<td>21.5<\/td>\n<td>23.0<\/td>\n<td>5.3<\/td>\n<td>10.0<\/td>\n<td>1.5<\/td>\n<td>Al di fuori<\/td>\n<td>11<\/td>\n<td>12.5\/2840<\/td>\n<td>14.0<\/td>\n<td>0.73<\/td>\n<\/tr>\n<tr>\n<td><\/td>\n<td>(19.5)<\/td>\n<td>9.525<\/td>\n<td>19.5<\/td>\n<td>3.95<\/td>\n<td>24.5<\/td>\n<td>26.0<\/td>\n<td>5.3<\/td>\n<td>10.0<\/td>\n<td>1.5<\/td>\n<td>Al di fuori<\/td>\n<td>13<\/td>\n<td>15.0\/3409<\/td>\n<td>16.8<\/td>\n<td>0.85<\/td>\n<\/tr>\n<tr>\n<td><\/td>\n<td>(22.5)<\/td>\n<td>9.525<\/td>\n<td>22.5<\/td>\n<td>3.95<\/td>\n<td>27.5<\/td>\n<td>29.0<\/td>\n<td>5.3<\/td>\n<td>10.0<\/td>\n<td>1.5<\/td>\n<td>Al di fuori<\/td>\n<td>15<\/td>\n<td>17.5\/3997<\/td>\n<td>19.6<\/td>\n<td>1.00<\/td>\n<\/tr>\n<tr>\n<td><\/td>\n<td>(28.5)<\/td>\n<td>9.525<\/td>\n<td>28.5<\/td>\n<td>3.95<\/td>\n<td>33.5<\/td>\n<td>35.0<\/td>\n<td>5.3<\/td>\n<td>10.0<\/td>\n<td>1.5<\/td>\n<td>Dentro<\/td>\n<td>19<\/td>\n<td>22.5\/5114<\/td>\n<td>25.2<\/td>\n<td>1.26<\/td>\n<\/tr>\n<tr>\n<td><strong>SC4<\/strong><\/td>\n<td>(19.5)<\/td>\n<td>12.700<\/td>\n<td>19.5<\/td>\n<td>5.08<\/td>\n<td>27.5<\/td>\n<td>29.0<\/td>\n<td>7.0<\/td>\n<td>13.4<\/td>\n<td>1.5<\/td>\n<td>Al di fuori<\/td>\n<td>13<\/td>\n<td>12.5\/2840<\/td>\n<td>14.0<\/td>\n<td>0.73<\/td>\n<\/tr>\n<tr>\n<td><\/td>\n<td>(22.5)<\/td>\n<td>12.700<\/td>\n<td>22.5<\/td>\n<td>5.08<\/td>\n<td>30.5<\/td>\n<td>32.0<\/td>\n<td>7.0<\/td>\n<td>13.4<\/td>\n<td>1.5<\/td>\n<td>Al di fuori<\/td>\n<td>15<\/td>\n<td>17.5\/3997<\/td>\n<td>19.6<\/td>\n<td>1.00<\/td>\n<\/tr>\n<tr>\n<td><\/td>\n<td>(28.5)<\/td>\n<td>12.700<\/td>\n<td>28.5<\/td>\n<td>5.08<\/td>\n<td>33.5<\/td>\n<td>35.0<\/td>\n<td>7.0<\/td>\n<td>13.4<\/td>\n<td>1.5<\/td>\n<td>Al di fuori<\/td>\n<td>17<\/td>\n<td>21.7\/4924<\/td>\n<td>24.1<\/td>\n<td>1.30<\/td>\n<\/tr>\n<tr>\n<td><\/td>\n<td>(34.5)<\/td>\n<td>12.700<\/td>\n<td>34.5<\/td>\n<td>5.08<\/td>\n<td>39.5<\/td>\n<td>41.0<\/td>\n<td>7.0<\/td>\n<td>13.4<\/td>\n<td>1.5<\/td>\n<td>Dentro<\/td>\n<td>19<\/td>\n<td>35.2\/8000<\/td>\n<td>39.4<\/td>\n<td>1.68<\/td>\n<\/tr>\n<tr>\n<td><\/td>\n<td>(40.5)<\/td>\n<td>12.700<\/td>\n<td>40.5<\/td>\n<td>5.08<\/td>\n<td>45.5<\/td>\n<td>47.0<\/td>\n<td>7.0<\/td>\n<td>13.4<\/td>\n<td>1.5<\/td>\n<td>Dentro<\/td>\n<td>23<\/td>\n<td>40.3\/9172<\/td>\n<td>44.8<\/td>\n<td>2.04<\/td>\n<\/tr>\n<tr>\n<td><\/td>\n<td>(46.5)<\/td>\n<td>12.700<\/td>\n<td>46.5<\/td>\n<td>5.08<\/td>\n<td>51.5<\/td>\n<td>53.0<\/td>\n<td>7.0<\/td>\n<td>13.4<\/td>\n<td>1.5<\/td>\n<td>Dentro<\/td>\n<td>27<\/td>\n<td>58.6\/13318<\/td>\n<td>65.6<\/td>\n<td>2.74<\/td>\n<\/tr>\n<tr>\n<td><strong>SC5<\/strong><\/td>\n<td>(32.0)<\/td>\n<td>15.875<\/td>\n<td>32.0<\/td>\n<td>5.92<\/td>\n<td>37.0<\/td>\n<td>39.2<\/td>\n<td>8.7<\/td>\n<td>16.7<\/td>\n<td>2.0<\/td>\n<td>Dentro<\/td>\n<td>15<\/td>\n<td>56.1\/12595<\/td>\n<td>65.0<\/td>\n<td>2.20<\/td>\n<\/tr>\n<tr>\n<td><\/td>\n<td>(38.0)<\/td>\n<td>15.875<\/td>\n<td>38.0<\/td>\n<td>5.92<\/td>\n<td>45.0<\/td>\n<td>46.2<\/td>\n<td>8.7<\/td>\n<td>16.7<\/td>\n<td>2.0<\/td>\n<td>Dentro<\/td>\n<td>19<\/td>\n<td>78.7\/17638<\/td>\n<td>95.5<\/td>\n<td>3.89<\/td>\n<\/tr>\n<tr>\n<td><\/td>\n<td>(54.0)<\/td>\n<td>15.875<\/td>\n<td>54.0<\/td>\n<td>5.92<\/td>\n<td>61.0<\/td>\n<td>62.4<\/td>\n<td>8.7<\/td>\n<td>16.7<\/td>\n<td>2.0<\/td>\n<td>Dentro<\/td>\n<td>23<\/td>\n<td>84.7\/19250<\/td>\n<td>94.0<\/td>\n<td>3.99<\/td>\n<\/tr>\n<tr>\n<td><\/td>\n<td>(62.0)<\/td>\n<td>15.875<\/td>\n<td>62.0<\/td>\n<td>5.92<\/td>\n<td>69.0<\/td>\n<td>70.4<\/td>\n<td>8.7<\/td>\n<td>16.7<\/td>\n<td>2.0<\/td>\n<td>Dentro<\/td>\n<td>31<\/td>\n<td>97.7\/22004<\/td>\n<td>108.4<\/td>\n<td>4.58<\/td>\n<\/tr>\n<tr>\n<td><strong>SC6<\/strong><\/td>\n<td>(46.0)<\/td>\n<td>19.050<\/td>\n<td>46.0<\/td>\n<td>6.90<\/td>\n<td>53.0<\/td>\n<td>54.8<\/td>\n<td>10.5<\/td>\n<td>20.0<\/td>\n<td>2.0<\/td>\n<td>Dentro<\/td>\n<td>23<\/td>\n<td>86.2\/19345<\/td>\n<td>95.4<\/td>\n<td>4.08<\/td>\n<\/tr>\n<tr>\n<td><\/td>\n<td>(52.0)<\/td>\n<td>19.050<\/td>\n<td>52.0<\/td>\n<td>6.90<\/td>\n<td>61.0<\/td>\n<td>62.5<\/td>\n<td>10.5<\/td>\n<td>20.0<\/td>\n<td>2.0<\/td>\n<td>Dentro<\/td>\n<td>27<\/td>\n<td>102.0\/22952<\/td>\n<td>113.2<\/td>\n<td>4.78<\/td>\n<\/tr>\n<tr>\n<td><\/td>\n<td>(62.0)<\/td>\n<td>19.050<\/td>\n<td>62.0<\/td>\n<td>6.90<\/td>\n<td>69.0<\/td>\n<td>70.8<\/td>\n<td>10.5<\/td>\n<td>20.0<\/td>\n<td>2.0<\/td>\n<td>Dentro<\/td>\n<td>31<\/td>\n<td>117.0\/26591<\/td>\n<td>129.8<\/td>\n<td>5.50<\/td>\n<\/tr>\n<tr>\n<td><\/td>\n<td>(70.0)<\/td>\n<td>19.050<\/td>\n<td>70.0<\/td>\n<td>6.90<\/td>\n<td>77.0<\/td>\n<td>78.8<\/td>\n<td>10.5<\/td>\n<td>20.0<\/td>\n<td>2.0<\/td>\n<td>Dentro<\/td>\n<td>35<\/td>\n<td>133.0\/30227<\/td>\n<td>147.6<\/td>\n<td>6.20<\/td>\n<\/tr>\n<tr>\n<td><strong>SC8<\/strong><\/td>\n<td>(57.0)<\/td>\n<td>25.400<\/td>\n<td>57.0<\/td>\n<td>8.90<\/td>\n<td>58.0<\/td>\n<td>59.5<\/td>\n<td>14.0<\/td>\n<td>26.7<\/td>\n<td>3.0<\/td>\n<td>Dentro<\/td>\n<td>17<\/td>\n<td>125.0\/28409<\/td>\n<td>138.7<\/td>\n<td>6.07<\/td>\n<\/tr>\n<tr>\n<td><\/td>\n<td>(69.0)<\/td>\n<td>25.400<\/td>\n<td>69.0<\/td>\n<td>8.90<\/td>\n<td>74.2<\/td>\n<td>77.7<\/td>\n<td>14.0<\/td>\n<td>26.7<\/td>\n<td>3.0<\/td>\n<td>Dentro<\/td>\n<td>23<\/td>\n<td>172.0\/39091<\/td>\n<td>190.9<\/td>\n<td>8.15<\/td>\n<\/tr>\n<tr>\n<td><\/td>\n<td>(81.0)<\/td>\n<td>25.400<\/td>\n<td>81.0<\/td>\n<td>8.90<\/td>\n<td>88.2<\/td>\n<td>89.7<\/td>\n<td>14.0<\/td>\n<td>26.7<\/td>\n<td>3.0<\/td>\n<td>Dentro<\/td>\n<td>27<\/td>\n<td>203.0\/45638<\/td>\n<td>225.3<\/td>\n<td>9.58<\/td>\n<\/tr>\n<tr>\n<td><\/td>\n<td>(93.0)<\/td>\n<td>25.400<\/td>\n<td>93.0<\/td>\n<td>8.90<\/td>\n<td>100.6<\/td>\n<td>101.7<\/td>\n<td>14.0<\/td>\n<td>26.7<\/td>\n<td>3.0<\/td>\n<td>Dentro<\/td>\n<td>31<\/td>\n<td>230.3\/51649<\/td>\n<td>256.8<\/td>\n<td>10.97<\/td>\n<\/tr>\n<tr>\n<td><strong>SC10<\/strong><\/td>\n<td>(57.0)<\/td>\n<td>31.750<\/td>\n<td>57.0<\/td>\n<td>10.84<\/td>\n<td>66.6<\/td>\n<td>69.6<\/td>\n<td>17.5<\/td>\n<td>33.4<\/td>\n<td>3.0<\/td>\n<td>Dentro<\/td>\n<td>19<\/td>\n<td>165.0\/37500<\/td>\n<td>183.1<\/td>\n<td>8.42<\/td>\n<\/tr>\n<tr>\n<td><\/td>\n<td>(69.0)<\/td>\n<td>31.750<\/td>\n<td>69.0<\/td>\n<td>10.84<\/td>\n<td>78.6<\/td>\n<td>81.6<\/td>\n<td>17.5<\/td>\n<td>33.4<\/td>\n<td>3.0<\/td>\n<td>Dentro<\/td>\n<td>23<\/td>\n<td>207.0\/46581<\/td>\n<td>233.1<\/td>\n<td>10.19<\/td>\n<\/tr>\n<tr>\n<td><\/td>\n<td>(93.0)<\/td>\n<td>31.750<\/td>\n<td>93.0<\/td>\n<td>10.84<\/td>\n<td>102.6<\/td>\n<td>105.6<\/td>\n<td>17.5<\/td>\n<td>33.4<\/td>\n<td>3.0<\/td>\n<td>Dentro<\/td>\n<td>31<\/td>\n<td>273.0\/61454<\/td>\n<td>303.0<\/td>\n<td>13.70<\/td>\n<\/tr>\n<tr>\n<td><\/td>\n<td>(105.0)<\/td>\n<td>31.750<\/td>\n<td>105.0<\/td>\n<td>10.84<\/td>\n<td>114.6<\/td>\n<td>117.6<\/td>\n<td>17.5<\/td>\n<td>33.4<\/td>\n<td>3.0<\/td>\n<td>Dentro<\/td>\n<td>35<\/td>\n<td>310.0\/70705<\/td>\n<td>343.1<\/td>\n<td>15.53<\/td>\n<\/tr>\n<tr>\n<td><\/td>\n<td>(117.0)<\/td>\n<td>31.750<\/td>\n<td>117.0<\/td>\n<td>10.84<\/td>\n<td>126.6<\/td>\n<td>129.6<\/td>\n<td>17.5<\/td>\n<td>33.4<\/td>\n<td>3.0<\/td>\n<td>Dentro<\/td>\n<td>39<\/td>\n<td>346.0\/78536<\/td>\n<td>380.6<\/td>\n<td>17.27<\/td>\n<\/tr>\n<\/tbody>\n<\/table>\n<h2><em><strong>Caratteristiche delle catene silenziose a contatto laterale<\/strong><\/em><\/h2>\n<p>Una caratteristica fondamentale delle catene silenziose con contatto laterale \u00e8 il basso rumore di risonanza. Questo si ottiene variando il tasso di occupazione della superficie di contatto delle piastre di collegamento in una fila. Le piastre di collegamento in una fila possono anche essere disposte in modo casuale per ridurre al minimo il rumore di risonanza. Queste caratteristiche rendono la progettazione passiva delle catene silenziose ideale per applicazioni in cui \u00e8 importante un basso rumore di resistenza. Di seguito sono elencate alcune delle caratteristiche principali di questo tipo di progettazione passiva.<\/p>\n<p>In primo luogo, l'area di trasmissione della potenza di una catena silenziosa \u00e8 altamente resistente all'usura e alla fatica. Di conseguenza, la sua durata \u00e8 lunga. Questa \u00e8 anche una caratteristica fondamentale per garantire la sicurezza. Poich\u00e9 la superficie del fianco di una catena silenziosa \u00e8 la parte pi\u00f9 sensibile della catena, \u00e8 importante considerare la superficie del fianco nella progettazione. Questo garantir\u00e0 che la catena rimanga silenziosa durante il funzionamento. \u00c8 importante ricordare che la superficie della catena sar\u00e0 a contatto con diverse parti della macchina.<\/p>\n<p>La seconda caratteristica \u00e8 un'ampia area di contatto tra la superficie di accoppiamento e il pignone. Questa caratteristica riduce il rumore generato dalle collisioni quando le due superfici sono a contatto. Inoltre, l'area di trasmissione dell'accoppiamento \u00e8 relativamente liscia e priva di usura. Di conseguenza, l'accoppiamento inizia a ingranare con il fianco del dente del pignone in un'area adiacente alla sua punta. Quando questa parte della catena viene innestata dal pignone, si ottiene un funzionamento silenzioso.<\/p>\n<p><img loading=\"lazy\" decoding=\"async\" class=\"aligncenter size-full wp-image-270119\" src=\"https:\/\/hzpt.com\/wp-content\/uploads\/2022\/08\/flank-contact-silent-chains.webp\" alt=\"Catene silenziose a contatto laterale\" width=\"600\" height=\"440\" \/><\/p>\n<h2><em><strong>Vantaggi delle catene silenziose a contatto laterale<\/strong><\/em><\/h2>\n<p>L'utilizzo di una catena silenziosa Flank Contact offre numerosi vantaggi. Di seguito ne elenchiamo alcuni. Se state pensando di acquistare una catena silenziosa per la vostra bicicletta, dovreste conoscere questi vantaggi e come possono esservi utili. Inoltre, queste catene silenziose Flank Contact sono pi\u00f9 resistenti delle catene tradizionali. E se state cercando una nuova catena per la vostra bici, potreste prendere in considerazione una catena silenziosa Flank Contact.<\/p>\n<p>Una catena silenziosa \u00e8 solitamente composta da pi\u00f9 maglie che formano un anello infinito attorno a una coppia di pignoni. Queste maglie sono interconnesse e progettate in modo che i denti sul lato del fianco si innestino con i denti del pignone. Questo aiuta a trasferire la potenza dal pignone motore a quello condotto. \u00c8 importante sapere come effettuare la corretta manutenzione di una catena silenziosa per sfruttarne appieno i vantaggi.<\/p>\n<p>Un altro vantaggio dell'utilizzo di una catena silenziosa Flank Contact \u00e8 che non dovrete preoccuparvi che la catena si sposti durante l'innesto. Questo grazie al modo in cui i perni si innestano sui pignoni. Essendo convessi, i perni non si sposteranno n\u00e9 si creperanno. Inoltre, potete utilizzare una catena silenziosa Flank Contact su qualsiasi tipo di bici, poich\u00e9 \u00e8 sicura e affidabile.<\/p>\n<h2><em><strong>Pignoni per catene silenziose a contatto con il fianco<\/strong><\/em><\/h2>\n<p>Utilizzando catene silenziose con contatto laterale, il pignone sulla maglia posteriore si innesta nella parte superiore del fianco interno della catena. Questo innesto si ottiene facendo entrare in contatto il dente del pignone con la seconda parte del fianco interno. Le due superfici del pignone presentano lo stesso profilo. Di conseguenza, i pignoni si innestano nella catena in modo simmetrico, garantendo un funzionamento ottimale.<\/p>\n<p>I denti della ruota dentata si innestano sul fianco esterno della piastra di collegamento nel punto in cui si incontrano o sono \"in prossimit\u00e0\". La distanza tra il punto finale di innesto e il punto di trasferimento dell'innesto \u00e8 relativamente piccola se vista in direzione trasversale. Maggiore \u00e8 la distanza tra il punto di innesto e il punto di trasferimento dell'innesto, maggiore \u00e8 la forza di collisione dei denti della ruota dentata e maggiore \u00e8 il rumore prodotto dall'innesto.<\/p>\n<p>Oltre a queste catene di trasmissione, Ever Power offre anche pignoni di alta qualit\u00e0 in vendita. Contattaci subito!<\/p>\n<p><img loading=\"lazy\" decoding=\"async\" class=\"aligncenter size-full wp-image-270007\" src=\"https:\/\/hzpt.com\/wp-content\/uploads\/2022\/08\/ep_Sprocket-1024x539-2.webp\" alt=\"Pignoni\" width=\"1024\" height=\"539\" \/><\/p>\n<p>modificato da gzl<\/p>","protected":false},"excerpt":{"rendered":"<p>Una catena silenziosa a contatto con il fianco \u00e8 composta da una pluralit\u00e0 di maglie intercalate, ciascuna dotata di una coppia di denti. Ogni maglia presenta un fianco interno e uno esterno. Ogni maglia ha una corrispondente ruota dentata con una forma dei denti che si adatta alla forma del fianco della piastra di maglia. Inoltre, i denti delle ruote dentate corrispondono alla parte inferiore dei denti della maglia.<\/p>","protected":false},"featured_media":671,"comment_status":"open","ping_status":"closed","template":"","meta":{"_et_pb_use_builder":"","_et_pb_old_content":"","_et_gb_content_width":""},"product_brand":[],"product_cat":[1577],"product_tag":[],"class_list":{"0":"post-643","1":"product","2":"type-product","3":"status-publish","4":"has-post-thumbnail","6":"product_cat-drive-chain","8":"first","9":"instock","10":"shipping-taxable","11":"product-type-simple"},"_links":{"self":[{"href":"https:\/\/camelbackchain.com\/it\/wp-json\/wp\/v2\/product\/643","targetHints":{"allow":["GET"]}}],"collection":[{"href":"https:\/\/camelbackchain.com\/it\/wp-json\/wp\/v2\/product"}],"about":[{"href":"https:\/\/camelbackchain.com\/it\/wp-json\/wp\/v2\/types\/product"}],"replies":[{"embeddable":true,"href":"https:\/\/camelbackchain.com\/it\/wp-json\/wp\/v2\/comments?post=643"}],"wp:featuredmedia":[{"embeddable":true,"href":"https:\/\/camelbackchain.com\/it\/wp-json\/wp\/v2\/media\/671"}],"wp:attachment":[{"href":"https:\/\/camelbackchain.com\/it\/wp-json\/wp\/v2\/media?parent=643"}],"wp:term":[{"taxonomy":"product_brand","embeddable":true,"href":"https:\/\/camelbackchain.com\/it\/wp-json\/wp\/v2\/product_brand?post=643"},{"taxonomy":"product_cat","embeddable":true,"href":"https:\/\/camelbackchain.com\/it\/wp-json\/wp\/v2\/product_cat?post=643"},{"taxonomy":"product_tag","embeddable":true,"href":"https:\/\/camelbackchain.com\/it\/wp-json\/wp\/v2\/product_tag?post=643"}],"curies":[{"name":"wp","href":"https:\/\/api.w.org\/{rel}","templated":true}]}}