{"id":643,"date":"2025-12-19T07:55:47","date_gmt":"2025-12-19T07:55:47","guid":{"rendered":"https:\/\/camelbackchain.com\/?post_type=product&#038;p=643"},"modified":"2025-12-22T07:14:13","modified_gmt":"2025-12-22T07:14:13","slug":"flankkontakt-tysta-kedjor-sc3-sc4-sc5-sc6-sc8-sc10","status":"publish","type":"product","link":"https:\/\/camelbackchain.com\/sv\/produkt\/flankkontakt-tysta-kedjor-sc3-sc4-sc5-sc6-sc8-sc10\/","title":{"rendered":"Flankkontakt Tysta kedjor SC3 SC4 SC5 SC6 SC8 SC10"},"content":{"rendered":"<p style=\"text-align: center;\"><span style=\"color: #000000; font-size: 24pt;\">Flankkontakt Tysta kedjor SC3 SC4 SC5 SC6 SC8 SC10<\/span><\/p>\n<p>En flankkontakt-tystkedja best\u00e5r av sammanfl\u00e4tade rader av tv\u00e5delade l\u00e4nkplattor som \u00e4r sammankopplade med f\u00f6rbindningsstift. T\u00e4nderna i varje rad \u00f6verlappar t\u00e4nderna i den intilliggande raden. De inre flankerna p\u00e5 varje tand sticker ut utanf\u00f6r de yttre flankerna p\u00e5 de \u00f6verlappande t\u00e4nderna. N\u00e4r de \u00e4r sp\u00e4nda griper dessa flanker in i kedjehjulets t\u00e4nder. Effekten \u00e4r att d\u00e4mpa buller och vibrationer som produceras av kedjetransmissionen.<\/p>\n<p>En typisk flankkontaktkedja med tyst flank best\u00e5r av l\u00e4nkar sammankopplade med en f\u00f6rbindningsstift. Den inre flanken p\u00e5 varje l\u00e4nk har tv\u00e5 t\u00e4nder. Varje tand har en motsvarande yttre och inre flank. Den yttre flanken p\u00e5 varje l\u00e4nk \u00e4r formad f\u00f6r att rymma den yttre flanken. Den yttre flanken \u00e4r formad som en boll. Denna form \u00e4r viktig eftersom ingreppspunkten m\u00e5ste vara stabil f\u00f6r att kedjan ska vara stabil. Den yttre flanken kan ocks\u00e5 b\u00f6jas eller vridas f\u00f6r att m\u00f6ta de andra t\u00e4nderna.<\/p>\n<h2><strong><em>Parametrar f\u00f6r tysta kedjor med flankkontakt<\/em><\/strong><\/h2>\n<table style=\"border-color: #000000;\">\n<thead>\n<tr>\n<th>Kedjeserien<\/th>\n<th>Kedjenummer (efter bredd)<\/th>\n<th>Tonh\u00f6jd (P)<\/p>\n<div class=\"container-Uxvbjy md-box-line-break wrapper-GYqxgQ undefined\"><\/div>\n<p>mm<\/th>\n<th>Kedjebredd (b)<\/p>\n<div class=\"container-Uxvbjy md-box-line-break wrapper-GYqxgQ undefined\"><\/div>\n<p>min mm<\/th>\n<th>Stiftdiameter (d2)<\/p>\n<div class=\"container-Uxvbjy md-box-line-break wrapper-GYqxgQ undefined\"><\/div>\n<p>max mm<\/th>\n<th>Stiftl\u00e4ngd (L)<\/p>\n<div class=\"container-Uxvbjy md-box-line-break wrapper-GYqxgQ undefined\"><\/div>\n<p>max mm<\/th>\n<th>Stiftl\u00e4ngd (Lc)<\/p>\n<div class=\"container-Uxvbjy md-box-line-break wrapper-GYqxgQ undefined\"><\/div>\n<p>max mm<\/th>\n<th>Avst\u00e5nd fr\u00e5n h\u00e5lets centrum till tanden (h1)<\/p>\n<div class=\"container-Uxvbjy md-box-line-break wrapper-GYqxgQ undefined\"><\/div>\n<p>mm<\/th>\n<th>Plattdjup (h2)<\/p>\n<div class=\"container-Uxvbjy md-box-line-break wrapper-GYqxgQ undefined\"><\/div>\n<p>max mm<\/th>\n<th>Pl\u00e5ttjocklek (T)<\/p>\n<div class=\"container-Uxvbjy md-box-line-break wrapper-GYqxgQ undefined\"><\/div>\n<p>max mm<\/th>\n<th>Guidetyp<\/th>\n<th>Antal plattor (n)<\/th>\n<th>Brottgr\u00e4ns (Q)<\/p>\n<div class=\"container-Uxvbjy md-box-line-break wrapper-GYqxgQ undefined\"><\/div>\n<p>min kN\/lbf<\/th>\n<th>Genomsnittlig dragh\u00e5llfasthet (Q0)<\/p>\n<div class=\"container-Uxvbjy md-box-line-break wrapper-GYqxgQ undefined\"><\/div>\n<p>kN<\/th>\n<th>Vikt per meter (q)<\/p>\n<div class=\"container-Uxvbjy md-box-line-break wrapper-GYqxgQ undefined\"><\/div>\n<p>kg\/m\u00b2<\/th>\n<\/tr>\n<\/thead>\n<tbody>\n<tr>\n<td><strong>SC3<\/strong><\/td>\n<td>(13.5)<\/td>\n<td>9.525<\/td>\n<td>13.5<\/td>\n<td>3.95<\/td>\n<td>18.5<\/td>\n<td>20.0<\/td>\n<td>5.3<\/td>\n<td>10.0<\/td>\n<td>1.5<\/td>\n<td>Utanf\u00f6r<\/td>\n<td>9<\/td>\n<td>10.0\/2272<\/td>\n<td>11.2<\/td>\n<td>0.60<\/td>\n<\/tr>\n<tr>\n<td><\/td>\n<td>(16.5)<\/td>\n<td>9.525<\/td>\n<td>16.5<\/td>\n<td>3.95<\/td>\n<td>21.5<\/td>\n<td>23.0<\/td>\n<td>5.3<\/td>\n<td>10.0<\/td>\n<td>1.5<\/td>\n<td>Utanf\u00f6r<\/td>\n<td>11<\/td>\n<td>12.5\/2840<\/td>\n<td>14.0<\/td>\n<td>0.73<\/td>\n<\/tr>\n<tr>\n<td><\/td>\n<td>(19.5)<\/td>\n<td>9.525<\/td>\n<td>19.5<\/td>\n<td>3.95<\/td>\n<td>24.5<\/td>\n<td>26.0<\/td>\n<td>5.3<\/td>\n<td>10.0<\/td>\n<td>1.5<\/td>\n<td>Utanf\u00f6r<\/td>\n<td>13<\/td>\n<td>15.0\/3409<\/td>\n<td>16.8<\/td>\n<td>0.85<\/td>\n<\/tr>\n<tr>\n<td><\/td>\n<td>(22.5)<\/td>\n<td>9.525<\/td>\n<td>22.5<\/td>\n<td>3.95<\/td>\n<td>27.5<\/td>\n<td>29.0<\/td>\n<td>5.3<\/td>\n<td>10.0<\/td>\n<td>1.5<\/td>\n<td>Utanf\u00f6r<\/td>\n<td>15<\/td>\n<td>17.5\/3997<\/td>\n<td>19.6<\/td>\n<td>1.00<\/td>\n<\/tr>\n<tr>\n<td><\/td>\n<td>(28.5)<\/td>\n<td>9.525<\/td>\n<td>28.5<\/td>\n<td>3.95<\/td>\n<td>33.5<\/td>\n<td>35.0<\/td>\n<td>5.3<\/td>\n<td>10.0<\/td>\n<td>1.5<\/td>\n<td>Inuti<\/td>\n<td>19<\/td>\n<td>22.5\/5114<\/td>\n<td>25.2<\/td>\n<td>1.26<\/td>\n<\/tr>\n<tr>\n<td><strong>SC4<\/strong><\/td>\n<td>(19.5)<\/td>\n<td>12.700<\/td>\n<td>19.5<\/td>\n<td>5.08<\/td>\n<td>27.5<\/td>\n<td>29.0<\/td>\n<td>7.0<\/td>\n<td>13.4<\/td>\n<td>1.5<\/td>\n<td>Utanf\u00f6r<\/td>\n<td>13<\/td>\n<td>12.5\/2840<\/td>\n<td>14.0<\/td>\n<td>0.73<\/td>\n<\/tr>\n<tr>\n<td><\/td>\n<td>(22.5)<\/td>\n<td>12.700<\/td>\n<td>22.5<\/td>\n<td>5.08<\/td>\n<td>30.5<\/td>\n<td>32.0<\/td>\n<td>7.0<\/td>\n<td>13.4<\/td>\n<td>1.5<\/td>\n<td>Utanf\u00f6r<\/td>\n<td>15<\/td>\n<td>17.5\/3997<\/td>\n<td>19.6<\/td>\n<td>1.00<\/td>\n<\/tr>\n<tr>\n<td><\/td>\n<td>(28.5)<\/td>\n<td>12.700<\/td>\n<td>28.5<\/td>\n<td>5.08<\/td>\n<td>33.5<\/td>\n<td>35.0<\/td>\n<td>7.0<\/td>\n<td>13.4<\/td>\n<td>1.5<\/td>\n<td>Utanf\u00f6r<\/td>\n<td>17<\/td>\n<td>21.7\/4924<\/td>\n<td>24.1<\/td>\n<td>1.30<\/td>\n<\/tr>\n<tr>\n<td><\/td>\n<td>(34.5)<\/td>\n<td>12.700<\/td>\n<td>34.5<\/td>\n<td>5.08<\/td>\n<td>39.5<\/td>\n<td>41.0<\/td>\n<td>7.0<\/td>\n<td>13.4<\/td>\n<td>1.5<\/td>\n<td>Inuti<\/td>\n<td>19<\/td>\n<td>35.2\/8000<\/td>\n<td>39.4<\/td>\n<td>1.68<\/td>\n<\/tr>\n<tr>\n<td><\/td>\n<td>(40.5)<\/td>\n<td>12.700<\/td>\n<td>40.5<\/td>\n<td>5.08<\/td>\n<td>45.5<\/td>\n<td>47.0<\/td>\n<td>7.0<\/td>\n<td>13.4<\/td>\n<td>1.5<\/td>\n<td>Inuti<\/td>\n<td>23<\/td>\n<td>40.3\/9172<\/td>\n<td>44.8<\/td>\n<td>2.04<\/td>\n<\/tr>\n<tr>\n<td><\/td>\n<td>(46.5)<\/td>\n<td>12.700<\/td>\n<td>46.5<\/td>\n<td>5.08<\/td>\n<td>51.5<\/td>\n<td>53.0<\/td>\n<td>7.0<\/td>\n<td>13.4<\/td>\n<td>1.5<\/td>\n<td>Inuti<\/td>\n<td>27<\/td>\n<td>58.6\/13318<\/td>\n<td>65.6<\/td>\n<td>2.74<\/td>\n<\/tr>\n<tr>\n<td><strong>SC5<\/strong><\/td>\n<td>(32.0)<\/td>\n<td>15.875<\/td>\n<td>32.0<\/td>\n<td>5.92<\/td>\n<td>37.0<\/td>\n<td>39.2<\/td>\n<td>8.7<\/td>\n<td>16.7<\/td>\n<td>2.0<\/td>\n<td>Inuti<\/td>\n<td>15<\/td>\n<td>56.1\/12595<\/td>\n<td>65.0<\/td>\n<td>2.20<\/td>\n<\/tr>\n<tr>\n<td><\/td>\n<td>(38.0)<\/td>\n<td>15.875<\/td>\n<td>38.0<\/td>\n<td>5.92<\/td>\n<td>45.0<\/td>\n<td>46.2<\/td>\n<td>8.7<\/td>\n<td>16.7<\/td>\n<td>2.0<\/td>\n<td>Inuti<\/td>\n<td>19<\/td>\n<td>78.7\/17638<\/td>\n<td>95.5<\/td>\n<td>3.89<\/td>\n<\/tr>\n<tr>\n<td><\/td>\n<td>(54.0)<\/td>\n<td>15.875<\/td>\n<td>54.0<\/td>\n<td>5.92<\/td>\n<td>61.0<\/td>\n<td>62.4<\/td>\n<td>8.7<\/td>\n<td>16.7<\/td>\n<td>2.0<\/td>\n<td>Inuti<\/td>\n<td>23<\/td>\n<td>84.7\/19250<\/td>\n<td>94.0<\/td>\n<td>3.99<\/td>\n<\/tr>\n<tr>\n<td><\/td>\n<td>(62.0)<\/td>\n<td>15.875<\/td>\n<td>62.0<\/td>\n<td>5.92<\/td>\n<td>69.0<\/td>\n<td>70.4<\/td>\n<td>8.7<\/td>\n<td>16.7<\/td>\n<td>2.0<\/td>\n<td>Inuti<\/td>\n<td>31<\/td>\n<td>97.7\/22004<\/td>\n<td>108.4<\/td>\n<td>4.58<\/td>\n<\/tr>\n<tr>\n<td><strong>SC6<\/strong><\/td>\n<td>(46.0)<\/td>\n<td>19.050<\/td>\n<td>46.0<\/td>\n<td>6.90<\/td>\n<td>53.0<\/td>\n<td>54.8<\/td>\n<td>10.5<\/td>\n<td>20.0<\/td>\n<td>2.0<\/td>\n<td>Inuti<\/td>\n<td>23<\/td>\n<td>86.2\/19345<\/td>\n<td>95.4<\/td>\n<td>4.08<\/td>\n<\/tr>\n<tr>\n<td><\/td>\n<td>(52.0)<\/td>\n<td>19.050<\/td>\n<td>52.0<\/td>\n<td>6.90<\/td>\n<td>61.0<\/td>\n<td>62.5<\/td>\n<td>10.5<\/td>\n<td>20.0<\/td>\n<td>2.0<\/td>\n<td>Inuti<\/td>\n<td>27<\/td>\n<td>102.0\/22952<\/td>\n<td>113.2<\/td>\n<td>4.78<\/td>\n<\/tr>\n<tr>\n<td><\/td>\n<td>(62.0)<\/td>\n<td>19.050<\/td>\n<td>62.0<\/td>\n<td>6.90<\/td>\n<td>69.0<\/td>\n<td>70.8<\/td>\n<td>10.5<\/td>\n<td>20.0<\/td>\n<td>2.0<\/td>\n<td>Inuti<\/td>\n<td>31<\/td>\n<td>117.0\/26591<\/td>\n<td>129.8<\/td>\n<td>5.50<\/td>\n<\/tr>\n<tr>\n<td><\/td>\n<td>(70.0)<\/td>\n<td>19.050<\/td>\n<td>70.0<\/td>\n<td>6.90<\/td>\n<td>77.0<\/td>\n<td>78.8<\/td>\n<td>10.5<\/td>\n<td>20.0<\/td>\n<td>2.0<\/td>\n<td>Inuti<\/td>\n<td>35<\/td>\n<td>133.0\/30227<\/td>\n<td>147.6<\/td>\n<td>6.20<\/td>\n<\/tr>\n<tr>\n<td><strong>SC8<\/strong><\/td>\n<td>(57.0)<\/td>\n<td>25.400<\/td>\n<td>57.0<\/td>\n<td>8.90<\/td>\n<td>58.0<\/td>\n<td>59.5<\/td>\n<td>14.0<\/td>\n<td>26.7<\/td>\n<td>3.0<\/td>\n<td>Inuti<\/td>\n<td>17<\/td>\n<td>125.0\/28409<\/td>\n<td>138.7<\/td>\n<td>6.07<\/td>\n<\/tr>\n<tr>\n<td><\/td>\n<td>(69.0)<\/td>\n<td>25.400<\/td>\n<td>69.0<\/td>\n<td>8.90<\/td>\n<td>74.2<\/td>\n<td>77.7<\/td>\n<td>14.0<\/td>\n<td>26.7<\/td>\n<td>3.0<\/td>\n<td>Inuti<\/td>\n<td>23<\/td>\n<td>172.0\/39091<\/td>\n<td>190.9<\/td>\n<td>8.15<\/td>\n<\/tr>\n<tr>\n<td><\/td>\n<td>(81.0)<\/td>\n<td>25.400<\/td>\n<td>81.0<\/td>\n<td>8.90<\/td>\n<td>88.2<\/td>\n<td>89.7<\/td>\n<td>14.0<\/td>\n<td>26.7<\/td>\n<td>3.0<\/td>\n<td>Inuti<\/td>\n<td>27<\/td>\n<td>203.0\/45638<\/td>\n<td>225.3<\/td>\n<td>9.58<\/td>\n<\/tr>\n<tr>\n<td><\/td>\n<td>(93.0)<\/td>\n<td>25.400<\/td>\n<td>93.0<\/td>\n<td>8.90<\/td>\n<td>100.6<\/td>\n<td>101.7<\/td>\n<td>14.0<\/td>\n<td>26.7<\/td>\n<td>3.0<\/td>\n<td>Inuti<\/td>\n<td>31<\/td>\n<td>230.3\/51649<\/td>\n<td>256.8<\/td>\n<td>10.97<\/td>\n<\/tr>\n<tr>\n<td><strong>SC10<\/strong><\/td>\n<td>(57.0)<\/td>\n<td>31.750<\/td>\n<td>57.0<\/td>\n<td>10.84<\/td>\n<td>66.6<\/td>\n<td>69.6<\/td>\n<td>17.5<\/td>\n<td>33.4<\/td>\n<td>3.0<\/td>\n<td>Inuti<\/td>\n<td>19<\/td>\n<td>165.0\/37500<\/td>\n<td>183.1<\/td>\n<td>8.42<\/td>\n<\/tr>\n<tr>\n<td><\/td>\n<td>(69.0)<\/td>\n<td>31.750<\/td>\n<td>69.0<\/td>\n<td>10.84<\/td>\n<td>78.6<\/td>\n<td>81.6<\/td>\n<td>17.5<\/td>\n<td>33.4<\/td>\n<td>3.0<\/td>\n<td>Inuti<\/td>\n<td>23<\/td>\n<td>207.0\/46581<\/td>\n<td>233.1<\/td>\n<td>10.19<\/td>\n<\/tr>\n<tr>\n<td><\/td>\n<td>(93.0)<\/td>\n<td>31.750<\/td>\n<td>93.0<\/td>\n<td>10.84<\/td>\n<td>102.6<\/td>\n<td>105.6<\/td>\n<td>17.5<\/td>\n<td>33.4<\/td>\n<td>3.0<\/td>\n<td>Inuti<\/td>\n<td>31<\/td>\n<td>273.0\/61454<\/td>\n<td>303.0<\/td>\n<td>13.70<\/td>\n<\/tr>\n<tr>\n<td><\/td>\n<td>(105.0)<\/td>\n<td>31.750<\/td>\n<td>105.0<\/td>\n<td>10.84<\/td>\n<td>114.6<\/td>\n<td>117.6<\/td>\n<td>17.5<\/td>\n<td>33.4<\/td>\n<td>3.0<\/td>\n<td>Inuti<\/td>\n<td>35<\/td>\n<td>310.0\/70705<\/td>\n<td>343.1<\/td>\n<td>15.53<\/td>\n<\/tr>\n<tr>\n<td><\/td>\n<td>(117.0)<\/td>\n<td>31.750<\/td>\n<td>117.0<\/td>\n<td>10.84<\/td>\n<td>126.6<\/td>\n<td>129.6<\/td>\n<td>17.5<\/td>\n<td>33.4<\/td>\n<td>3.0<\/td>\n<td>Inuti<\/td>\n<td>39<\/td>\n<td>346.0\/78536<\/td>\n<td>380.6<\/td>\n<td>17.27<\/td>\n<\/tr>\n<\/tbody>\n<\/table>\n<h2><em><strong>Funktioner f\u00f6r tysta kedjor i flankkontakt<\/strong><\/em><\/h2>\n<p>En viktig egenskap hos tysta flankkontaktkedjor \u00e4r det l\u00e5ga resonansbruset. Detta uppn\u00e5s genom att variera kontaktytans bel\u00e4ggningsgrad f\u00f6r l\u00e4nkplattor i rad. L\u00e4nkplattor i en rad kan ocks\u00e5 arrangeras slumpm\u00e4ssigt f\u00f6r att minimera resonansbrus. Dessa egenskaper g\u00f6r den passiva designen av tysta kedjor idealisk f\u00f6r till\u00e4mpningar d\u00e4r l\u00e5gresistansbrus \u00e4r viktigt. Nedan listas n\u00e5gra av de viktigaste egenskaperna hos denna typ av passiv design.<\/p>\n<p>F\u00f6r det f\u00f6rsta \u00e4r en tyst kedjas kraft\u00f6verf\u00f6ringsomr\u00e5de mycket motst\u00e5ndskraftigt mot slitage och utmattning. Som ett resultat \u00e4r dess livsl\u00e4ngd l\u00e5ng. Detta \u00e4r ocks\u00e5 en viktig egenskap f\u00f6r att garantera s\u00e4kerheten. Eftersom flankytan p\u00e5 en tyst kedja \u00e4r den k\u00e4nsligaste delen av en kedja \u00e4r det viktigt att ta h\u00e4nsyn till flankytan i din design. Detta s\u00e4kerst\u00e4ller att kedjan f\u00f6rblir tyst under arbetet. Det \u00e4r viktigt att komma ih\u00e5g att kedjans yta kommer att vara i kontakt med olika delar av maskinen.<\/p>\n<p>Den andra egenskapen \u00e4r en h\u00f6g kontaktyta mellan kedjehjul och yta. Denna egenskap minskar bullret som genereras av kollisioner n\u00e4r de tv\u00e5 ytorna \u00e4r i kontakt. Dessutom \u00e4r det n\u00e4t\u00f6verf\u00f6rande omr\u00e5det relativt sl\u00e4tt och slitagefritt. Som ett resultat b\u00f6rjar n\u00e4tet gripa in i kedjehjulets tandflank i ett omr\u00e5de intill dess spets. N\u00e4r denna del av kedjan griper tag i kedjehjulet, ger det en tystg\u00e5ende drift.<\/p>\n<p><img loading=\"lazy\" decoding=\"async\" class=\"aligncenter size-full wp-image-270119\" src=\"https:\/\/hzpt.com\/wp-content\/uploads\/2022\/08\/flank-contact-silent-chains.webp\" alt=\"Flankkontakt Tysta kedjor\" width=\"600\" height=\"440\" \/><\/p>\n<h2><em><strong>F\u00f6rdelar med tysta flankkontaktkedjor<\/strong><\/em><\/h2>\n<p>Det finns m\u00e5nga f\u00f6rdelar med att anv\u00e4nda en flankkontakt-kedja. Nedan listas n\u00e5gra av dessa f\u00f6rdelar. Om du funderar p\u00e5 att k\u00f6pa en tyst kedja till din cykel b\u00f6r du k\u00e4nna till dessa f\u00f6rdelar och hur de kan hj\u00e4lpa dig. Dessutom \u00e4r dessa flankkontakt-kedjor mer h\u00e5llbara \u00e4n traditionella kedjor. Och om du letar efter en ny kedja till din cykel kanske du vill \u00f6verv\u00e4ga en flankkontakt-kedja.<\/p>\n<p>En tyst kedja best\u00e5r vanligtvis av flera l\u00e4nkar som bildar en \u00e4ndl\u00f6s slinga runt ett par kedjehjul. Dessa l\u00e4nkar \u00e4r sammankopplade och \u00e4r utformade s\u00e5 att t\u00e4nderna p\u00e5 flanksidan griper in i t\u00e4nderna p\u00e5 kedjehjulet. Detta hj\u00e4lper till att \u00f6verf\u00f6ra kraft fr\u00e5n det drivande kedjehjulet till det drivna kedjehjulet. Det \u00e4r viktigt att veta hur man underh\u00e5ller en tyst kedja p\u00e5 r\u00e4tt s\u00e4tt f\u00f6r att kunna dra nytta av dess fulla f\u00f6rdelar.<\/p>\n<p>En annan f\u00f6rdel med att anv\u00e4nda en Flank Contact Silent Chain \u00e4r att du inte beh\u00f6ver oroa dig f\u00f6r att kedjan ska f\u00f6rskjutas medan den greppar. Detta beror p\u00e5 hur stiften griper in i dreven. Eftersom stiften \u00e4r konvexa kommer de inte att f\u00f6rskjutas eller spricka. Och eftersom du kan anv\u00e4nda en Flank Contact Silent Chain till alla typer av cyklar, eftersom kedjan \u00e4r s\u00e4ker och p\u00e5litlig.<\/p>\n<h2><em><strong>Kedjehjul f\u00f6r flankkontakt tysta kedjor<\/strong><\/em><\/h2>\n<p>Vid anv\u00e4ndning av flankkontaktkedjor griper kedjehjulet p\u00e5 den bakre l\u00e4nken in i den \u00f6vre delen av kedjans innerflank. Detta grepp uppn\u00e5s genom att kedjehjulets kugg kommer i kontakt med den andra delen av innerflanken. De tv\u00e5 kedjehjulsytorna har samma kontur. Som ett resultat griper kedjehjulen in i kedjan p\u00e5 ett symmetriskt s\u00e4tt, vilket resulterar i optimal drift.<\/p>\n<p>Kedjehjulets t\u00e4nder griper in i l\u00e4nkplattans ytterflank vid den punkt d\u00e4r de m\u00f6ts eller \u00e4r \"i n\u00e4rheten\". Avst\u00e5ndet mellan ingrepps\u00e4ndpunkten och ingrepps\u00f6verf\u00f6ringspunkten \u00e4r relativt litet sett i tv\u00e4rriktningen. Ju l\u00e4ngre avst\u00e5ndet mellan ingreppspunkten och ingrepps\u00f6verf\u00f6ringspunkten \u00e4r, desto st\u00f6rre kraft fr\u00e5n kedjehjulets kollision och desto mer ljud producerar ingreppet.<\/p>\n<p>F\u00f6rutom dessa drivkedjor erbjuder Everpower \u00e4ven h\u00f6gkvalitativa kedjehjul till salu. Kontakta oss nu!<\/p>\n<p><img loading=\"lazy\" decoding=\"async\" class=\"aligncenter size-full wp-image-270007\" src=\"https:\/\/hzpt.com\/wp-content\/uploads\/2022\/08\/ep_Sprocket-1024x539-2.webp\" alt=\"Kedjehjul\" width=\"1024\" height=\"539\" \/><\/p>\n<p>redigerad av gzl<\/p>","protected":false},"excerpt":{"rendered":"<p>En flankkontakt-tystkedja best\u00e5r av ett flertal sammanfl\u00e4tade l\u00e4nkar med ett par t\u00e4nder vardera. Varje l\u00e4nk har en inre och en yttre flank. Varje l\u00e4nk har ett motsvarande kedjehjul med en tandform som matchar flankformen p\u00e5 dess l\u00e4nkplatta. Dessutom motsvarar t\u00e4nderna p\u00e5 kedjehjulen den nedre delen av l\u00e4nkens t\u00e4nder.<\/p>","protected":false},"featured_media":671,"comment_status":"open","ping_status":"closed","template":"","meta":{"_et_pb_use_builder":"","_et_pb_old_content":"","_et_gb_content_width":""},"product_brand":[],"product_cat":[1577],"product_tag":[],"class_list":{"0":"post-643","1":"product","2":"type-product","3":"status-publish","4":"has-post-thumbnail","6":"product_cat-drive-chain","8":"first","9":"instock","10":"shipping-taxable","11":"product-type-simple"},"_links":{"self":[{"href":"https:\/\/camelbackchain.com\/sv\/wp-json\/wp\/v2\/product\/643","targetHints":{"allow":["GET"]}}],"collection":[{"href":"https:\/\/camelbackchain.com\/sv\/wp-json\/wp\/v2\/product"}],"about":[{"href":"https:\/\/camelbackchain.com\/sv\/wp-json\/wp\/v2\/types\/product"}],"replies":[{"embeddable":true,"href":"https:\/\/camelbackchain.com\/sv\/wp-json\/wp\/v2\/comments?post=643"}],"wp:featuredmedia":[{"embeddable":true,"href":"https:\/\/camelbackchain.com\/sv\/wp-json\/wp\/v2\/media\/671"}],"wp:attachment":[{"href":"https:\/\/camelbackchain.com\/sv\/wp-json\/wp\/v2\/media?parent=643"}],"wp:term":[{"taxonomy":"product_brand","embeddable":true,"href":"https:\/\/camelbackchain.com\/sv\/wp-json\/wp\/v2\/product_brand?post=643"},{"taxonomy":"product_cat","embeddable":true,"href":"https:\/\/camelbackchain.com\/sv\/wp-json\/wp\/v2\/product_cat?post=643"},{"taxonomy":"product_tag","embeddable":true,"href":"https:\/\/camelbackchain.com\/sv\/wp-json\/wp\/v2\/product_tag?post=643"}],"curies":[{"name":"wp","href":"https:\/\/api.w.org\/{rel}","templated":true}]}}