{"id":636,"date":"2025-12-19T07:55:30","date_gmt":"2025-12-19T07:55:30","guid":{"rendered":"https:\/\/camelbackchain.com\/?post_type=product&#038;p=636"},"modified":"2025-12-22T07:41:37","modified_gmt":"2025-12-22T07:41:37","slug":"anti-sidebow-chains-for-pushing-window-p11-5","status":"publish","type":"product","link":"https:\/\/camelbackchain.com\/vi\/san-pham\/anti-sidebow-chains-for-pushing-window-p11-5\/","title":{"rendered":"D\u00e2y x\u00edch ch\u1ed1ng cong v\u00eanh cho c\u1eeda s\u1ed5 \u0111\u1ea9y P11.5"},"content":{"rendered":"<p style=\"text-align: center;\"><span style=\"font-size: 24pt; color: #000000;\">D\u00e2y x\u00edch ch\u1ed1ng cong v\u00eanh cho c\u1eeda s\u1ed5 \u0111\u1ea9y P11.5<\/span><\/p>\n<p>An intelligent door and window anti-bending chain is a kind of chain that is used to prevent a window from being bent. It can be applied to flat push windows and cased windows. It is powered by an electric motor or a hydraulic cylinder. It is made of high-quality steel and is treated with a zinc-nickel alloy surface anti-corrosion process. It is durable and noise-free. It also has high stability and can withstand a long time of use.<\/p>\n<p><img loading=\"lazy\" decoding=\"async\" class=\"aligncenter wp-image-269969 size-full\" src=\"https:\/\/hzpt.com\/wp-content\/uploads\/2022\/08\/anti-sidebow-chains-for-pushing-window-2.webp\" alt=\"D\u00e2y x\u00edch ch\u1ed1ng cong v\u00eanh cho c\u1eeda s\u1ed5 \u0111\u1ea9y P11.5\" width=\"350\" height=\"350\" \/><\/p>\n<h2><strong><em>Details of P11.5 Anti-sidebow Chains for Pushing Window<\/em><\/strong><\/h2>\n<table style=\"height: 276px; width: 69.6149%; border-color: #000000;\" border=\"1\">\n<tbody>\n<tr style=\"height: 123px;\">\n<td style=\"width: 13.267%; height: 225px;\" rowspan=\"3\" width=\"76\"><strong>S\u1ed1 chu\u1ed7i<\/strong><\/td>\n<td style=\"width: 6.6335%; height: 123px;\" width=\"36\"><strong>S\u00e2n b\u00f3ng \u0111\u00e1<\/strong><\/td>\n<td style=\"width: 9.95025%; height: 123px;\" width=\"56\"><strong>\u0110\u01b0\u1eddng k\u00ednh con l\u0103n<\/strong><\/td>\n<td style=\"width: 10.7794%; height: 123px;\" width=\"61\"><strong>Kho\u1ea3ng c\u00e1ch gi\u1eefa c\u00e1c t\u1ea5m b\u00ean trong<\/strong><\/td>\n<td style=\"width: 9.61857%; height: 123px;\" width=\"50\"><strong>\u0110\u01b0\u1eddng k\u00ednh ch\u1ed1t<\/strong><\/td>\n<td style=\"width: 8.78939%; height: 123px;\" width=\"49\"><strong>Chi\u1ec1u d\u00e0i ch\u1ed1t<\/strong><\/td>\n<td style=\"width: 22.5539%; height: 123px;\" colspan=\"3\" width=\"123\"><strong>Plate dimension<\/strong><\/td>\n<td style=\"width: 15.4229%; height: 123px;\" width=\"89\"><strong>\u0110\u1ed9 b\u1ec1n k\u00e9o t\u1ed1i \u0111a<\/strong><\/td>\n<\/tr>\n<tr style=\"height: 58px;\">\n<td style=\"width: 6.6335%; height: 58px;\" width=\"36\"><strong>P<\/strong><\/td>\n<td style=\"width: 9.95025%; height: 58px;\" width=\"56\"><strong>d1<\/strong><br \/>\n<strong>t\u1ed1i \u0111a<\/strong><\/td>\n<td style=\"width: 10.7794%; height: 58px;\" width=\"61\"><strong>b1<\/strong><\/td>\n<td style=\"width: 9.61857%; height: 58px;\" width=\"50\"><strong>d2<\/strong><br \/>\n<strong>t\u1ed1i \u0111a<\/strong><\/td>\n<td style=\"width: 8.78939%; height: 58px;\" width=\"49\"><strong>L<\/strong><br \/>\n<strong>t\u1ed1i \u0111a<\/strong><\/td>\n<td style=\"width: 6.96517%; height: 58px;\" width=\"38\"><strong>H<\/strong><br \/>\n<strong>t\u1ed1i \u0111a<\/strong><\/td>\n<td style=\"width: 7.79436%; height: 58px;\" width=\"43\"><strong>h<\/strong><\/td>\n<td style=\"width: 7.79436%; height: 58px;\" width=\"42\"><strong>T<\/strong><\/td>\n<td style=\"width: 15.4229%; height: 58px;\" width=\"89\"><strong>Q<\/strong><br \/>\n<strong>ph\u00fat<\/strong><\/td>\n<\/tr>\n<tr style=\"height: 44px;\">\n<td style=\"width: 6.6335%; height: 44px;\" width=\"36\"><strong>mm<\/strong><\/td>\n<td style=\"width: 9.95025%; height: 44px;\" width=\"56\"><strong>mm<\/strong><\/td>\n<td style=\"width: 10.7794%; height: 44px;\" width=\"61\"><strong>mm<\/strong><\/td>\n<td style=\"width: 9.61857%; height: 44px;\" width=\"50\"><strong>mm<\/strong><\/td>\n<td style=\"width: 8.78939%; height: 44px;\" width=\"49\"><strong>mm<\/strong><\/td>\n<td style=\"width: 6.96517%; height: 44px;\" width=\"38\"><strong>mm<\/strong><\/td>\n<td style=\"width: 7.79436%; height: 44px;\" width=\"43\"><strong>mm<\/strong><\/td>\n<td style=\"width: 7.79436%; height: 44px;\" width=\"42\"><strong>mm<\/strong><\/td>\n<td style=\"width: 15.4229%; height: 44px;\" width=\"89\"><strong>kN<\/strong><\/td>\n<\/tr>\n<tr style=\"height: 51px;\">\n<td style=\"width: 13.267%; height: 51px;\" width=\"76\">P11.5SS<\/td>\n<td style=\"width: 6.6335%; height: 51px;\" width=\"36\">11.5<\/td>\n<td style=\"width: 9.95025%; height: 51px;\" width=\"56\">6.00<\/td>\n<td style=\"width: 10.7794%; height: 51px;\" width=\"61\">3.00<\/td>\n<td style=\"width: 9.61857%; height: 51px;\" width=\"50\">3.00<\/td>\n<td style=\"width: 8.78939%; height: 51px;\" width=\"49\">10.8<\/td>\n<td style=\"width: 6.96517%; height: 51px;\" width=\"38\">13.5<\/td>\n<td style=\"width: 7.79436%; height: 51px;\" width=\"43\">8.5<\/td>\n<td style=\"width: 7.79436%; height: 51px;\" width=\"42\">1.5\/1.5<\/td>\n<td style=\"width: 15.4229%; height: 51px;\" width=\"89\">5.5<\/td>\n<\/tr>\n<\/tbody>\n<\/table>\n<p><em style=\"color: #333333; font-size: 26px;\"><strong>Features of Anti-Sidebow Chains<\/strong><\/em><\/p>\n<p>One of the most important characteristics of Anti-sidebow chains is the ability of the chain to rotate. If the chain is positioned in the proper position, the chain can be bent to the side. For this reason, the chain consists of two separate parts: the inner chain plate and the outer chain link. The latter two parts are made of plastic material. The pivot pin 7 and the bolt 6 are made of steel. Notches in the inner chain plate allow the alignment protrusions to pivot further into this area.<\/p>\n<p>The links are interconnected by hinges. The hinges are designed to pivot about the first and second axes. The hinges are formed by pivot bolts or pins attached to the outer links. The inner links are connected to the outer links by transverse pivot openings, which are defined by separate support plates. The size of the hinge allows the plate band to pivot between the inner and outer links. This feature is useful for counteracting side bowing.<\/p>\n<p>Another feature of the anti-side bow chains is that they have additional clearance between the pin and the bushing. The chain is designed for a minimum 250 mm curve radius. It can be equipped with all common roller chain accessories, such as sprockets. However, the load-bearing area of the side bow chain is limited. Therefore, they are only suitable for lower load levels compared to comparable roller chains.<\/p>\n<h2><em><strong>Anti-Sidebow Chains and Sprockets<\/strong><\/em><\/h2>\n<p>There are a few different types available for anti-sidebow chains and sprockets. While they are similar to standard roller chains, they have extra clearance between the pins, bushings and link plates. They also have smaller pin diameters. These are the perfect solution for curved applications. These sprockets can be available in stainless steel or with various paint finishes.<\/p>\n<p>The most important aspect to consider when choosing an Anti-sidebow chain is its design. These chains have a wider clearance between the pin and the bushing. They also have a better adjustment between the outer and inner links. This means that they can be used on curved tracks and provide greater flexibility for machinery. Ever-power is one of the professional chain and\u00a0sprocket suppliers\u00a0in China. We offer high-quality anti-sidebow chains and sprockets at competitive prices. Contact us now if you are interested!<\/p>\n<h2><em><strong>Why Choose Our Anti-sidebow Chains for Pushing Window\uff1f<\/strong><\/em><\/h2>\n<div class=\"J_module\">\n<div class=\"detail-decorate-json-renderer-container\">\n<div class=\"magic-4\">\n<div class=\"magic-5\">\n<div class=\"magic-6\">\n<div class=\"magic-7\">T\u1eadp \u0111o\u00e0n truy\u1ec1n \u0111\u1ed9ng Ever-power l\u00e0 nh\u00e0 s\u1ea3n xu\u1ea5t chuy\u00ean nghi\u1ec7p c\u00e1c lo\u1ea1i x\u00edch \u0111\u1eb7c bi\u1ec7t c\u00f3 b\u01b0\u1edbc r\u0103ng l\u1edbn. Ch\u00fang t\u00f4i s\u1edf h\u1eefu d\u00e2y chuy\u1ec1n s\u1ea3n xu\u1ea5t x\u00edch ho\u00e0n ch\u1ec9nh, thi\u1ebft b\u1ecb \u0111\u01b0\u1ee3c l\u1ef1a ch\u1ecdn k\u1ef9 l\u01b0\u1ee1ng v\u00e0 quy tr\u00ecnh thi\u1ebft k\u1ebf tu\u00e2n th\u1ee7 nguy\u00ean t\u1eafc hi\u1ec7u qu\u1ea3 cao, ti\u1ebft ki\u1ec7m n\u0103ng l\u01b0\u1ee3ng v\u00e0 t\u1ef1 \u0111\u1ed9ng h\u00f3a, c\u00f9ng v\u1edbi thi\u1ebft b\u1ecb ki\u1ec3m tra hi\u1ec7n \u0111\u1ea1i, qu\u1ea3n l\u00fd doanh nghi\u1ec7p ch\u1ea5t l\u01b0\u1ee3ng cao v\u00e0 \u0111\u1ed9i ng\u0169 k\u1ef9 thu\u1eadt chuy\u00ean nghi\u1ec7p. Ch\u00fang t\u00f4i t\u1eadp trung v\u00e0o s\u1ea3n xu\u1ea5t, gia c\u00f4ng v\u00e0 kinh doanh c\u00e1c lo\u1ea1i x\u00edch truy\u1ec1n \u0111\u1ed9ng, x\u00edch \u0111\u1eb7c bi\u1ec7t, ph\u1ee5 ki\u1ec7n x\u00edch, ph\u1ee5 t\u00f9ng m\u00e1y m\u00f3c, v.v. Ch\u00fang t\u00f4i \u0111\u00e3 n\u1eafm v\u1eefng c\u00f4ng ngh\u1ec7 c\u1ed1t l\u00f5i trong s\u1ea3n xu\u1ea5t x\u00edch v\u00e0 th\u00e0nh th\u1ea1o trong kh\u00e2u gia c\u00f4ng. T\u1ea5t c\u1ea3 c\u00e1c s\u1ea3n ph\u1ea9m \u0111\u01b0\u1ee3c s\u1eed d\u1ee5ng r\u1ed9ng r\u00e3i trong c\u00e1c ng\u00e0nh c\u00f4ng nghi\u1ec7p nh\u01b0 \u0111\u01b0\u1eddng, gi\u1ea5y, xi m\u0103ng, g\u1ed7, th\u1ef1c ph\u1ea9m, khai th\u00e1c m\u1ecf, luy\u1ec7n kim v\u00e0 nhi\u1ec1u ng\u00e0nh kh\u00e1c. Ch\u00fang t\u00f4i ch\u00fa tr\u1ecdng \u0111\u1ebfn uy t\u00edn ch\u1ea5t l\u01b0\u1ee3ng s\u1ea3n ph\u1ea9m th\u00f4ng qua ch\u1ee9ng nh\u1eadn h\u1ec7 th\u1ed1ng qu\u1ea3n l\u00fd ch\u1ea5t l\u01b0\u1ee3ng IS09001:2008 v\u00e0 \u0111\u1ea1t \u0111\u01b0\u1ee3c gi\u1ea5y ph\u00e9p kinh doanh xu\u1ea5t nh\u1eadp kh\u1ea9u s\u1ea3n ph\u1ea9m v\u00e0 c\u00f4ng ngh\u1ec7 t\u1ef1 ch\u1ee7, c\u00f3 \u0111\u1ea1i l\u00fd. S\u1ea3n ph\u1ea9m c\u1ee7a ch\u00fang t\u00f4i \u0111\u01b0\u1ee3c xu\u1ea5t kh\u1ea9u \u0111\u1ebfn t\u1ea5t c\u1ea3 c\u00e1c t\u1ec9nh th\u00e0nh \u1edf Trung Qu\u1ed1c, Ch\u00e2u \u00c2u, Ch\u00e2u M\u1ef9 v\u00e0 \u0110\u00f4ng Nam \u00c1.<\/div>\n<div><\/div>\n<\/div>\n<\/div>\n<\/div>\n<\/div>\n<\/div>\n<div class=\"J_module\">\n<div class=\"icbu-pc-images magic-0\">\n<div class=\"flex-layout-v\">\n<div class=\"flex-layout-h magic-0\">\n<div class=\"magic-22\">\n<div><img loading=\"lazy\" decoding=\"async\" class=\"alignleft\" src=\"https:\/\/s.alicdn.com\/@sc04\/kf\/Hd3aecd4df0f04d2a89a804f8d6ea3680y\/200078908\/Hd3aecd4df0f04d2a89a804f8d6ea3680y.jpg?quality=close\" width=\"286\" height=\"446\" \/><\/div>\n<div><strong>1. Large bell-type intelligent annealing furnace:<\/strong><\/div>\n<div>stable and reliable annealing quality and low energy consumption<br \/>\n<strong>2. Mesh belt furnace:<\/strong><\/div>\n<div>first-class domestic mesh belt furnace heat treatment production line<br \/>\n<strong>3. Multipurpose furnace:<\/strong><\/div>\n<div>Epson multipurpose furnace provides stable and reliable heat treatment quality<br \/>\n<strong>4. ABB intelligent welding robot:<\/strong><\/div>\n<div>instead of manual completion of complex welding operations, the welding is beautiful, stable, and reliable<\/div>\n<div><\/div>\n<div><strong>5. Automatic hot riveter:<\/strong>\u00a0the self-developed automatic assembly line of welding chain can replace manual to realize automatic outcrop and hot riveting, with stable products, high precision, and high efficiency<br \/>\n<strong>6. Induction quenching equipment:<\/strong>\u00a0the self-developed semi-automatic induction quenching equipment successfully realizes selective (local) induction quenching of pin shaft and induction quenching of sprocket teeth<br \/>\n<strong>7. Programmable gantry cutting machine:<\/strong>\u00a0it has the functions of plasma cutting and flame cutting<br \/>\n<strong>8. CNC machining center:<\/strong>\u00a0CNC vertical machining center and CNC horizontal machining center, which meet the processing of high-precision molds and products<\/div>\n<div>ch\u1ec9nh s\u1eeda b\u1edfi gzl<\/div>\n<\/div>\n<\/div>\n<\/div>\n<\/div>\n<\/div>","protected":false},"excerpt":{"rendered":"<p>An intelligent door and window anti-bending chain is a kind of chain that is used to prevent a window from being bent. It can be applied to flat push windows and cased windows. It is powered by an electric motor or a hydraulic cylinder. It is made of high-quality steel and is treated with a zinc-nickel alloy surface anti-corrosion process. It is durable and noise-free. It also has high stability and can withstand a long time of use.<\/p>","protected":false},"featured_media":664,"comment_status":"open","ping_status":"closed","template":"","meta":{"_et_pb_use_builder":"","_et_pb_old_content":"","_et_gb_content_width":""},"product_brand":[],"product_cat":[1577],"product_tag":[],"class_list":{"0":"post-636","1":"product","2":"type-product","3":"status-publish","4":"has-post-thumbnail","6":"product_cat-drive-chain","8":"first","9":"instock","10":"shipping-taxable","11":"product-type-simple"},"_links":{"self":[{"href":"https:\/\/camelbackchain.com\/vi\/wp-json\/wp\/v2\/product\/636","targetHints":{"allow":["GET"]}}],"collection":[{"href":"https:\/\/camelbackchain.com\/vi\/wp-json\/wp\/v2\/product"}],"about":[{"href":"https:\/\/camelbackchain.com\/vi\/wp-json\/wp\/v2\/types\/product"}],"replies":[{"embeddable":true,"href":"https:\/\/camelbackchain.com\/vi\/wp-json\/wp\/v2\/comments?post=636"}],"wp:featuredmedia":[{"embeddable":true,"href":"https:\/\/camelbackchain.com\/vi\/wp-json\/wp\/v2\/media\/664"}],"wp:attachment":[{"href":"https:\/\/camelbackchain.com\/vi\/wp-json\/wp\/v2\/media?parent=636"}],"wp:term":[{"taxonomy":"product_brand","embeddable":true,"href":"https:\/\/camelbackchain.com\/vi\/wp-json\/wp\/v2\/product_brand?post=636"},{"taxonomy":"product_cat","embeddable":true,"href":"https:\/\/camelbackchain.com\/vi\/wp-json\/wp\/v2\/product_cat?post=636"},{"taxonomy":"product_tag","embeddable":true,"href":"https:\/\/camelbackchain.com\/vi\/wp-json\/wp\/v2\/product_tag?post=636"}],"curies":[{"name":"wp","href":"https:\/\/api.w.org\/{rel}","templated":true}]}}