{"id":639,"date":"2025-12-19T07:55:38","date_gmt":"2025-12-19T07:55:38","guid":{"rendered":"https:\/\/camelbackchain.com\/?post_type=product&#038;p=639"},"modified":"2025-12-22T07:57:28","modified_gmt":"2025-12-22T07:57:28","slug":"side-bow-chains-attachments","status":"publish","type":"product","link":"https:\/\/camelbackchain.com\/vi\/san-pham\/side-bow-chains-attachments\/","title":{"rendered":"B\u1ed9 ph\u1eadn g\u1eafn d\u00e2y x\u00edch cung b\u00ean"},"content":{"rendered":"<p style=\"text-align: center;\"><span style=\"font-size: 24pt; color: #000000;\">B\u1ed9 ph\u1eadn g\u1eafn d\u00e2y x\u00edch cung b\u00ean<\/span><\/p>\n<p>Compared to conventional sprockets, side bow chains have a large clearance between the bushing and pin, and a well-adjusted clearance between the inner and outer links. They are used to run on curved trails. These chains are made from carbon steel, iron, or stainless steel. In addition, they are available in different lengths. To make the installation process easier, you can buy a kit that has all of the necessary attachment parts.<\/p>\n<p><img loading=\"lazy\" decoding=\"async\" class=\"aligncenter wp-image-270034\" src=\"https:\/\/hzpt.com\/wp-content\/uploads\/2022\/08\/side-bow-chains-attachment.webp\" alt=\"B\u1ed9 ph\u1eadn g\u1eafn d\u00e2y x\u00edch cung b\u00ean\" width=\"500\" height=\"400\" \/><\/p>\n<h2><em><strong>Details of Side Bow Chain Attachments<\/strong><\/em><\/h2>\n<p><img loading=\"lazy\" decoding=\"async\" class=\"alignnone  wp-image-698 aligncenter\" src=\"https:\/\/camelbackchain.com\/wp-content\/uploads\/2025\/12\/ep-Side-Bow-Chains-Attachments-1-1-300x200.webp\" alt=\"Chu\u1ed7i Camelback\" width=\"408\" height=\"272\" \/> <img loading=\"lazy\" decoding=\"async\" class=\"alignnone  wp-image-699 aligncenter\" src=\"https:\/\/camelbackchain.com\/wp-content\/uploads\/2025\/12\/ep-Side-Bow-Chains-Attachments-2-1-300x200.webp\" alt=\"Chu\u1ed7i Camelback\" width=\"401\" height=\"267\" \/> <img loading=\"lazy\" decoding=\"async\" class=\"alignnone  wp-image-700 aligncenter\" src=\"https:\/\/camelbackchain.com\/wp-content\/uploads\/2025\/12\/ep-Side-Bow-Chains-Attachments-3-1-300x300.webp\" alt=\"Chu\u1ed7i Camelback\" width=\"384\" height=\"384\" \/> <img loading=\"lazy\" decoding=\"async\" class=\"alignnone  wp-image-701 aligncenter\" src=\"https:\/\/camelbackchain.com\/wp-content\/uploads\/2025\/12\/ep-Side-Bow-Chains-Attachments-4-1-300x200.webp\" alt=\"Chu\u1ed7i Camelback\" width=\"371\" height=\"247\" \/><\/p>\n<h2><em><strong><span lang=\"EN-US\">Sprockets For Chains<\/span><\/strong><\/em><\/h2>\n<p><span lang=\"EN-US\">There are many different types of sprockets for chains. Some are made of stainless steel, while others are made of non-stainless steel. Stainless steel sprockets are ideal for harsh environments and are usually 304-grade stainless steel. You can also find 316-grade stainless steel sprockets, which are ideal for extreme corrosive conditions. In addition to standard sizes, you can also find idler sprockets with a ball bearing pressed in.<\/span><\/p>\n<p><span lang=\"EN-US\">There are two standards for sprockets: ISO and metric. ISO sprockets are used in most American, European, and Asian machines. In the United States, ISO sprockets are used to meet stringent standards, while metric sprockets are more flexible and interchangeable with European-style chains. For the most part, sprockets are interchangeable, although there is still a small number of exceptions to this rule.<\/span><\/p>\n<p><span lang=\"EN-US\">The most common type of sprockets are made from metal or reinforced plastic. These devices are closely related to gears, and their wheel-shaped design with teeth allows them to span greater distances than their mating gears. Most sprocket and chain systems are similar to bicycle chain assemblies.<\/span><\/p>\n<p><span lang=\"EN-US\">To choose sprockets for chains, it’s essential to get the size and pitch of the chain. Depending on your requirements, you may want to select one that has wide teeth or a sprocket with small teeth. In addition to pitch, you should also consider the size of the drive shaft. For example, if the chain is large, you will need a sprocket that is wide. For smaller chains, you’ll need a sprocket with smaller teeth. Likewise, you should consider the sprocket bore.<\/span><\/p>\n<p><span lang=\"EN-US\">As a professional transmission parts manufacturer and supplier in China, HZPT offers a variety of high-quality\u00a0drive chains\u00a0and\u00a0sprockets for sale. Contact now<\/span>\uff01<\/p>\n<p><img loading=\"lazy\" decoding=\"async\" class=\"aligncenter size-full wp-image-270007\" src=\"https:\/\/hzpt.com\/wp-content\/uploads\/2022\/08\/ep_Sprocket-1024x539-2.webp\" alt=\"Sprockets\" width=\"1024\" height=\"539\" \/><\/p>\n<p>ch\u1ec9nh s\u1eeda b\u1edfi gzl<\/p>","protected":false},"excerpt":{"rendered":"<p>Compared to conventional sprockets, side bow chains have a large clearance between the bushing and pin, and a well-adjusted clearance between the inner and outer links. They are used to run on curved trails. These chains are made from carbon steel, iron, or stainless steel. In addition, they are available in different lengths. To make the installation process easier, you can buy a kit that has all of the necessary attachment parts.<\/p>","protected":false},"featured_media":667,"comment_status":"open","ping_status":"closed","template":"","meta":{"_et_pb_use_builder":"","_et_pb_old_content":"","_et_gb_content_width":""},"product_brand":[],"product_cat":[1577],"product_tag":[],"class_list":{"0":"post-639","1":"product","2":"type-product","3":"status-publish","4":"has-post-thumbnail","6":"product_cat-drive-chain","8":"first","9":"instock","10":"shipping-taxable","11":"product-type-simple"},"_links":{"self":[{"href":"https:\/\/camelbackchain.com\/vi\/wp-json\/wp\/v2\/product\/639","targetHints":{"allow":["GET"]}}],"collection":[{"href":"https:\/\/camelbackchain.com\/vi\/wp-json\/wp\/v2\/product"}],"about":[{"href":"https:\/\/camelbackchain.com\/vi\/wp-json\/wp\/v2\/types\/product"}],"replies":[{"embeddable":true,"href":"https:\/\/camelbackchain.com\/vi\/wp-json\/wp\/v2\/comments?post=639"}],"wp:featuredmedia":[{"embeddable":true,"href":"https:\/\/camelbackchain.com\/vi\/wp-json\/wp\/v2\/media\/667"}],"wp:attachment":[{"href":"https:\/\/camelbackchain.com\/vi\/wp-json\/wp\/v2\/media?parent=639"}],"wp:term":[{"taxonomy":"product_brand","embeddable":true,"href":"https:\/\/camelbackchain.com\/vi\/wp-json\/wp\/v2\/product_brand?post=639"},{"taxonomy":"product_cat","embeddable":true,"href":"https:\/\/camelbackchain.com\/vi\/wp-json\/wp\/v2\/product_cat?post=639"},{"taxonomy":"product_tag","embeddable":true,"href":"https:\/\/camelbackchain.com\/vi\/wp-json\/wp\/v2\/product_tag?post=639"}],"curies":[{"name":"wp","href":"https:\/\/api.w.org\/{rel}","templated":true}]}}