{"id":642,"date":"2025-12-19T07:55:45","date_gmt":"2025-12-19T07:55:45","guid":{"rendered":"https:\/\/camelbackchain.com\/?post_type=product&#038;p=642"},"modified":"2025-12-22T07:14:07","modified_gmt":"2025-12-22T07:14:07","slug":"xich-truyen-dong-lien-ket-xoan-chiu-tai-nang-ss40sl","status":"publish","type":"product","link":"https:\/\/camelbackchain.com\/vi\/san-pham\/xich-truyen-dong-lien-ket-xoan-chiu-tai-nang-ss40sl\/","title":{"rendered":"X\u00edch truy\u1ec1n \u0111\u1ed9ng h\u1ea1ng n\u1eb7ng ki\u1ec3u m\u1eaft x\u00edch cong SS40SL"},"content":{"rendered":"<p style=\"text-align: center;\"><span style=\"font-size: 24pt; color: #000000;\">X\u00edch truy\u1ec1n \u0111\u1ed9ng h\u1ea1ng n\u1eb7ng ki\u1ec3u m\u1eaft x\u00edch cong SS40SL<\/span><\/p>\n<p>C\u00e1c lo\u1ea1i x\u00edch truy\u1ec1n \u0111\u1ed9ng m\u1eaft x\u00edch c\u1ee7a ch\u00fang t\u00f4i \u0111\u01b0\u1ee3c trang b\u1ecb ch\u1ed1t h\u00e3m \u0111\u1ec3 ng\u0103n ng\u1eeba hi\u1ec7n t\u01b0\u1ee3ng ch\u00f9ng ho\u1eb7c s\u1eddn. C\u00e1c lo\u1ea1i x\u00edch n\u00e0y \u0111\u01b0\u1ee3c l\u00e0m b\u1eb1ng th\u00e9p ho\u1eb7c th\u00e9p t\u00f4i \u0111\u1eb7c bi\u1ec7t, t\u00f9y thu\u1ed9c v\u00e0o t\u1ea3i tr\u1ecdng c\u01a1 h\u1ecdc d\u1ef1 ki\u1ebfn. Ch\u1ed1t h\u00e3m \u0111\u01b0\u1ee3c t\u00f4i c\u1ee9ng b\u1eb1ng c\u1ea3m \u1ee9ng c\u0169ng c\u00f3 s\u1eb5n cho c\u00e1c lo\u1ea1i x\u00edch ch\u1ecbu t\u1ea3i tr\u1ecdng c\u1ef1c cao. C\u00e1c lo\u1ea1i x\u00edch n\u00e0y c\u0169ng c\u00f3 kh\u1ea3 n\u0103ng ch\u1ecbu t\u1ea3i cao v\u00e0 ph\u00f9 h\u1ee3p v\u1edbi nhi\u1ec1u \u1ee9ng d\u1ee5ng kh\u00e1c nhau.<\/p>\n<h2><em><strong>Th\u00f4ng tin chi ti\u1ebft v\u1ec1 x\u00edch truy\u1ec1n \u0111\u1ed9ng SS40SL ch\u1ecbu t\u1ea3i n\u1eb7ng v\u1edbi c\u00e1c m\u1eaft x\u00edch u\u1ed1n cong.<\/strong><\/em><\/h2>\n<table style=\"width: 76.613%; border-color: #000000;\" border=\"1\">\n<tbody>\n<tr>\n<td style=\"width: 9.90502%;\" rowspan=\"3\" width=\"69\"><strong>S\u1ed1 chu\u1ed7i<\/strong><\/td>\n<td style=\"width: 7.46269%;\" width=\"51\"><strong>S\u00e2n b\u00f3ng \u0111\u00e1<\/strong><\/td>\n<td style=\"width: 7.86974%;\" width=\"50\"><strong>\u0110\u01b0\u1eddng k\u00ednh con l\u0103n<\/strong><\/td>\n<td style=\"width: 9.90502%;\" width=\"69\"><strong>Kho\u1ea3ng c\u00e1ch gi\u1eefa c\u00e1c t\u1ea5m b\u00ean trong<\/strong><\/td>\n<td style=\"width: 8.95522%;\" width=\"62\"><strong>\u0110\u01b0\u1eddng k\u00ednh ch\u1ed1t<\/strong><\/td>\n<td style=\"width: 8.41248%;\" width=\"58\"><strong>Chi\u1ec1u d\u00e0i ch\u1ed1t<\/strong><\/td>\n<td style=\"width: 8.2768%;\" width=\"58\"><strong>\u0110\u1ed9 s\u00e2u t\u1ea5m<\/strong><\/td>\n<td style=\"width: 9.63365%;\" width=\"67\"><strong>\u0110\u1ed9 d\u00e0y t\u1ea5m<\/strong><\/td>\n<td style=\"width: 13.2972%;\" width=\"94\"><strong>\u0110\u1ed9 b\u1ec1n k\u00e9o t\u1ed1i \u0111a<\/strong><\/td>\n<td style=\"width: 13.8399%;\" width=\"99\"><strong>\u0110\u1ed9 b\u1ec1n k\u00e9o trung b\u00ecnh<\/strong><\/td>\n<\/tr>\n<tr>\n<td style=\"width: 7.46269%;\" width=\"51\"><strong>P<\/strong><\/td>\n<td style=\"width: 7.86974%;\" width=\"50\"><strong>d<sub>1<br \/>\n<\/sub>t\u1ed1i \u0111a<\/strong><\/td>\n<td style=\"width: 9.90502%;\" width=\"69\"><strong>b<sub>1<br \/>\n<\/sub>ph\u00fat<\/strong><\/td>\n<td style=\"width: 8.95522%;\" width=\"62\"><strong>d<sub>2<br \/>\n<\/sub>t\u1ed1i \u0111a<\/strong><\/td>\n<td style=\"width: 8.41248%;\" width=\"58\"><strong>L<\/strong><br \/>\n<strong>t\u1ed1i \u0111a<\/strong><\/td>\n<td style=\"width: 8.2768%;\" width=\"58\"><strong>h<sub>2<\/sub><\/strong><\/td>\n<td style=\"width: 9.63365%;\" width=\"67\"><strong>T<\/strong><\/td>\n<td style=\"width: 13.2972%;\" width=\"94\"><strong>Q<\/strong><br \/>\n<strong>ph\u00fat<\/strong><\/td>\n<td style=\"width: 13.8399%;\" width=\"99\"><strong>Q<sub>0<\/sub><\/strong><\/td>\n<\/tr>\n<tr>\n<td style=\"width: 7.46269%;\" width=\"51\"><strong>mm<\/strong><\/td>\n<td style=\"width: 7.86974%;\" width=\"50\"><strong>mm<\/strong><\/td>\n<td style=\"width: 9.90502%;\" width=\"69\"><strong>mm<\/strong><\/td>\n<td style=\"width: 8.95522%;\" width=\"62\"><strong>mm<\/strong><\/td>\n<td style=\"width: 8.41248%;\" width=\"58\"><strong>mm<\/strong><\/td>\n<td style=\"width: 8.2768%;\" width=\"58\"><strong>mm<\/strong><\/td>\n<td style=\"width: 9.63365%;\" width=\"67\"><strong>mm<\/strong><\/td>\n<td style=\"width: 13.2972%;\" width=\"94\"><strong>kN\/lbf<\/strong><\/td>\n<td style=\"width: 13.8399%;\" width=\"99\"><strong>kN<\/strong><\/td>\n<\/tr>\n<tr>\n<td style=\"width: 9.90502%;\" width=\"69\">SS40SL<\/td>\n<td style=\"width: 7.46269%;\" width=\"51\">78.105<\/td>\n<td style=\"width: 7.86974%;\" width=\"50\">31.78<\/td>\n<td style=\"width: 9.90502%;\" width=\"69\">31.75<\/td>\n<td style=\"width: 8.95522%;\" width=\"62\">15.90<\/td>\n<td style=\"width: 8.41248%;\" width=\"58\">89.15<\/td>\n<td style=\"width: 8.2768%;\" width=\"58\">38.0<\/td>\n<td style=\"width: 9.63365%;\" width=\"67\">9.5<\/td>\n<td style=\"width: 13.2972%;\" width=\"94\">250.0\/56818<\/td>\n<td style=\"width: 13.8399%;\" width=\"99\">266.88<\/td>\n<\/tr>\n<\/tbody>\n<\/table>\n<p>&nbsp;<\/p>\n<h2><em><strong>\u0110\u1eb7c \u0111i\u1ec3m c\u1ee7a x\u00edch truy\u1ec1n \u0111\u1ed9ng SS40SL ch\u1ecbu t\u1ea3i n\u1eb7ng v\u1edbi c\u00e1c m\u1eaft x\u00edch u\u1ed1n cong.<\/strong><\/em><\/h2>\n<p>X\u00edch truy\u1ec1n \u0111\u1ed9ng tay quay h\u1ea1ng n\u1eb7ng c\u00f3 kh\u1ea3 n\u0103ng ch\u1ed1ng m\u00e0i m\u00f2n c\u1ef1c cao, \u0111\u1ed9 ch\u00ednh x\u00e1c cao, kh\u1ea3 n\u0103ng ch\u1ed1ng m\u1ecfi v\u00e0 c\u1ea5u tr\u00fac kh\u1edbp n\u1ed1i tay quay \u0111\u1eb7c bi\u1ec7t. N\u00f3 l\u00fd t\u01b0\u1edfng cho m\u00f4i tr\u01b0\u1eddng l\u00e0m vi\u1ec7c c\u00f3 t\u1ea3i tr\u1ecdng va \u0111\u1eadp l\u1edbn v\u00e0 chuy\u1ec3n \u0111\u1ed9ng th\u01b0\u1eddng xuy\u00ean. C\u00e1c lo\u1ea1i x\u00edch truy\u1ec1n \u0111\u1ed9ng n\u00e0y th\u01b0\u1eddng \u0111\u01b0\u1ee3c s\u1eed d\u1ee5ng trong m\u00e1y m\u00f3c l\u1edbn, khai th\u00e1c m\u1ecf, luy\u1ec7n kim v\u00e0 c\u00e1c ng\u00e0nh c\u00f4ng nghi\u1ec7p kh\u00e1c. Ch\u00fang th\u01b0\u1eddng \u0111\u01b0\u1ee3c \u0111\u00f3ng g\u00f3i trong th\u00f9ng g\u1ed7 d\u00e1n ho\u1eb7c th\u00f9ng carton t\u00f9y ch\u1ec9nh.<\/p>\n<p>C\u00e1c m\u1eaft x\u00edch l\u1ec7ch t\u00e2m, c\u00f2n \u0111\u01b0\u1ee3c g\u1ecdi l\u00e0 m\u1eaft x\u00edch 1\/2, th\u01b0\u1eddng \u0111\u01b0\u1ee3c s\u1eed d\u1ee5ng khi x\u00edch c\u00f3 s\u1ed1 b\u01b0\u1edbc l\u1ebb. Ch\u00fang c\u0169ng th\u01b0\u1eddng \u0111\u01b0\u1ee3c s\u1eed d\u1ee5ng \u0111\u1ec3 r\u00fat ng\u1eafn x\u00edch \u0111i m\u1ed9t b\u01b0\u1edbc. M\u1eaft x\u00edch l\u1ec7ch t\u00e2m c\u00f3 s\u1eb5n \u1edf c\u1ea5u h\u00ecnh b\u01b0\u1edbc \u0111\u01a1n v\u00e0 b\u01b0\u1edbc k\u00e9p. M\u1eaft x\u00edch l\u1ec7ch t\u00e2m b\u01b0\u1edbc \u0111\u01a1n \u0111\u01b0\u1ee3c trang b\u1ecb m\u1ed9t ch\u1ed1t kh\u1edbp tr\u01b0\u1ee3t \u0103n kh\u1edbp v\u00e0o t\u1ea5m x\u00edch. M\u1eaft x\u00edch l\u1ec7ch t\u00e2m kh\u00f4ng \u0111\u01b0\u1ee3c khuy\u1ebfn kh\u00edch s\u1eed d\u1ee5ng cho c\u00e1c h\u1ec7 th\u1ed1ng truy\u1ec1n \u0111\u1ed9ng hi\u1ec7u su\u1ea5t cao.<\/p>\n<p>X\u00edch truy\u1ec1n \u0111\u1ed9ng tay quay ch\u1ecbu t\u1ea3i n\u1eb7ng \u0111\u01b0\u1ee3c l\u00e0m t\u1eeb th\u00e9p h\u1ee3p kim cao c\u1ea5p v\u1edbi c\u00e1c chi ti\u1ebft tr\u00f2n \u0111\u01b0\u1ee3c t\u00f4i c\u1ee9ng. Ch\u00fang \u0111\u01b0\u1ee3c thi\u1ebft k\u1ebf \u0111\u1ec3 ch\u1ecbu \u0111\u01b0\u1ee3c t\u1ea3i tr\u1ecdng n\u1eb7ng v\u00e0 \u0111i\u1ec1u ki\u1ec7n kh\u1eafc nghi\u1ec7t. Ngo\u00e0i ra, thi\u1ebft k\u1ebf \u00edt m\u00e0i m\u00f2n v\u00e0 c\u1ea5u tr\u00fac tay quay gi\u00fap ch\u00fang ph\u00f9 h\u1ee3p v\u1edbi c\u00e1c h\u1ec7 th\u1ed1ng truy\u1ec1n \u0111\u1ed9ng c\u00f3 t\u00e1c \u0111\u1ed9ng m\u1ea1nh. X\u00edch con l\u0103n cong b\u00ean th\u01b0\u1eddng \u0111\u01b0\u1ee3c s\u1eed d\u1ee5ng trong khai th\u00e1c m\u1ecf, luy\u1ec7n kim, m\u00e1y m\u00f3c x\u00e2y d\u1ef1ng v\u00e0 c\u00e1c ng\u00e0nh c\u00f4ng nghi\u1ec7p kh\u00e1c. Ch\u00fang d\u1ec5 d\u00e0ng k\u00e9o d\u00e0i v\u00e0 d\u1ec5 s\u1eeda ch\u1eefa.<\/p>\n<h2><strong>X\u00edch v\u00e0 nh\u00f4ng<\/strong><\/h2>\n<ul>\n<li>X\u00edch v\u00e0 nh\u00f4ng ch\u1ee7 y\u1ebfu \u0111\u01b0\u1ee3c s\u1eed d\u1ee5ng trong t\u1ea5t c\u1ea3 c\u00e1c \u1ee9ng d\u1ee5ng nh\u01b0 v\u1eadn t\u1ea3i, m\u00e1y m\u00f3c v\u00e0 c\u00e1c \u1ee9ng d\u1ee5ng \u0111\u1ed9ng c\u01a1 kh\u00e1c.<\/li>\n<li>X\u00edch v\u00e0 nh\u00f4ng \u0111\u01b0\u1ee3c b\u1ea3o d\u01b0\u1ee1ng b\u1eb1ng m\u1ee1 v\u00e0 d\u1ea7u b\u00f4i tr\u01a1n \u0111\u1ec3 \u0111\u1ea3m b\u1ea3o ho\u1ea1t \u0111\u1ed9ng tr\u01a1n tru v\u00e0 hi\u1ec7u qu\u1ea3 h\u01a1n.<\/li>\n<li>N\u00f3 l\u00e0m cho b\u00e1nh xe quay khi \u0111\u1ed9ng c\u01a1 quay v\u00e0 \u0111\u01b0\u1ee3c t\u00ednh b\u1eb1ng s\u1ed1 v\u00f2ng quay m\u1ed7i ph\u00fat (RPM).<\/li>\n<\/ul>\n<p>X\u00edch v\u00e0 nh\u00f4ng ch\u1ee7 y\u1ebfu \u0111\u01b0\u1ee3c s\u1eed d\u1ee5ng trong ng\u00e0nh v\u1eadn t\u1ea3i v\u00e0 ng\u00e0nh ch\u1ebf t\u1ea1o m\u00e1y \u0111\u1ec3 quay b\u00e1nh xe b\u1eb1ng \u0111\u1ed9ng c\u01a1. C\u1ea3 x\u00edch v\u00e0 nh\u00f4ng \u0111\u1ec1u gi\u00fap tr\u1ee5c b\u00e1nh xe quay nhanh theo t\u1ed1c \u0111\u1ed9 \u0111\u1ed9ng c\u01a1. X\u00edch \u0111\u01b0\u1ee3c treo gi\u1eefa \u0111\u1ed9ng c\u01a1 v\u00e0 nh\u00f4ng, \u0111\u1ed9ng c\u01a1 quay nh\u00f4ng v\u00e0 x\u00edch \u0111\u01b0\u1ee3c n\u1ed1i v\u1edbi c\u00e1c r\u0103ng c\u1ee7a nh\u00f4ng, gi\u00fap nh\u00f4ng quay \u0111\u1ed3ng th\u1eddi v\u1edbi b\u00e1nh xe c\u1ee7a \u0111\u1ed9ng c\u01a1, nh\u1edd \u0111\u00f3 gi\u00fap xe ho\u1eb7c m\u00e1y m\u00f3c v\u1eadn h\u00e0nh tr\u01a1n tru. HZPT l\u00e0 m\u1ed9t trong nh\u1eefng nh\u00e0 s\u1ea3n xu\u1ea5t v\u00e0 cung c\u1ea5p h\u00e0ng \u0111\u1ea7u t\u1ea1i Trung Qu\u1ed1c. Ch\u00fang t\u00f4i cung c\u1ea5p nhi\u1ec1u lo\u1ea1i x\u00edch v\u00e0 nh\u00f4ng ch\u1ea5t l\u01b0\u1ee3ng cao. Li\u00ean h\u1ec7 v\u1edbi ch\u00fang t\u00f4i!<\/p>\n<h2><em><strong>T\u1ea1i sao n\u00ean ch\u1ecdn Everpower H?<\/strong><\/em><em><strong>X\u00edch truy\u1ec1n \u0111\u1ed9ng li\u00ean k\u1ebft cong ch\u1ecbu t\u1ea3i n\u1eb7ng<\/strong><\/em><em><strong>?<\/strong><\/em><\/h2>\n<div class=\"J_module\">\n<div class=\"detail-decorate-json-renderer-container\">\n<div class=\"magic-4\">\n<div class=\"magic-5\">\n<div class=\"magic-6\">\n<div class=\"magic-7\">T\u1eadp \u0111o\u00e0n truy\u1ec1n \u0111\u1ed9ng Ever-power l\u00e0 nh\u00e0 s\u1ea3n xu\u1ea5t chuy\u00ean nghi\u1ec7p c\u00e1c lo\u1ea1i x\u00edch \u0111\u1eb7c bi\u1ec7t c\u00f3 b\u01b0\u1edbc r\u0103ng l\u1edbn. Ch\u00fang t\u00f4i s\u1edf h\u1eefu d\u00e2y chuy\u1ec1n s\u1ea3n xu\u1ea5t x\u00edch ho\u00e0n ch\u1ec9nh, thi\u1ebft b\u1ecb \u0111\u01b0\u1ee3c l\u1ef1a ch\u1ecdn k\u1ef9 l\u01b0\u1ee1ng v\u00e0 quy tr\u00ecnh thi\u1ebft k\u1ebf tu\u00e2n th\u1ee7 nguy\u00ean t\u1eafc hi\u1ec7u qu\u1ea3 cao, ti\u1ebft ki\u1ec7m n\u0103ng l\u01b0\u1ee3ng v\u00e0 t\u1ef1 \u0111\u1ed9ng h\u00f3a, c\u00f9ng v\u1edbi thi\u1ebft b\u1ecb ki\u1ec3m tra hi\u1ec7n \u0111\u1ea1i, qu\u1ea3n l\u00fd doanh nghi\u1ec7p ch\u1ea5t l\u01b0\u1ee3ng cao v\u00e0 \u0111\u1ed9i ng\u0169 k\u1ef9 thu\u1eadt chuy\u00ean nghi\u1ec7p. Ch\u00fang t\u00f4i t\u1eadp trung v\u00e0o s\u1ea3n xu\u1ea5t, gia c\u00f4ng v\u00e0 kinh doanh c\u00e1c lo\u1ea1i x\u00edch truy\u1ec1n \u0111\u1ed9ng, x\u00edch \u0111\u1eb7c bi\u1ec7t, ph\u1ee5 ki\u1ec7n x\u00edch, ph\u1ee5 t\u00f9ng m\u00e1y m\u00f3c, v.v. Ch\u00fang t\u00f4i \u0111\u00e3 n\u1eafm v\u1eefng c\u00f4ng ngh\u1ec7 c\u1ed1t l\u00f5i trong s\u1ea3n xu\u1ea5t x\u00edch v\u00e0 th\u00e0nh th\u1ea1o trong kh\u00e2u gia c\u00f4ng. T\u1ea5t c\u1ea3 c\u00e1c s\u1ea3n ph\u1ea9m \u0111\u01b0\u1ee3c s\u1eed d\u1ee5ng r\u1ed9ng r\u00e3i trong c\u00e1c ng\u00e0nh c\u00f4ng nghi\u1ec7p nh\u01b0 \u0111\u01b0\u1eddng, gi\u1ea5y, xi m\u0103ng, g\u1ed7, th\u1ef1c ph\u1ea9m, khai th\u00e1c m\u1ecf, luy\u1ec7n kim v\u00e0 nhi\u1ec1u ng\u00e0nh kh\u00e1c. Ch\u00fang t\u00f4i ch\u00fa tr\u1ecdng \u0111\u1ebfn uy t\u00edn ch\u1ea5t l\u01b0\u1ee3ng s\u1ea3n ph\u1ea9m th\u00f4ng qua ch\u1ee9ng nh\u1eadn h\u1ec7 th\u1ed1ng qu\u1ea3n l\u00fd ch\u1ea5t l\u01b0\u1ee3ng IS09001:2008 v\u00e0 \u0111\u1ea1t \u0111\u01b0\u1ee3c gi\u1ea5y ph\u00e9p kinh doanh xu\u1ea5t nh\u1eadp kh\u1ea9u s\u1ea3n ph\u1ea9m v\u00e0 c\u00f4ng ngh\u1ec7 t\u1ef1 ch\u1ee7, c\u00f3 \u0111\u1ea1i l\u00fd. S\u1ea3n ph\u1ea9m c\u1ee7a ch\u00fang t\u00f4i \u0111\u01b0\u1ee3c xu\u1ea5t kh\u1ea9u \u0111\u1ebfn t\u1ea5t c\u1ea3 c\u00e1c t\u1ec9nh th\u00e0nh \u1edf Trung Qu\u1ed1c, Ch\u00e2u \u00c2u, Ch\u00e2u M\u1ef9 v\u00e0 \u0110\u00f4ng Nam \u00c1.<\/div>\n<div><img loading=\"lazy\" decoding=\"async\" class=\"aligncenter size-full wp-image-268492\" src=\"https:\/\/hzpt.com\/wp-content\/uploads\/2022\/08\/chains.webp\" alt=\"x\u00edch truy\u1ec1n \u0111\u1ed9ng\" width=\"1512\" height=\"1985\" \/><\/div>\n<div>ch\u1ec9nh s\u1eeda b\u1edfi gzl<\/div>\n<\/div>\n<\/div>\n<\/div>\n<\/div>\n<\/div>","protected":false},"excerpt":{"rendered":"<p>C\u00e1c lo\u1ea1i x\u00edch truy\u1ec1n \u0111\u1ed9ng m\u1eaft x\u00edch c\u1ee7a ch\u00fang t\u00f4i \u0111\u01b0\u1ee3c trang b\u1ecb ch\u1ed1t h\u00e3m \u0111\u1ec3 ng\u0103n ng\u1eeba hi\u1ec7n t\u01b0\u1ee3ng ch\u00f9ng ho\u1eb7c s\u1eddn. C\u00e1c lo\u1ea1i x\u00edch n\u00e0y \u0111\u01b0\u1ee3c l\u00e0m b\u1eb1ng th\u00e9p ho\u1eb7c th\u00e9p t\u00f4i \u0111\u1eb7c bi\u1ec7t, t\u00f9y thu\u1ed9c v\u00e0o t\u1ea3i tr\u1ecdng c\u01a1 h\u1ecdc d\u1ef1 ki\u1ebfn. Ch\u1ed1t h\u00e3m \u0111\u01b0\u1ee3c t\u00f4i c\u1ee9ng b\u1eb1ng c\u1ea3m \u1ee9ng c\u0169ng c\u00f3 s\u1eb5n cho c\u00e1c lo\u1ea1i x\u00edch ch\u1ecbu t\u1ea3i tr\u1ecdng c\u1ef1c cao. C\u00e1c lo\u1ea1i x\u00edch n\u00e0y c\u0169ng c\u00f3 kh\u1ea3 n\u0103ng ch\u1ecbu t\u1ea3i cao v\u00e0 ph\u00f9 h\u1ee3p v\u1edbi nhi\u1ec1u \u1ee9ng d\u1ee5ng kh\u00e1c nhau.<\/p>","protected":false},"featured_media":670,"comment_status":"open","ping_status":"closed","template":"","meta":{"_et_pb_use_builder":"","_et_pb_old_content":"","_et_gb_content_width":""},"product_brand":[],"product_cat":[1577],"product_tag":[],"class_list":{"0":"post-642","1":"product","2":"type-product","3":"status-publish","4":"has-post-thumbnail","6":"product_cat-drive-chain","8":"first","9":"instock","10":"shipping-taxable","11":"product-type-simple"},"_links":{"self":[{"href":"https:\/\/camelbackchain.com\/vi\/wp-json\/wp\/v2\/product\/642","targetHints":{"allow":["GET"]}}],"collection":[{"href":"https:\/\/camelbackchain.com\/vi\/wp-json\/wp\/v2\/product"}],"about":[{"href":"https:\/\/camelbackchain.com\/vi\/wp-json\/wp\/v2\/types\/product"}],"replies":[{"embeddable":true,"href":"https:\/\/camelbackchain.com\/vi\/wp-json\/wp\/v2\/comments?post=642"}],"wp:featuredmedia":[{"embeddable":true,"href":"https:\/\/camelbackchain.com\/vi\/wp-json\/wp\/v2\/media\/670"}],"wp:attachment":[{"href":"https:\/\/camelbackchain.com\/vi\/wp-json\/wp\/v2\/media?parent=642"}],"wp:term":[{"taxonomy":"product_brand","embeddable":true,"href":"https:\/\/camelbackchain.com\/vi\/wp-json\/wp\/v2\/product_brand?post=642"},{"taxonomy":"product_cat","embeddable":true,"href":"https:\/\/camelbackchain.com\/vi\/wp-json\/wp\/v2\/product_cat?post=642"},{"taxonomy":"product_tag","embeddable":true,"href":"https:\/\/camelbackchain.com\/vi\/wp-json\/wp\/v2\/product_tag?post=642"}],"curies":[{"name":"wp","href":"https:\/\/api.w.org\/{rel}","templated":true}]}}