{"id":645,"date":"2025-12-19T07:55:52","date_gmt":"2025-12-19T07:55:52","guid":{"rendered":"https:\/\/camelbackchain.com\/?post_type=product&#038;p=645"},"modified":"2025-12-22T07:14:23","modified_gmt":"2025-12-22T07:14:23","slug":"self-tooth-forming-chains-p-i-v-chains-a0-a1-a2-a3-a4-a5","status":"publish","type":"product","link":"https:\/\/camelbackchain.com\/vi\/san-pham\/self-tooth-forming-chains-p-i-v-chains-a0-a1-a2-a3-a4-a5\/","title":{"rendered":"Chu\u1ed7i t\u1ef1 t\u1ea1o r\u0103ng (Chu\u1ed7i PIV) A0 A1 A2 A3 A4 A5"},"content":{"rendered":"<p style=\"text-align: center;\"><span style=\"font-size: 18pt;\"><strong><span style=\"color: #000000;\">Chu\u1ed7i t\u1ef1 t\u1ea1o r\u0103ng (Chu\u1ed7i PIV) A0 A1 A2 A3 A4 A5<\/span><\/strong><\/span><\/p>\n<p>The term “Self-tooth-forming chains” describes a type of chain that forms teeth without the aid of a syringe. They are used to prevent tooth decay. These chains are made of a combination of hardened steel slats that conform to the teeth of paired sprockets. These sprockets are made up of two pairs of cone-shaped radial-grooved wheels.<\/p>\n<h2><em><strong>Specifications of Self-tooth-forming Chains<\/strong><\/em><\/h2>\n<table style=\"border-color: #000000;\">\n<thead>\n<tr>\n<th>S\u1ed1 chu\u1ed7i<\/th>\n<th>Pitch (P)<\/p>\n<div class=\"container-Uxvbjy md-box-line-break wrapper-GYqxgQ undefined\"><\/div>\n<p>mm<\/th>\n<th>Pin diameter (d2)<\/p>\n<div class=\"container-Uxvbjy md-box-line-break wrapper-GYqxgQ undefined\"><\/div>\n<p>max mm<\/th>\n<th>Pin length (L)<\/p>\n<div class=\"container-Uxvbjy md-box-line-break wrapper-GYqxgQ undefined\"><\/div>\n<p>max mm<\/th>\n<th>Plate depth (h2)<\/p>\n<div class=\"container-Uxvbjy md-box-line-break wrapper-GYqxgQ undefined\"><\/div>\n<p>max mm<\/th>\n<th>Plate thickness (T)<\/p>\n<div class=\"container-Uxvbjy md-box-line-break wrapper-GYqxgQ undefined\"><\/div>\n<p>max mm<\/th>\n<th>Width over friction plate (Lf)<\/p>\n<div class=\"container-Uxvbjy md-box-line-break wrapper-GYqxgQ undefined\"><\/div>\n<p>mm<\/th>\n<th>Angle of friction plate (\u03b1)<\/th>\n<th>Ultimate tensile strength (Q)<\/p>\n<div class=\"container-Uxvbjy md-box-line-break wrapper-GYqxgQ undefined\"><\/div>\n<p>min kN\/lbf<\/th>\n<th>Average tensile strength (Q0)<\/p>\n<div class=\"container-Uxvbjy md-box-line-break wrapper-GYqxgQ undefined\"><\/div>\n<p>kN<\/th>\n<th>Weight per meter (q)<\/p>\n<div class=\"container-Uxvbjy md-box-line-break wrapper-GYqxgQ undefined\"><\/div>\n<p>kg\/m<\/th>\n<\/tr>\n<\/thead>\n<tbody>\n<tr>\n<td>A0<\/td>\n<td>18.75<\/td>\n<td>3.00<\/td>\n<td>19.5<\/td>\n<td>9.5<\/td>\n<td>1.0<\/td>\n<td>24.0<\/td>\n<td>15\u00b0<\/td>\n<td>9.0\/2045<\/td>\n<td>9.9<\/td>\n<td>1.00<\/td>\n<\/tr>\n<tr>\n<td>A1(A2)<\/td>\n<td>25.00<\/td>\n<td>3.00<\/td>\n<td>30.1<\/td>\n<td>13.5<\/td>\n<td>1.5<\/td>\n<td>37.8<\/td>\n<td>15\u00b0<\/td>\n<td>21.0\/4772<\/td>\n<td>23.3<\/td>\n<td>2.23<\/td>\n<\/tr>\n<tr>\n<td>A3<\/td>\n<td>28.60<\/td>\n<td>3.00<\/td>\n<td>35.3<\/td>\n<td>16.0<\/td>\n<td>1.5<\/td>\n<td>44.2<\/td>\n<td>15\u00b0<\/td>\n<td>38.5\/8750<\/td>\n<td>42.7<\/td>\n<td>3.04<\/td>\n<\/tr>\n<tr>\n<td>A4<\/td>\n<td>36.00<\/td>\n<td>4.00<\/td>\n<td>48.5<\/td>\n<td>20.5<\/td>\n<td>1.5<\/td>\n<td>58.5<\/td>\n<td>15\u00b0<\/td>\n<td>61.5\/13977<\/td>\n<td>68.2<\/td>\n<td>5.54<\/td>\n<\/tr>\n<tr>\n<td>A5<\/td>\n<td>36.00<\/td>\n<td>4.00<\/td>\n<td>60.5<\/td>\n<td>20.5<\/td>\n<td>1.5<\/td>\n<td>70.0<\/td>\n<td>15\u00b0<\/td>\n<td>71.0\/16136<\/td>\n<td>78.8<\/td>\n<td>6.70<\/td>\n<\/tr>\n<\/tbody>\n<\/table>\n<h2><em><strong>Benefits of Positively Infinite Variable Chains<\/strong><\/em><\/h2>\n<p>Positively Infinite Variable Chains are an ideal choice for gear boxes, drives and other industrial machinery. Made from superior quality alloy metal, they are known for their sturdiness and long-lasting performance. Available in different sizes, designs and models, they offer smooth and consistent performance in different applications. To ensure superior performance, these chains are rigorously tested and certified to meet industry standards. If you have a demanding application, we recommend you choose the right product to meet your requirements.<\/p>\n<p>Paver chains are specifically made for paving assembly. The steel used to manufacture these chains is of high grade and is treated for corrosion resistance. The resulting product is renowned for its flawless finish, high strength and long-lasting properties. These chains can be bought in different custom lengths and designs to suit various requirements and budgets. They are available at affordable prices.<\/p>\n<p>Positively infinitely variable chains are a popular type of roller chain. They are used in transmission gearboxes and many industrial settings. The chain is flexible, as it is composed of batches of thin plates that can move independently. Because of their flexibility, PIV chains mesh with grooves of various effective pitch diameters, enabling them to achieve optimal performance in varied speeds and torque. PIV chains come in a wide range of sizes and designs, and are suitable for a range of applications.<\/p>\n<h2><em><strong>Sprockets and Chains<\/strong><\/em><\/h2>\n<ul>\n<li>X\u00edch v\u00e0 nh\u00f4ng ch\u1ee7 y\u1ebfu \u0111\u01b0\u1ee3c s\u1eed d\u1ee5ng trong t\u1ea5t c\u1ea3 c\u00e1c \u1ee9ng d\u1ee5ng nh\u01b0 v\u1eadn t\u1ea3i, m\u00e1y m\u00f3c v\u00e0 c\u00e1c \u1ee9ng d\u1ee5ng \u0111\u1ed9ng c\u01a1 kh\u00e1c.<\/li>\n<li>X\u00edch v\u00e0 nh\u00f4ng \u0111\u01b0\u1ee3c b\u1ea3o d\u01b0\u1ee1ng b\u1eb1ng m\u1ee1 v\u00e0 d\u1ea7u b\u00f4i tr\u01a1n \u0111\u1ec3 \u0111\u1ea3m b\u1ea3o ho\u1ea1t \u0111\u1ed9ng tr\u01a1n tru v\u00e0 hi\u1ec7u qu\u1ea3 h\u01a1n.<\/li>\n<li>N\u00f3 l\u00e0m cho b\u00e1nh xe quay khi \u0111\u1ed9ng c\u01a1 quay v\u00e0 \u0111\u01b0\u1ee3c t\u00ednh b\u1eb1ng s\u1ed1 v\u00f2ng quay m\u1ed7i ph\u00fat (RPM).<\/li>\n<\/ul>\n<p>Chains and sprockets are mainly used in the transport industry and machine building industry to rotate wheels by means of motors or engines. These chains and sprockets both help the wheelbase to run fast according to the engine speed. The chain hangs between the motor and the sprocket, the motor turns the sprocket and the chain is connected to the sprocket teeth, which can turn simultaneously with the motor wheel, thus making the vehicle or machine run smoothly. HZPT is one of the leading transmission chain manufacturers and suppliers in China. We can offer various high-quality chains and sprockets for sale.<\/p>\n<h2><em><strong>Why Choose Our <span style=\"font-size: 18pt;\"><span style=\"color: #000000;\">Self-tooth-forming Chains<\/span><\/span>?<\/strong><\/em><\/h2>\n<div class=\"J_module\">\n<div class=\"detail-decorate-json-renderer-container\">\n<div class=\"magic-4\">\n<div class=\"magic-5\">\n<div class=\"magic-6\">\n<div class=\"magic-7\">T\u1eadp \u0111o\u00e0n truy\u1ec1n \u0111\u1ed9ng Ever-power l\u00e0 nh\u00e0 s\u1ea3n xu\u1ea5t chuy\u00ean nghi\u1ec7p c\u00e1c lo\u1ea1i x\u00edch \u0111\u1eb7c bi\u1ec7t c\u00f3 b\u01b0\u1edbc r\u0103ng l\u1edbn. Ch\u00fang t\u00f4i s\u1edf h\u1eefu d\u00e2y chuy\u1ec1n s\u1ea3n xu\u1ea5t x\u00edch ho\u00e0n ch\u1ec9nh, thi\u1ebft b\u1ecb \u0111\u01b0\u1ee3c l\u1ef1a ch\u1ecdn k\u1ef9 l\u01b0\u1ee1ng v\u00e0 quy tr\u00ecnh thi\u1ebft k\u1ebf tu\u00e2n th\u1ee7 nguy\u00ean t\u1eafc hi\u1ec7u qu\u1ea3 cao, ti\u1ebft ki\u1ec7m n\u0103ng l\u01b0\u1ee3ng v\u00e0 t\u1ef1 \u0111\u1ed9ng h\u00f3a, c\u00f9ng v\u1edbi thi\u1ebft b\u1ecb ki\u1ec3m tra hi\u1ec7n \u0111\u1ea1i, qu\u1ea3n l\u00fd doanh nghi\u1ec7p ch\u1ea5t l\u01b0\u1ee3ng cao v\u00e0 \u0111\u1ed9i ng\u0169 k\u1ef9 thu\u1eadt chuy\u00ean nghi\u1ec7p. Ch\u00fang t\u00f4i t\u1eadp trung v\u00e0o s\u1ea3n xu\u1ea5t, gia c\u00f4ng v\u00e0 kinh doanh c\u00e1c lo\u1ea1i x\u00edch truy\u1ec1n \u0111\u1ed9ng, x\u00edch \u0111\u1eb7c bi\u1ec7t, ph\u1ee5 ki\u1ec7n x\u00edch, ph\u1ee5 t\u00f9ng m\u00e1y m\u00f3c, v.v. Ch\u00fang t\u00f4i \u0111\u00e3 n\u1eafm v\u1eefng c\u00f4ng ngh\u1ec7 c\u1ed1t l\u00f5i trong s\u1ea3n xu\u1ea5t x\u00edch v\u00e0 th\u00e0nh th\u1ea1o trong kh\u00e2u gia c\u00f4ng. T\u1ea5t c\u1ea3 c\u00e1c s\u1ea3n ph\u1ea9m \u0111\u01b0\u1ee3c s\u1eed d\u1ee5ng r\u1ed9ng r\u00e3i trong c\u00e1c ng\u00e0nh c\u00f4ng nghi\u1ec7p nh\u01b0 \u0111\u01b0\u1eddng, gi\u1ea5y, xi m\u0103ng, g\u1ed7, th\u1ef1c ph\u1ea9m, khai th\u00e1c m\u1ecf, luy\u1ec7n kim v\u00e0 nhi\u1ec1u ng\u00e0nh kh\u00e1c. Ch\u00fang t\u00f4i ch\u00fa tr\u1ecdng \u0111\u1ebfn uy t\u00edn ch\u1ea5t l\u01b0\u1ee3ng s\u1ea3n ph\u1ea9m th\u00f4ng qua ch\u1ee9ng nh\u1eadn h\u1ec7 th\u1ed1ng qu\u1ea3n l\u00fd ch\u1ea5t l\u01b0\u1ee3ng IS09001:2008 v\u00e0 \u0111\u1ea1t \u0111\u01b0\u1ee3c gi\u1ea5y ph\u00e9p kinh doanh xu\u1ea5t nh\u1eadp kh\u1ea9u s\u1ea3n ph\u1ea9m v\u00e0 c\u00f4ng ngh\u1ec7 t\u1ef1 ch\u1ee7, c\u00f3 \u0111\u1ea1i l\u00fd. S\u1ea3n ph\u1ea9m c\u1ee7a ch\u00fang t\u00f4i \u0111\u01b0\u1ee3c xu\u1ea5t kh\u1ea9u \u0111\u1ebfn t\u1ea5t c\u1ea3 c\u00e1c t\u1ec9nh th\u00e0nh \u1edf Trung Qu\u1ed1c, Ch\u00e2u \u00c2u, Ch\u00e2u M\u1ef9 v\u00e0 \u0110\u00f4ng Nam \u00c1.<\/div>\n<div><\/div>\n<\/div>\n<\/div>\n<\/div>\n<\/div>\n<\/div>\n<div class=\"J_module\">\n<div class=\"icbu-pc-images magic-0\">\n<div class=\"flex-layout-v\">\n<div class=\"flex-layout-h magic-0\">\n<div class=\"magic-22\">\n<div><img loading=\"lazy\" decoding=\"async\" class=\"alignleft\" src=\"https:\/\/s.alicdn.com\/@sc04\/kf\/Hd3aecd4df0f04d2a89a804f8d6ea3680y\/200078908\/Hd3aecd4df0f04d2a89a804f8d6ea3680y.jpg?quality=close\" width=\"286\" height=\"446\" \/><\/div>\n<div><strong>1. Large bell-type intelligent annealing furnace:<\/strong><\/div>\n<div>stable and reliable annealing quality and low energy consumption<br \/>\n<strong>2. Mesh belt furnace:<\/strong><\/div>\n<div>first-class domestic mesh belt furnace heat treatment production line<br \/>\n<strong>3. Multipurpose furnace:<\/strong><\/div>\n<div>Epson multipurpose furnace provides stable and reliable heat treatment quality<br \/>\n<strong>4. ABB intelligent welding robot:<\/strong><\/div>\n<div>instead of manual completion of complex welding operations, the welding is beautiful, stable, and reliable<\/div>\n<div><\/div>\n<div><strong>5. Automatic hot riveter:<\/strong>\u00a0the self-developed automatic assembly line of welding chain can replace manual to realize automatic outcrop and hot riveting, with stable products, high precision, and high efficiency<br \/>\n<strong>6. Induction quenching equipment:<\/strong>\u00a0the self-developed semi-automatic induction quenching equipment successfully realizes selective (local) induction quenching of pin shaft and induction quenching of sprocket teeth<br \/>\n<strong>7. Programmable gantry cutting machine:<\/strong>\u00a0it has the functions of plasma cutting and flame cutting<br \/>\n<strong>8. CNC machining center:<\/strong>\u00a0CNC vertical machining center and CNC horizontal machining center, which meet the processing of high-precision molds and products<\/div>\n<\/div>\n<\/div>\n<\/div>\n<\/div>\n<\/div>","protected":false},"excerpt":{"rendered":"<p>The term “Self-tooth-forming chains” describes a type of chain that forms teeth without the aid of a syringe. They are used to prevent tooth decay. These chains are made of a combination of hardened steel slats that conform to the teeth of paired sprockets. These sprockets are made up of two pairs of cone-shaped radial-grooved wheels.<\/p>","protected":false},"featured_media":673,"comment_status":"open","ping_status":"closed","template":"","meta":{"_et_pb_use_builder":"","_et_pb_old_content":"","_et_gb_content_width":""},"product_brand":[],"product_cat":[1577],"product_tag":[],"class_list":{"0":"post-645","1":"product","2":"type-product","3":"status-publish","4":"has-post-thumbnail","6":"product_cat-drive-chain","8":"first","9":"instock","10":"shipping-taxable","11":"product-type-simple"},"_links":{"self":[{"href":"https:\/\/camelbackchain.com\/vi\/wp-json\/wp\/v2\/product\/645","targetHints":{"allow":["GET"]}}],"collection":[{"href":"https:\/\/camelbackchain.com\/vi\/wp-json\/wp\/v2\/product"}],"about":[{"href":"https:\/\/camelbackchain.com\/vi\/wp-json\/wp\/v2\/types\/product"}],"replies":[{"embeddable":true,"href":"https:\/\/camelbackchain.com\/vi\/wp-json\/wp\/v2\/comments?post=645"}],"wp:featuredmedia":[{"embeddable":true,"href":"https:\/\/camelbackchain.com\/vi\/wp-json\/wp\/v2\/media\/673"}],"wp:attachment":[{"href":"https:\/\/camelbackchain.com\/vi\/wp-json\/wp\/v2\/media?parent=645"}],"wp:term":[{"taxonomy":"product_brand","embeddable":true,"href":"https:\/\/camelbackchain.com\/vi\/wp-json\/wp\/v2\/product_brand?post=645"},{"taxonomy":"product_cat","embeddable":true,"href":"https:\/\/camelbackchain.com\/vi\/wp-json\/wp\/v2\/product_cat?post=645"},{"taxonomy":"product_tag","embeddable":true,"href":"https:\/\/camelbackchain.com\/vi\/wp-json\/wp\/v2\/product_tag?post=645"}],"curies":[{"name":"wp","href":"https:\/\/api.w.org\/{rel}","templated":true}]}}