{"id":646,"date":"2025-12-19T07:55:54","date_gmt":"2025-12-19T07:55:54","guid":{"rendered":"https:\/\/camelbackchain.com\/?post_type=product&#038;p=646"},"modified":"2025-12-22T07:14:28","modified_gmt":"2025-12-22T07:14:28","slug":"hy-vo-inverted-tooth-chains-hv6-hv8","status":"publish","type":"product","link":"https:\/\/camelbackchain.com\/vi\/san-pham\/hy-vo-inverted-tooth-chains-hv6-hv8\/","title":{"rendered":"D\u00e2y x\u00edch r\u0103ng ng\u01b0\u1ee3c Hy-Vo HV6 HV8"},"content":{"rendered":"<p style=\"text-align: center;\"><span style=\"color: #000000;\"><strong><span style=\"font-size: 24pt;\">D\u00e2y x\u00edch r\u0103ng ng\u01b0\u1ee3c Hy-Vo HV6 HV8<\/span><\/strong><\/span><\/p>\n<p>Ever power manufactures a variety of HY-VO Inverted tooth chains and has a wealth of experience in the chain drive industry. These chains are designed with inverted tooth link plates to minimize noise and vibration, while maximizing load bearing surface in each link. Additionally, they are shot peened to improve fatigue strength. Hy-Vo Inverted tooth chains are a great choice for a wide range of applications. Hy-Vo chains are also popular in motorcycles. They provide smooth operation, even at high rpm. They also have reduced chordal action, which means they can better survive tight wraps around the crankshaft. In addition, they are better suited for high-performance driving.<\/p>\n<h2><em><strong>Specifications of Hy-Vo Inverted Tooth Chains HV6 HV8<\/strong><\/em><\/h2>\n<p>HY-VO Chain is a unique type of Silent Chain. HY-VO stands for High Capacity, High Velocity, and Involute Tooth, and it is a registered trademark of Borg-Warner Automotive, Inc. Ever power can also provide this kind of drive chain.<br \/>\nIn Silent Chain, the pin and the plate rotate against each other. In HY-VO Chains, the pin is comprised of two pieces that have rotational contact. Due to the rotational contact of the pins, the wear life of the chain is increased. Also in HY-VO Chains, the contact point between the pins moves up when the chain engages the sprocket. This construction decreases chordal action, vibration, and noise.<\/p>\n<table style=\"width: 83.4449%; border-color: #000000;\" border=\"1\">\n<tbody>\n<tr>\n<td style=\"width: 9.81132%;\" rowspan=\"3\" width=\"74\"><span style=\"font-size: 8pt;\"><strong>S\u1ed1 chu\u1ed7i<\/strong><\/span><\/td>\n<td style=\"width: 5.28302%;\" width=\"38\"><span style=\"font-size: 8pt;\"><strong>S\u00e2n b\u00f3ng \u0111\u00e1<\/strong><\/span><\/td>\n<td style=\"width: 5.53459%;\" width=\"40\"><span style=\"font-size: 8pt;\"><strong>Chain width<\/strong><\/span><\/td>\n<td style=\"width: 8.1761%;\" width=\"61\"><span style=\"font-size: 8pt;\"><strong>Chi\u1ec1u d\u00e0i ch\u1ed1t<\/strong><\/span><\/td>\n<td style=\"width: 9.55975%;\" width=\"72\"><span style=\"font-size: 8pt;\"><strong>Distance from hole center to tooth<\/strong><\/span><\/td>\n<td style=\"width: 7.04403%;\" width=\"52\"><span style=\"font-size: 8pt;\"><strong>\u0110\u1ed9 s\u00e2u t\u1ea5m<\/strong><\/span><\/td>\n<td style=\"width: 7.92453%;\" width=\"54\"><span style=\"font-size: 8pt;\"><strong>\u0110\u1ed9 d\u00e0y t\u1ea5m<\/strong><\/span><\/td>\n<td style=\"width: 6.79245%;\" width=\"50\"><span style=\"font-size: 8pt;\"><strong>Guide type<\/strong><\/span><\/td>\n<td style=\"width: 6.79245%;\" width=\"39\"><span style=\"font-size: 8pt;\"><strong>Number of\u00a0 plates<\/strong><\/span><\/td>\n<td style=\"width: 10.3145%;\" width=\"78\"><span style=\"font-size: 8pt;\"><strong>\u0110\u1ed9 b\u1ec1n k\u00e9o t\u1ed1i \u0111a<\/strong><\/span><\/td>\n<td style=\"width: 9.43396%;\" width=\"71\"><span style=\"font-size: 8pt;\"><strong>\u0110\u1ed9 b\u1ec1n k\u00e9o trung b\u00ecnh<\/strong><\/span><\/td>\n<td style=\"width: 6.91824%;\" width=\"51\"><span style=\"font-size: 8pt;\"><strong>Weight per meter<\/strong><\/span><\/td>\n<\/tr>\n<tr>\n<td style=\"width: 5.28302%;\" width=\"38\"><span style=\"font-size: 8pt;\"><strong>P<\/strong><\/span><\/td>\n<td style=\"width: 5.53459%;\" width=\"40\"><span style=\"font-size: 8pt;\"><strong>b<\/strong><\/span><br \/>\n<span style=\"font-size: 8pt;\"><strong>t\u1ed1i \u0111a<\/strong><\/span><\/td>\n<td style=\"width: 8.1761%;\" width=\"61\"><span style=\"font-size: 8pt;\"><strong>L<\/strong><\/span><br \/>\n<span style=\"font-size: 8pt;\"><strong>t\u1ed1i \u0111a<\/strong><\/span><\/td>\n<td style=\"width: 9.55975%;\" width=\"72\"><span style=\"font-size: 8pt;\"><strong>h<sub>1<\/sub><\/strong><\/span><\/td>\n<td style=\"width: 7.04403%;\" width=\"52\"><span style=\"font-size: 8pt;\"><strong>h<sub>2<br \/>\n<\/sub>t\u1ed1i \u0111a<\/strong><\/span><\/td>\n<td style=\"width: 7.92453%;\" width=\"54\"><span style=\"font-size: 8pt;\"><strong>T<\/strong><\/span><\/td>\n<td style=\"width: 6.79245%;\" width=\"50\"><\/td>\n<td style=\"width: 6.79245%;\" width=\"39\"><span style=\"font-size: 8pt;\"><strong>n<\/strong><\/span><\/td>\n<td style=\"width: 10.3145%;\" width=\"78\"><span style=\"font-size: 8pt;\"><strong>Q<\/strong><\/span><br \/>\n<span style=\"font-size: 8pt;\"><strong>ph\u00fat<\/strong><\/span><\/td>\n<td style=\"width: 9.43396%;\" width=\"71\"><span style=\"font-size: 8pt;\"><strong>Q<sub>0<\/sub><\/strong><\/span><\/td>\n<td style=\"width: 6.91824%;\" width=\"51\"><span style=\"font-size: 8pt;\"><strong>q<\/strong><\/span><\/td>\n<\/tr>\n<tr>\n<td style=\"width: 5.28302%;\" width=\"38\"><span style=\"font-size: 8pt;\"><strong>mm<\/strong><\/span><\/td>\n<td style=\"width: 5.53459%;\" width=\"40\"><span style=\"font-size: 8pt;\"><strong>mm<\/strong><\/span><\/td>\n<td style=\"width: 8.1761%;\" width=\"61\"><span style=\"font-size: 8pt;\"><strong>mm<\/strong><\/span><\/td>\n<td style=\"width: 9.55975%;\" width=\"72\"><span style=\"font-size: 8pt;\"><strong>mm<\/strong><\/span><\/td>\n<td style=\"width: 7.04403%;\" width=\"52\"><span style=\"font-size: 8pt;\"><strong>mm<\/strong><\/span><\/td>\n<td style=\"width: 7.92453%;\" width=\"54\"><span style=\"font-size: 8pt;\"><strong>mm<\/strong><\/span><\/td>\n<td style=\"width: 6.79245%;\" width=\"50\"><\/td>\n<td style=\"width: 6.79245%;\" width=\"39\"><\/td>\n<td style=\"width: 10.3145%;\" width=\"78\"><span style=\"font-size: 8pt;\"><strong>kN\/lbf<\/strong><\/span><\/td>\n<td style=\"width: 9.43396%;\" width=\"71\"><span style=\"font-size: 8pt;\"><strong>kN<\/strong><\/span><\/td>\n<td style=\"width: 6.91824%;\" width=\"51\"><span style=\"font-size: 8pt;\"><strong>kg\/m<\/strong><\/span><\/td>\n<\/tr>\n<tr>\n<td style=\"width: 9.81132%;\" width=\"74\"><span style=\"font-size: 8pt;\">HV6<\/span><\/td>\n<td style=\"width: 5.28302%;\" width=\"38\"><span style=\"font-size: 8pt;\">19.05<\/span><\/td>\n<td style=\"width: 5.53459%;\" width=\"40\"><span style=\"font-size: 8pt;\">73.5<\/span><\/td>\n<td style=\"width: 8.1761%;\" width=\"61\"><span style=\"font-size: 8pt;\">81.3<\/span><\/td>\n<td style=\"width: 9.55975%;\" width=\"72\"><span style=\"font-size: 8pt;\">10.50<\/span><\/td>\n<td style=\"width: 7.04403%;\" width=\"52\"><span style=\"font-size: 8pt;\">20.90<\/span><\/td>\n<td style=\"width: 7.92453%;\" width=\"54\"><span style=\"font-size: 8pt;\">2.0<\/span><\/td>\n<td style=\"width: 6.79245%;\" width=\"50\"><span style=\"font-size: 8pt;\">Outside<\/span><\/td>\n<td style=\"width: 6.79245%;\" width=\"39\"><span style=\"font-size: 8pt;\">17\u00d718<\/span><\/td>\n<td style=\"width: 10.3145%;\" width=\"78\"><span style=\"font-size: 8pt;\">174 \/ 39100<\/span><\/td>\n<td style=\"width: 9.43396%;\" width=\"71\"><span style=\"font-size: 8pt;\">200<\/span><\/td>\n<td style=\"width: 6.91824%;\" width=\"51\"><span style=\"font-size: 8pt;\">7.4<\/span><\/td>\n<\/tr>\n<tr>\n<td style=\"width: 9.81132%;\" width=\"74\"><span style=\"font-size: 8pt;\">HV8<\/span><\/td>\n<td style=\"width: 5.28302%;\" width=\"38\"><span style=\"font-size: 8pt;\">25.40<\/span><\/td>\n<td style=\"width: 5.53459%;\" width=\"40\"><span style=\"font-size: 8pt;\">48.5<\/span><\/td>\n<td style=\"width: 8.1761%;\" width=\"61\"><span style=\"font-size: 8pt;\">56.9<\/span><\/td>\n<td style=\"width: 9.55975%;\" width=\"72\"><span style=\"font-size: 8pt;\">14.06<\/span><\/td>\n<td style=\"width: 7.04403%;\" width=\"52\"><span style=\"font-size: 8pt;\">27.74<\/span><\/td>\n<td style=\"width: 7.92453%;\" width=\"54\"><span style=\"font-size: 8pt;\">3.0<\/span><\/td>\n<td style=\"width: 6.79245%;\" width=\"50\"><span style=\"font-size: 8pt;\">Outside<\/span><\/td>\n<td style=\"width: 6.79245%;\" width=\"39\"><span style=\"font-size: 8pt;\">7\u00d78<\/span><\/td>\n<td style=\"width: 10.3145%;\" width=\"78\"><span style=\"font-size: 8pt;\">187 \/ 42022<\/span><\/td>\n<td style=\"width: 9.43396%;\" width=\"71\"><span style=\"font-size: 8pt;\">200<\/span><\/td>\n<td style=\"width: 6.91824%;\" width=\"51\"><span style=\"font-size: 8pt;\">7.0<\/span><\/td>\n<\/tr>\n<\/tbody>\n<\/table>\n<p>&nbsp;<\/p>\n<p><em style=\"color: #333333; font-size: 26px;\"><strong>Problems With Hy-Vo Inverted Tooth Chains and Sprockets<\/strong><\/em><\/p>\n<p>Hy-Vo Inverted tooth chains and sprockets are a popular choice for many applications. They are able to handle a wide range of torques, including high and low speeds. Hy-Vo chains are designed to withstand these higher speeds and have low-wearing parts.<\/p>\n<p>Hy-Vo chains have two major benefits over traditional chain designs. The first is that they are made to function smoothly at high rpms. Because of this, the Hy-Vo chain is usually chosen for applications that require high rpm. The second advantage is that the Hy-Vo chain has a lower chordal action, meaning it will survive a tight wrap around the crankshaft.<\/p>\n<p>Although the Hy-Vo chain drive is supposedly “damp” (damping is energy dissipation), it is not immune to torsional excitation. Hy-Vo’s claim ignores a more serious problem that is far more likely to cause serious injury. For example, if your engine is pulsing, the pulsing forces can cause destructive vibrations in your gears and propeller blades. Furthermore, a Hy-Vo PSRU drive’s “damping” is only exacerbated by chain wear.<\/p>\n<p>Ever-power is one of the professional chain and\u00a0sprocket suppliers in China. We offer high-quality transmission chains and sprockets at competitive prices. Contact us now if you are interested!<\/p>\n<h2><em><strong>Why Choose Ever-power\uff1f<\/strong><\/em><\/h2>\n<div class=\"J_module\">\n<div class=\"detail-decorate-json-renderer-container\">\n<div class=\"magic-4\">\n<div class=\"magic-5\">\n<div class=\"magic-6\">\n<div class=\"magic-7\">T\u1eadp \u0111o\u00e0n truy\u1ec1n \u0111\u1ed9ng Ever-power l\u00e0 nh\u00e0 s\u1ea3n xu\u1ea5t chuy\u00ean nghi\u1ec7p c\u00e1c lo\u1ea1i x\u00edch \u0111\u1eb7c bi\u1ec7t c\u00f3 b\u01b0\u1edbc r\u0103ng l\u1edbn. Ch\u00fang t\u00f4i s\u1edf h\u1eefu d\u00e2y chuy\u1ec1n s\u1ea3n xu\u1ea5t x\u00edch ho\u00e0n ch\u1ec9nh, thi\u1ebft b\u1ecb \u0111\u01b0\u1ee3c l\u1ef1a ch\u1ecdn k\u1ef9 l\u01b0\u1ee1ng v\u00e0 quy tr\u00ecnh thi\u1ebft k\u1ebf tu\u00e2n th\u1ee7 nguy\u00ean t\u1eafc hi\u1ec7u qu\u1ea3 cao, ti\u1ebft ki\u1ec7m n\u0103ng l\u01b0\u1ee3ng v\u00e0 t\u1ef1 \u0111\u1ed9ng h\u00f3a, c\u00f9ng v\u1edbi thi\u1ebft b\u1ecb ki\u1ec3m tra hi\u1ec7n \u0111\u1ea1i, qu\u1ea3n l\u00fd doanh nghi\u1ec7p ch\u1ea5t l\u01b0\u1ee3ng cao v\u00e0 \u0111\u1ed9i ng\u0169 k\u1ef9 thu\u1eadt chuy\u00ean nghi\u1ec7p. Ch\u00fang t\u00f4i t\u1eadp trung v\u00e0o s\u1ea3n xu\u1ea5t, gia c\u00f4ng v\u00e0 kinh doanh c\u00e1c lo\u1ea1i x\u00edch truy\u1ec1n \u0111\u1ed9ng, x\u00edch \u0111\u1eb7c bi\u1ec7t, ph\u1ee5 ki\u1ec7n x\u00edch, ph\u1ee5 t\u00f9ng m\u00e1y m\u00f3c, v.v. Ch\u00fang t\u00f4i \u0111\u00e3 n\u1eafm v\u1eefng c\u00f4ng ngh\u1ec7 c\u1ed1t l\u00f5i trong s\u1ea3n xu\u1ea5t x\u00edch v\u00e0 th\u00e0nh th\u1ea1o trong kh\u00e2u gia c\u00f4ng. T\u1ea5t c\u1ea3 c\u00e1c s\u1ea3n ph\u1ea9m \u0111\u01b0\u1ee3c s\u1eed d\u1ee5ng r\u1ed9ng r\u00e3i trong c\u00e1c ng\u00e0nh c\u00f4ng nghi\u1ec7p nh\u01b0 \u0111\u01b0\u1eddng, gi\u1ea5y, xi m\u0103ng, g\u1ed7, th\u1ef1c ph\u1ea9m, khai th\u00e1c m\u1ecf, luy\u1ec7n kim v\u00e0 nhi\u1ec1u ng\u00e0nh kh\u00e1c. Ch\u00fang t\u00f4i ch\u00fa tr\u1ecdng \u0111\u1ebfn uy t\u00edn ch\u1ea5t l\u01b0\u1ee3ng s\u1ea3n ph\u1ea9m th\u00f4ng qua ch\u1ee9ng nh\u1eadn h\u1ec7 th\u1ed1ng qu\u1ea3n l\u00fd ch\u1ea5t l\u01b0\u1ee3ng IS09001:2008 v\u00e0 \u0111\u1ea1t \u0111\u01b0\u1ee3c gi\u1ea5y ph\u00e9p kinh doanh xu\u1ea5t nh\u1eadp kh\u1ea9u s\u1ea3n ph\u1ea9m v\u00e0 c\u00f4ng ngh\u1ec7 t\u1ef1 ch\u1ee7, c\u00f3 \u0111\u1ea1i l\u00fd. S\u1ea3n ph\u1ea9m c\u1ee7a ch\u00fang t\u00f4i \u0111\u01b0\u1ee3c xu\u1ea5t kh\u1ea9u \u0111\u1ebfn t\u1ea5t c\u1ea3 c\u00e1c t\u1ec9nh th\u00e0nh \u1edf Trung Qu\u1ed1c, Ch\u00e2u \u00c2u, Ch\u00e2u M\u1ef9 v\u00e0 \u0110\u00f4ng Nam \u00c1.<\/div>\n<div>ch\u1ec9nh s\u1eeda b\u1edfi gzl<\/div>\n<\/div>\n<\/div>\n<\/div>\n<\/div>\n<\/div>","protected":false},"excerpt":{"rendered":"<p>The HY-VO chain, also called the Silent Chain, is a patented design that employs an inverted-tooth chain. Designed for quiet operation, this chain uses a high-efficiency rocker joint. It is also more durable than standard chain assemblies and offers increased wear performance. Hy-Vo Inverted tooth chains are silent and feature a wide range of drive ratios. They are also more cost-efficient than conventional two-mesh gear systems.<\/p>","protected":false},"featured_media":674,"comment_status":"open","ping_status":"closed","template":"","meta":{"_et_pb_use_builder":"","_et_pb_old_content":"","_et_gb_content_width":""},"product_brand":[],"product_cat":[1577],"product_tag":[],"class_list":{"0":"post-646","1":"product","2":"type-product","3":"status-publish","4":"has-post-thumbnail","6":"product_cat-drive-chain","8":"first","9":"instock","10":"shipping-taxable","11":"product-type-simple"},"_links":{"self":[{"href":"https:\/\/camelbackchain.com\/vi\/wp-json\/wp\/v2\/product\/646","targetHints":{"allow":["GET"]}}],"collection":[{"href":"https:\/\/camelbackchain.com\/vi\/wp-json\/wp\/v2\/product"}],"about":[{"href":"https:\/\/camelbackchain.com\/vi\/wp-json\/wp\/v2\/types\/product"}],"replies":[{"embeddable":true,"href":"https:\/\/camelbackchain.com\/vi\/wp-json\/wp\/v2\/comments?post=646"}],"wp:featuredmedia":[{"embeddable":true,"href":"https:\/\/camelbackchain.com\/vi\/wp-json\/wp\/v2\/media\/674"}],"wp:attachment":[{"href":"https:\/\/camelbackchain.com\/vi\/wp-json\/wp\/v2\/media?parent=646"}],"wp:term":[{"taxonomy":"product_brand","embeddable":true,"href":"https:\/\/camelbackchain.com\/vi\/wp-json\/wp\/v2\/product_brand?post=646"},{"taxonomy":"product_cat","embeddable":true,"href":"https:\/\/camelbackchain.com\/vi\/wp-json\/wp\/v2\/product_cat?post=646"},{"taxonomy":"product_tag","embeddable":true,"href":"https:\/\/camelbackchain.com\/vi\/wp-json\/wp\/v2\/product_tag?post=646"}],"curies":[{"name":"wp","href":"https:\/\/api.w.org\/{rel}","templated":true}]}}